{"id":9497,"date":"2021-09-09T08:46:59","date_gmt":"2021-09-09T11:46:59","guid":{"rendered":"https:\/\/www.sbpmat.org.br\/?page_id=9497"},"modified":"2024-02-16T15:55:33","modified_gmt":"2024-02-16T18:55:33","slug":"eleicoes-sbpmat-2021","status":"publish","type":"page","link":"https:\/\/www.sbpmat.org.br\/pt\/eleicoes-sbpmat-2021\/","title":{"rendered":"Elei\u00e7\u00f5es SBPMat 2021"},"content":{"rendered":"<p><\/p>\n<p style=\"font-weight: 400;\">Prezados S\u00f3cios da SBPMat,<\/p>\n<p style=\"font-weight: 400;\">Ap\u00f3s apurados os votos da elei\u00e7\u00e3o para a Diretoria Executiva e Membros do Conselho Deliberativo da SBPMat, a comiss\u00e3o eleitoral declara eleitos os seguintes nomes:<\/p>\n<p style=\"font-weight: 400;\"><strong>DIRETORIA EXECUTIVA<\/strong><\/p>\n<p style=\"font-weight: 400;\"><strong>Presidente:<\/strong>\u00a0M\u00f4nica Alonso Cotta (UNICAMP).<br \/>\n<strong>Diretor de Administra\u00e7\u00e3o, Finan\u00e7as e Patrim\u00f4nio:<\/strong>\u00a0Ivan Helmuth Bechtold (UFSC).<br \/>\n<strong>Diretores Cient\u00edficos:<\/strong>\u00a0I\u00eada Maria Garcia dos Santos (UFPB), Antonio Eduardo Martinelli (UFRN), Angela Burlamaqui Klautau Crispino (UFPA), Rubem Luis Sommer (CBPF), Andr\u00e9a Simone Stucchi de Camargo Alvarez Bernardez (USP \u2013 S\u00e3o Carlos).<\/p>\n<p style=\"font-weight: 400;\"><strong>MEMBROS DO CONSELHO DELIBERATIVO<\/strong><\/p>\n<ul>\n<li style=\"font-weight: 400;\">Ana Fl\u00e1via Nogueira \u2013 UNICAMP &#8211; Titular<\/li>\n<li style=\"font-weight: 400;\">Elson Longo \u2013 UFSCar &#8211; Titular<\/li>\n<\/ul>\n<p style=\"font-weight: 400;\">Os suplentes eleitos s\u00e3o:<\/p>\n<ul>\n<li style=\"font-weight: 400;\">Pedro Augusto de Paula Nascente \u2013 UFSCar &#8211; Suplente<\/li>\n<li style=\"font-weight: 400;\">Julio Ricardo Sambrano \u2013 UNESP &#8211; Suplente<\/li>\n<\/ul>\n<p style=\"font-weight: 400;\">Desejamos \u00e0 nova Diretoria sucesso em sua futura administra\u00e7\u00e3o.<\/p>\n<p style=\"font-weight: 400;\">PS: Informa\u00e7\u00f5es detalhadas sobre a vota\u00e7\u00e3o encontram-se\u00a0<strong><a href=\"https:\/\/www.sbpmat.org.br\/socios\/rescedula_eleicoes.php\" target=\"_blank\" rel=\"noopener\" data-saferedirecturl=\"https:\/\/www.google.com\/url?q=https:\/\/www.sbpmat.org.br\/socios\/rescedula_eleicoes.php&amp;source=gmail&amp;ust=1640178078034000&amp;usg=AOvVaw2xb4kLWlDxFnUk2clBJVIh\">neste relat\u00f3rio<\/a><\/strong>.<\/p>\n<p style=\"font-weight: 400;\">Atenciosamente,<\/p>\n<p style=\"font-weight: 400;\">Comiss\u00e3o Eleitoral<\/p>\n<p style=\"font-weight: 400;\">Laura O. P\u00e9res \/ Daniel E. Weibel \/ Nathalia B. Lima<\/p>\n<hr \/>\n<p style=\"font-weight: 400;\">Prezados S\u00f3cios da SBPMat,<\/p>\n<p>Estamos disponibilizando o plano de a\u00e7\u00e3o da chapa \u00fanica que participa da elei\u00e7\u00e3o da nova Diretoria Executiva da Sociedade. O arquivo pode ser acessado <a href=\"https:\/\/www.sbpmat.org.br\/site\/wp-content\/uploads\/2021\/09\/proposta-chapa-SBPMat-2022-2024.pdf\">aqui.<\/a><\/p>\n<p>Al\u00e9m disso, divulgamos abaixo os candidatos que mostraram interesse em serem votados para o Conselho Deliberativo:<\/p>\n<ul>\n<li>Ana Fl\u00e1via Nogueira &#8211; UNICAMP<\/li>\n<li>Carlos Roberto Grandini &#8211; UNESP<\/li>\n<li>Diana Finkler &#8211; Serall Veda\u00e7\u00f5es<\/li>\n<li>Elson Longo &#8211; UFSCar<\/li>\n<li>Julio Ricardo Sambrano &#8211; UNESP<\/li>\n<li>Manuel H. Lente &#8211; UNIFESP<\/li>\n<li>Pedro Augusto de Paula Nascente &#8211; UFSCar<\/li>\n<li>Sydney Ferreira Santos &#8211; UFABC<\/li>\n<li>Thebano Emilio de Almeida Santos &#8211; Centro de Tecnologia da Informa\u00e7\u00e3o Renato Archer.<\/li>\n<\/ul>\n<p>Lembramos que a vota\u00e7\u00e3o ocorrer\u00e1 de 01\/12 a 14\/12\/2021.<\/p>\n<p>Atenciosamente<\/p>\n<p>Comiss\u00e3o Eleitoral<br \/>\nLaura O. P\u00e9res \/ Daniel E. Weibel \/ Nathalia B. Lima<\/p>\n<hr \/>\n<p style=\"font-weight: 400;\">A comiss\u00e3o eleitoral (Laura O. P\u00e9res \/ Daniel E. Weibel \/ Nathalia B. Lima) disponibiliza a proposta de programa elaborada pela chapa candidata \u00e0 Diretoria Executiva. Veja o documento <a href=\"https:\/\/www.sbpmat.org.br\/site\/wp-content\/uploads\/2021\/09\/proposta-chapa-SBPMat-2022-2024.pdf\"><strong>aqui<\/strong><\/a>.<\/p>\n<hr \/>\n<p style=\"font-weight: 400;\">Prezados S\u00f3cios da SBPMat,<\/p>\n<p style=\"font-weight: 400;\">Em reuni\u00e3o realizada no dia\u00a0<strong>22\/10\/2021<\/strong>, foi homologada a chapa candidata \u00e0 Diretoria abaixo:<\/p>\n<p style=\"font-weight: 400;\"><strong>Presidente:<\/strong>\u00a0M\u00f4nica Alonso Cotta (UNICAMP).<br \/>\n<strong>Diretor de Administra\u00e7\u00e3o, Finan\u00e7as e Patrim\u00f4nio:<\/strong>\u00a0Ivan Helmuth Bechtold (UFSC).<br \/>\n<strong>Diretores Cient\u00edficos:<\/strong>\u00a0I\u00eada Maria Garcia dos Santos (UFPB), Antonio Eduardo Martinelli (UFRN), Angela Burlamaqui Klautau Crispino (UFPA), Rubem Luis Sommer (CBPF), Andr\u00e9a Simone Stucchi de Camargo Alvarez Bernardez (USP &#8211; S\u00e3o Carlos).<\/p>\n<p style=\"font-weight: 400;\">A divulga\u00e7\u00e3o do plano de a\u00e7\u00e3o da chapa candidata \u00e0 diretoria ocorrer\u00e1 at\u00e9 o dia 22\/11\/2021 atrav\u00e9s do site da SBPMat (<u><a href=\"http:\/\/email.eventweb.com.br\/wf\/click?upn=soh5Xsc-2FKJklJEZhyE8tjlMqIlo8u9xsX2unlYG-2BnX4-3D_zNWnIHgAbNI-2BYYZzK9kEHJGFIyQB7PX3ZfC1dwPswWCE5F-2BjGaWeQu7kl9NymOzLTKywKPWJ4vCfJ5QAvxoOaETKMwW7tIMxPCrxckNdSVJbe7QI1p4ntXAt1L0FbetAfrzHPB-2FTgVxcroln9QfMrPhf1n4CZHUxjCILyaz3AAgfxLNHJKj5XJJd2YGOi9aD8RulPdt4NSY38TY3EUyK1ZpkQTxHWnaZUZP3MS-2FeKiBUXyFLV1CoCds55lyFjFvgKc-2FbrOUbVMzbHxxnMEaMez04d63gdEC1rxD-2FBrGcQqEoUpKUzrJbITjY8Uduzsdr8lCBzQG3SHe0M-2FxaTTw9jEeqouohXRtI4ik8j-2BKE3SpIn0ipYgzP859f9JiFLL8pl4bRhq4FMdFXlw-2BFg10vSDApIzYUf-2Fsxq4JBNWU5rekLmdjpWlu0jzFeqoZW8z3KIRRCCYIfDt9pyGW7DWzWAw-3D-3D\" data-saferedirecturl=\"https:\/\/www.google.com\/url?q=http:\/\/email.eventweb.com.br\/wf\/click?upn%3Dsoh5Xsc-2FKJklJEZhyE8tjlMqIlo8u9xsX2unlYG-2BnX4-3D_zNWnIHgAbNI-2BYYZzK9kEHJGFIyQB7PX3ZfC1dwPswWCE5F-2BjGaWeQu7kl9NymOzLTKywKPWJ4vCfJ5QAvxoOaETKMwW7tIMxPCrxckNdSVJbe7QI1p4ntXAt1L0FbetAfrzHPB-2FTgVxcroln9QfMrPhf1n4CZHUxjCILyaz3AAgfxLNHJKj5XJJd2YGOi9aD8RulPdt4NSY38TY3EUyK1ZpkQTxHWnaZUZP3MS-2FeKiBUXyFLV1CoCds55lyFjFvgKc-2FbrOUbVMzbHxxnMEaMez04d63gdEC1rxD-2FBrGcQqEoUpKUzrJbITjY8Uduzsdr8lCBzQG3SHe0M-2FxaTTw9jEeqouohXRtI4ik8j-2BKE3SpIn0ipYgzP859f9JiFLL8pl4bRhq4FMdFXlw-2BFg10vSDApIzYUf-2Fsxq4JBNWU5rekLmdjpWlu0jzFeqoZW8z3KIRRCCYIfDt9pyGW7DWzWAw-3D-3D&amp;source=gmail&amp;ust=1635514163571000&amp;usg=AFQjCNEtwjhDErIMdv5EmkPYC0RGSNUwWg\">www.sbpmat.org.br<\/a><\/u>) e por meio de e-mail enviado aos s\u00f3cios.<\/p>\n<p style=\"font-weight: 400;\">Gostar\u00edamos de lembrar que a inscri\u00e7\u00e3o para o Conselho Deliberativo ainda est\u00e1 aberta at\u00e9 o dia 15\/11\/2021. Para tanto mande sua candidatura para o email:\u00a0<a href=\"mailto:eleicoes2021@sbpmat.org.br\">eleicoes2021@sbpmat.org.br<\/a><\/p>\n<p style=\"font-weight: 400;\">\u00a0Atenciosamente<\/p>\n<p style=\"font-weight: 400;\">Comiss\u00e3o Eleitoral<\/p>\n<p style=\"font-weight: 400;\">Laura O. P\u00e9res \/ Daniel E. Weibel \/ Nathalia B. Lima<\/p>\n<hr \/>\n<p>Prezados S\u00f3cios da Sociedade Brasileira de Pesquisa em Materiais (SBPMat)<br \/>\nNeste ano ocorrer\u00e3o as elei\u00e7\u00f5es para a Diretoria Executiva e para o Conselho Deliberativo da SBPMat.<\/p>\n<p><strong>Das candidaturas:<\/strong><br \/>\nCada chapa candidata \u00e0 Diretoria Executiva dever\u00e1 conter 7 (sete) nomes para os seguintes cargos:<br \/>\n\u2022 Presidente (01 vaga)<br \/>\n\u2022 Diretor de Administra\u00e7\u00e3o, Finan\u00e7as e Patrim\u00f4nio (01 vaga)<br \/>\n\u2022 Diretores Cient\u00edficos (05 vagas)<br \/>\nA Comiss\u00e3o tamb\u00e9m informa que ser\u00e3o eleitos para o Conselho Deliberativo:<br \/>\n\u2022 2 (dois) Conselheiros Titulares<br \/>\n\u2022 2 (dois) Conselheiros Suplentes (o terceiro e o quarto nome mais votados)<br \/>\nOs dois Conselheiros Suplentes, respeitando a ordem de classifica\u00e7\u00e3o eleitoral, ser\u00e3o os suplentes dos Conselheiros Titulares, com mandato de 2022 a 2026.<br \/>\nTodos os s\u00f3cios em situa\u00e7\u00e3o regular s\u00e3o eleg\u00edveis ao Conselho Deliberativo e podem se candidatar. A Comiss\u00e3o Eleitoral se encarregar\u00e1 de divulgar a lista de s\u00f3cios com interesse a serem candidatos ao Conselho.<br \/>\nOs s\u00f3cios em situa\u00e7\u00e3o regular poder\u00e3o votar em uma das chapas candidatas \u00e0 Diretoria e em at\u00e9 4 (quatro) nomes para eleger os Conselheiros Titulares e os Suplentes.<\/p>\n<p><strong>Das inscri\u00e7\u00f5es:<\/strong><br \/>\nAs inscri\u00e7\u00f5es dever\u00e3o acontecer, via email (<a href=\"mailto:eleicoes2021@sbpmat.org.br\">eleicoes2021@sbpmat.org.br<\/a>) at\u00e9 o dia 15\/10\/2021 para as chapas \u00e0 Diretoria e at\u00e9 o dia 15\/11\/2021 para o conselho.<\/p>\n<p><strong>O calend\u00e1rio:<\/strong><\/p>\n<p style=\"font-weight: 400;\">\n<style>\n.calendar > tbody > tr > td {<br \/>padding: 0px 5px;<br \/>}<br \/><\/style>\n<\/p>\n<table class=\"calendar\" border=\"1\" width=\"100%\">\n<tbody>\n<tr>\n<td><\/td>\n<td>Data Inicial<\/td>\n<td>Data Final<\/td>\n<td>Procedimento<\/td>\n<\/tr>\n<tr>\n<td>Prazo para regulariza\u00e7\u00e3o da situa\u00e7\u00e3o dos s\u00f3cios<\/td>\n<td><\/td>\n<td>06\/12\/2021<\/td>\n<td>Atrav\u00e9s do portal da SBPMat<br \/>\n<a href=\"http:\/\/www.sbpmat.org.br\">www.sbpmat.org.br<\/a><\/td>\n<\/tr>\n<tr>\n<td>Inscri\u00e7\u00e3o Chapas para Diretoria<\/td>\n<td>De 20\/09\/2021<\/td>\n<td>At\u00e9 15\/10\/2021<\/td>\n<td>Somente pelo email<br \/>\n<a href=\"mailto:eleicoes2021@sbpmat.org.br\">eleicoes2021@sbpmat.org.br<\/a><\/td>\n<\/tr>\n<tr>\n<td>Inscri\u00e7\u00e3o para Conselho<\/td>\n<td>De 20\/09\/2021<\/td>\n<td>At\u00e9 15\/11\/2021<\/td>\n<td>Somente pelo email<br \/>\n<a href=\"mailto:eleicoes2021@sbpmat.org.br\">eleicoes2021@sbpmat.org.br<\/a><\/td>\n<\/tr>\n<tr>\n<td>Homologa\u00e7\u00e3o das inscri\u00e7\u00f5es das Chapas<\/td>\n<td><\/td>\n<td>At\u00e9 22\/10\/2021<\/td>\n<td>Conselho da SBPMat<\/td>\n<\/tr>\n<tr>\n<td>Divulga\u00e7\u00e3o dos planos de a\u00e7\u00e3o<br \/>\ndas chapas \u00e0 Diretoria<\/td>\n<td>22\/11\/2021<\/td>\n<td><\/td>\n<td>Atrav\u00e9s do portal da SBPMat e por email <a href=\"http:\/\/www.sbpmat.org.br\">www.sbpmat.org.br<\/a><\/td>\n<\/tr>\n<tr>\n<td>Divulga\u00e7\u00e3o da lista de candidatos<br \/>\nao Conselho que declararam interesse<\/td>\n<td>22\/11\/2021<\/td>\n<td><\/td>\n<td>Atrav\u00e9s do portal da SBPMat e por email <a href=\"http:\/\/www.sbpmat.org.br\">www.sbpmat.org.br<\/a><\/td>\n<\/tr>\n<tr>\n<td>Elei\u00e7\u00e3o<\/td>\n<td>01\/12\/2021<\/td>\n<td>14\/12\/2021<\/td>\n<td>Atrav\u00e9s do portal da SBPMat <a href=\"http:\/\/www.sbpmat.org.br\">www.sbpmat.org.br<\/a><\/td>\n<\/tr>\n<tr>\n<td>Divulga\u00e7\u00e3o dos resultados<\/td>\n<td>17\/12\/2021<\/td>\n<td><\/td>\n<td>Atrav\u00e9s do portal da SBPMat e por email <a href=\"http:\/\/www.sbpmat.org.br\">www.sbpmat.org.br<\/a><\/td>\n<\/tr>\n<\/tbody>\n<\/table>\n<p>A Comiss\u00e3o Eleitoral estimula aos s\u00f3cios da SBPMat a apresentar inscri\u00e7\u00f5es de chapas para a Diretoria e declarar interesse a serem votados para o Conselho Deliberativo.<br \/>\nComiss\u00e3o eleitoral<br \/>\nLaura Oliveira P\u00e9res Philadelphi<br \/>\nDaniel Eduardo Weibel<br \/>\nNathalia Bezerra de Lima<\/p>","protected":false},"excerpt":{"rendered":"<p>Prezados S\u00f3cios da SBPMat, Ap\u00f3s apurados os votos da elei\u00e7\u00e3o para a Diretoria Executiva e Membros do Conselho Deliberativo da SBPMat, a comiss\u00e3o eleitoral declara eleitos os seguintes nomes: DIRETORIA EXECUTIVA Presidente:\u00a0M\u00f4nica Alonso Cotta (UNICAMP). Diretor de Administra\u00e7\u00e3o, Finan\u00e7as e Patrim\u00f4nio:\u00a0Ivan Helmuth Bechtold (UFSC). Diretores Cient\u00edficos:\u00a0I\u00eada Maria Garcia dos Santos (UFPB), Antonio Eduardo Martinelli (UFRN), [&hellip;]<\/p>\n","protected":false},"author":1,"featured_media":0,"parent":0,"menu_order":0,"comment_status":"closed","ping_status":"closed","template":"","meta":{"footnotes":""},"_links":{"self":[{"href":"https:\/\/www.sbpmat.org.br\/pt\/wp-json\/wp\/v2\/pages\/9497"}],"collection":[{"href":"https:\/\/www.sbpmat.org.br\/pt\/wp-json\/wp\/v2\/pages"}],"about":[{"href":"https:\/\/www.sbpmat.org.br\/pt\/wp-json\/wp\/v2\/types\/page"}],"author":[{"embeddable":true,"href":"https:\/\/www.sbpmat.org.br\/pt\/wp-json\/wp\/v2\/users\/1"}],"replies":[{"embeddable":true,"href":"https:\/\/www.sbpmat.org.br\/pt\/wp-json\/wp\/v2\/comments?post=9497"}],"version-history":[{"count":18,"href":"https:\/\/www.sbpmat.org.br\/pt\/wp-json\/wp\/v2\/pages\/9497\/revisions"}],"predecessor-version":[{"id":10687,"href":"https:\/\/www.sbpmat.org.br\/pt\/wp-json\/wp\/v2\/pages\/9497\/revisions\/10687"}],"wp:attachment":[{"href":"https:\/\/www.sbpmat.org.br\/pt\/wp-json\/wp\/v2\/media?parent=9497"}],"curies":[{"name":"wp","href":"https:\/\/api.w.org\/{rel}","templated":true}]}}