{"id":83,"date":"2012-03-10T13:29:03","date_gmt":"2012-03-10T16:29:03","guid":{"rendered":"http:\/\/sbpmat.org.br\/site\/?page_id=83"},"modified":"2024-02-16T15:35:37","modified_gmt":"2024-02-16T18:35:37","slug":"ata-de-constituicao","status":"publish","type":"page","link":"https:\/\/www.sbpmat.org.br\/pt\/ata-de-constituicao\/","title":{"rendered":"Ata de constitui\u00e7\u00e3o"},"content":{"rendered":"<p>Aos vinte seis dias do m\u00eas de junho de 2001, em Assembl\u00e9ia Geral de Constitui\u00e7\u00e3o, os s\u00f3cios-fundadores da Sociedade Brasileira de Pesquisa em Materiais, SBPMat, reuniram-se no Audit\u00f3rio do RioDatacentro da PUC-Rio.<\/p>\n<p>A mesa que conduziu a discuss\u00e3o foi presidida por Guillermo Sol\u00f3rzano (PUC-Rio) e constitu\u00edda por Fernando L\u00e1zaro Freire Junior (PUC-Rio), Elisa Baggio Saitovich (CBPF), Moni Behar (UFRGS) e Jos\u00e9 Arana Varela (UNESP). Nesta oportunidade decidiram culminar a discuss\u00e3o que vinha ocorrendo desde abril de 2001 e instituir a sociedade denominada Sociedade Brasileira de Pesquisa em Materiais, SBPMat. A discuss\u00e3o sobre a cria\u00e7\u00e3o da SBPMat foi intensificada ao longo do ano passado por correio eletr\u00f4nico, atrav\u00e9s de uma extensa s\u00e9rie de reuni\u00f5es em todo pa\u00eds, a saber:<\/p>\n<ul>\n<li>Encontro de F\u00edsica da Mat\u00e9ria Condensada, S\u00e3o Loren\u00e7o, MG, Maio 2000<\/li>\n<li>PUC-RIO, Rio de Janeiro, 28 de Agosto de 2000<\/li>\n<li>IPEN, S\u00e3o Paulo, 30 de Agosto de 2000<\/li>\n<li>UFMG, Belo Horizonte, MG, 01 de Setembro de 2000<\/li>\n<li>Congresso &#8220;Ion Beam Modification of Materials, Canela, RS, 07 de Setembro de 2000<\/li>\n<li>UFSC, Florian\u00f3polis, SC, 11 de Setembro de 2000<\/li>\n<li>Congresso &#8220;SULAMT:, Joinville, SC, 13 de Setembro de 2000<\/li>\n<li>UFSCar, S\u00e3o Carlos, SP, 22 de Setembro de 2000<\/li>\n<li>UFPR, Curitiba, PR, 26 de Novembro de 2000<\/li>\n<li>Congresso CBECIMAT, S\u00e3o Pedro, SC, 04 de Dezembro de 2000<\/li>\n<\/ul>\n<p>Em decorr\u00eancia destas reuni\u00f5es, houve a manifesta\u00e7\u00e3o de centenas de ades\u00f5es, de todo o pa\u00eds, \u00e0 iniciativa de fundar a SBPMat, principalmente por correio eletr\u00f4nico. Nesta perspectiva, foi constitu\u00edda uma Comiss\u00e3o Pro-Tempore Interdisciplinar que elaborou os estatutos da SBPMat, a mesma que foi tornada p\u00fablica entre os interessados, tamb\u00e9m por correio eletr\u00f4nico, anterior a convoca\u00e7\u00e3o da presente assembl\u00e9ia.<\/p>\n<p>Em virtude da impossibilidade do comparecimento de todos os pesquisadores interessados em participarem como s\u00f3cios-fundadores da SBPMat, os votos recebidos por correio eletr\u00f4nico at\u00e9 30\/06\/01 s\u00e3o incorporados \u00e0 presente ata de constitui\u00e7\u00e3o. Ao concluir a assembl\u00e9ia de corpo presente, \u00e0s 17h, no dia 26\/06, no audit\u00f3rio do RDC, na PUC-Rio, decidiu-se aprovar os Estatutos apresentados e aqui constantes em anexo, assim como de aprovar a constitui\u00e7\u00e3o de um conselho diretivo provis\u00f3rio constitu\u00eddo por Aldo Craievich (USP), Fernando Galembek (UNICAMP), Edgar Zanotto (UFScar), S\u00e9rgio Resende (UFPe), Alo\u00edsio Klein (UFSC), Angelo Padilha (USP), Elson Longo (UFSCar), Wander Vasconcelos (UFMG) e Evando Mirra (CNPq) e uma Diretoria Provis\u00f3ria presidida por Guillermo Sol\u00f3rzano (PUC-Rio) e constitu\u00edda por, Fernando L\u00e1zaro (PUC-Rio), Roberto Villas Boas(CETEM), Elisa Baggio Saitovich (CBPF), Moni Behar (UFRGS) e Jos\u00e9 Varana Varella (UNESP). Todos os nomes acima indicados fazem parte da Comiss\u00e3o Pro-Tempore original.<\/p>\n<p>A fun\u00e7\u00e3o dessa diretoria provis\u00f3ria ser\u00e1, justamente, de registrar a sociedade, efetivar a filia\u00e7\u00e3o dos membros e convocar elei\u00e7\u00f5es universais, por voto postal, conforme reza o estatuto, em um per\u00edodo proposto em consenso com o conselho provis\u00f3rio da SBPMat. Esta diretoria dever\u00e1 tamb\u00e9m se engajar em a\u00e7\u00f5es que ajudem a consolidar a SBPMat, avan\u00e7ar mecanismos que visem seu crescimento, e organizar as atividades que j\u00e1 t\u00eam sido germinadas no \u00faltimo ano. Destaca-se na presente ata o incentivo recebido por parte de organismos federais (CNPq) e estaduais (SECT-RJ) de Ci\u00eancia e Tecnologia, de sociedades cient\u00edficas nacionais, notadamente a Sociedade Brasileira de Metrologia (SBM), assim como sociedades internacionais de pesquisa em materiais, notadamente MRS (EUA) e E-MRS (Europa).<\/p>\n","protected":false},"excerpt":{"rendered":"<p>Aos vinte seis dias do m\u00eas de junho de 2001, em Assembl\u00e9ia Geral de Constitui\u00e7\u00e3o, os s\u00f3cios-fundadores da Sociedade Brasileira de Pesquisa em Materiais, SBPMat, reuniram-se no Audit\u00f3rio do RioDatacentro da PUC-Rio. A mesa que conduziu a discuss\u00e3o foi presidida por Guillermo Sol\u00f3rzano (PUC-Rio) e constitu\u00edda por Fernando L\u00e1zaro Freire Junior (PUC-Rio), Elisa Baggio Saitovich [&hellip;]<\/p>\n","protected":false},"author":1,"featured_media":0,"parent":0,"menu_order":0,"comment_status":"closed","ping_status":"closed","template":"","meta":{"footnotes":""},"_links":{"self":[{"href":"https:\/\/www.sbpmat.org.br\/pt\/wp-json\/wp\/v2\/pages\/83"}],"collection":[{"href":"https:\/\/www.sbpmat.org.br\/pt\/wp-json\/wp\/v2\/pages"}],"about":[{"href":"https:\/\/www.sbpmat.org.br\/pt\/wp-json\/wp\/v2\/types\/page"}],"author":[{"embeddable":true,"href":"https:\/\/www.sbpmat.org.br\/pt\/wp-json\/wp\/v2\/users\/1"}],"replies":[{"embeddable":true,"href":"https:\/\/www.sbpmat.org.br\/pt\/wp-json\/wp\/v2\/comments?post=83"}],"version-history":[{"count":13,"href":"https:\/\/www.sbpmat.org.br\/pt\/wp-json\/wp\/v2\/pages\/83\/revisions"}],"predecessor-version":[{"id":5761,"href":"https:\/\/www.sbpmat.org.br\/pt\/wp-json\/wp\/v2\/pages\/83\/revisions\/5761"}],"wp:attachment":[{"href":"https:\/\/www.sbpmat.org.br\/pt\/wp-json\/wp\/v2\/media?parent=83"}],"curies":[{"name":"wp","href":"https:\/\/api.w.org\/{rel}","templated":true}]}}