{"id":81,"date":"2012-04-10T13:28:46","date_gmt":"2012-04-10T16:28:46","guid":{"rendered":"http:\/\/sbpmat.org.br\/site\/?page_id=81"},"modified":"2026-02-26T14:58:31","modified_gmt":"2026-02-26T17:58:31","slug":"diretoria-e-conselho","status":"publish","type":"page","link":"https:\/\/www.sbpmat.org.br\/pt\/diretoria-e-conselho\/","title":{"rendered":"Diretorias e conselhos"},"content":{"rendered":"<p><\/p>\n<h2>2026 &#8211; 2027<\/h2>\n<h2><strong>Presidente<\/strong><\/h2>\n<p><strong><a href=\"https:\/\/www.sbpmat.org.br\/site\/wp-content\/uploads\/2024\/01\/ivan.jpg\"><img loading=\"lazy\" decoding=\"async\" class=\"alignright size-full wp-image-10640\" src=\"https:\/\/www.sbpmat.org.br\/site\/wp-content\/uploads\/2024\/01\/ivan.jpg\" alt=\"\" width=\"150\" height=\"150\" \/><\/a>Ivan Helmuth Bechtold<\/strong>. Professor titular na\u00a0<strong>Universidade Federal de Santa Catarina<\/strong>\u00a0(UFSC). Atua no estudo de sistemas org\u00e2nicos e h\u00edbridos voltados para aplica\u00e7\u00f5es em dispositivos optoeletr\u00f4nicos como OLEDs , OFETs, OPVs e biossensores. Bolsista de produtividade em pesquisa do CNPq \u2013 n\u00edvel 1C. Bacharel em F\u00edsica pela UFSC (1997), com mestrado (2000) e doutorado em F\u00edsica (2004) pela USP. Na SBPMat, foi diretor cient\u00edfico (2019 a 2021), diretor financeiro (2022 a 2023) e presidente (2024 a 2025). Foi representante da Sociedade Iberoamericana de Fluidos Complexos na Sociedade Internacional de Cristais L\u00edquidos (ILCS) de 2020 a 2024. Foi coordenador do Programa de P\u00f3s-Gradua\u00e7\u00e3o em F\u00edsica da UFSC de 2015 a 2021.<\/p>\n<hr \/>\n<h2><strong>Diretora de Administra\u00e7\u00e3o, Finan\u00e7as e Patrim\u00f4nio<\/strong><\/h2>\n<p><strong><a href=\"https:\/\/www.sbpmat.org.br\/site\/wp-content\/uploads\/2012\/04\/ieda.jpg\"><img loading=\"lazy\" decoding=\"async\" class=\"alignleft size-thumbnail wp-image-8361\" src=\"https:\/\/www.sbpmat.org.br\/site\/wp-content\/uploads\/2012\/04\/ieda-150x150.jpg\" alt=\"\" width=\"150\" height=\"150\" srcset=\"https:\/\/www.sbpmat.org.br\/site\/wp-content\/uploads\/2012\/04\/ieda-150x150.jpg 150w, https:\/\/www.sbpmat.org.br\/site\/wp-content\/uploads\/2012\/04\/ieda.jpg 161w\" sizes=\"(max-width: 150px) 100vw, 150px\" \/><\/a>Ieda Maria Garcia dos Santos<\/strong>. Professora titular da\u00a0<strong>Universidade Federal da Para\u00edba<\/strong>\u00a0(UFPB). Atua na s\u00edntese de \u00f3xidos por m\u00e9todos qu\u00edmicos e sua aplica\u00e7\u00e3o em processos de cat\u00e1lise para produ\u00e7\u00e3o de combust\u00edveis e remedia\u00e7\u00e3o ambiental por fotocat\u00e1lise, com foco em contaminantes emergentes. Bolsista de produtividade em pesquisa do CNPq \u2013 n\u00edvel 1C. Engenheira de materiais (1994) com mestrado (1997) e doutorado (2000) em Qu\u00edmica pela UFSCar. \u00c9 membro, no CNPq, do Comit\u00ea de Assessoramento de Engenharia de Minas e de Metal\u00fargica e Materiais. Na SBPMat, cumpriu cinco mandatos como diretora cient\u00edfica e dois como diretora financeira, al\u00e9m de coordenar o XII B-MRS Meeting, realizado em Jo\u00e3o Pessoa em 2014.<\/p>\n<hr \/>\n<h2><strong>Diretores cient\u00edficos<\/strong><\/h2>\n<p><strong><a href=\"https:\/\/www.sbpmat.org.br\/site\/wp-content\/uploads\/2026\/01\/ana-sofia.jpeg\"><img loading=\"lazy\" decoding=\"async\" class=\"alignleft size-thumbnail wp-image-11307\" src=\"https:\/\/www.sbpmat.org.br\/site\/wp-content\/uploads\/2026\/01\/ana-sofia-150x150.jpeg\" alt=\"\" width=\"150\" height=\"150\" \/><\/a>Ana Sofia Cl\u00edmaco Monteiro D\u2019Oliveira<\/strong><strong>. <\/strong>Professora titular da\u00a0<strong>Universidade Federal do Paran\u00e1<\/strong>\u00a0(UFPR). Atua no estudo de materiais avan\u00e7ados, principalmente visando a sua aplica\u00e7\u00e3o na fabrica\u00e7\u00e3o e no revestimento de componentes mec\u00e2nicos expostos a altas temperaturas de servi\u00e7o. Bolsista de produtividade em pesquisa do CNPq \u2013 n\u00edvel 1D. Engenheira Metal\u00fargica e de Materiais pela Universidade T\u00e9cnica de Lisboa, Portugal (1989) com doutorado em Metalurgia e Materiais pela Universidade de Birmingham, Reino Unido (1993). Na UFPR, foi coordenadora dos programas de p\u00f3s-gradua\u00e7\u00e3o em Ci\u00eancia e Engenharia de Materiais e em Engenharia Mec\u00e2nica e coordenadora de Pesquisa e Desenvolvimento da Ci\u00eancia e Tecnologia de 2017 a 2024.<\/p>\n<p><strong><a href=\"https:\/\/www.sbpmat.org.br\/site\/wp-content\/uploads\/2026\/01\/felipe.jpg\"><img loading=\"lazy\" decoding=\"async\" class=\"alignright size-thumbnail wp-image-11308\" src=\"https:\/\/www.sbpmat.org.br\/site\/wp-content\/uploads\/2026\/01\/felipe-150x150.jpg\" alt=\"\" width=\"150\" height=\"150\" srcset=\"https:\/\/www.sbpmat.org.br\/site\/wp-content\/uploads\/2026\/01\/felipe-150x150.jpg 150w, https:\/\/www.sbpmat.org.br\/site\/wp-content\/uploads\/2026\/01\/felipe-300x300.jpg 300w, https:\/\/www.sbpmat.org.br\/site\/wp-content\/uploads\/2026\/01\/felipe-1024x1024.jpg 1024w, https:\/\/www.sbpmat.org.br\/site\/wp-content\/uploads\/2026\/01\/felipe-768x768.jpg 768w, https:\/\/www.sbpmat.org.br\/site\/wp-content\/uploads\/2026\/01\/felipe-1536x1536.jpg 1536w, https:\/\/www.sbpmat.org.br\/site\/wp-content\/uploads\/2026\/01\/felipe.jpg 1600w\" sizes=\"(max-width: 150px) 100vw, 150px\" \/><\/a>Felipe Bohn. <\/strong>Professor titular da\u00a0<strong>Universidade Federal do Rio Grande do Norte<\/strong>\u00a0(UFRN). Atua na \u00e1rea de materiais magn\u00e9ticos nanoestruturados, din\u00e2mica de magnetiza\u00e7\u00e3o e spintr\u00f4nica, envolvendo t\u00e9cnicas experimentais, modelagem te\u00f3rica e simula\u00e7\u00f5es. Bolsista de produtividade em pesquisa do CNPq \u2013 n\u00edvel B. \u00c9 editor associado do IEEE Transactions on Magnetics. \u00c9 membro eleito do comit\u00ea administrativo 2025 \u2013 2027 da IEEE Magnetics Society. Bacharel (2003), mestre (2005) e doutor (2009) em F\u00edsica pela Universidade Federal de Santa Maria (UFSM). Foi coordenador do Programa de P\u00f3s-Gradua\u00e7\u00e3o em F\u00edsica da UFRN de 2019 a 2023.<\/p>\n<p><a href=\"https:\/\/www.sbpmat.org.br\/site\/wp-content\/uploads\/2024\/01\/ingrid-1.jpeg\"><img loading=\"lazy\" decoding=\"async\" class=\"alignleft size-full wp-image-10641\" src=\"https:\/\/www.sbpmat.org.br\/site\/wp-content\/uploads\/2024\/01\/ingrid-1.jpeg\" alt=\"\" width=\"150\" height=\"150\" \/><\/a><\/p>\n<p><strong>Ingrid T\u00e1vora Weber<\/strong>. Professora associada da\u00a0<strong>Universidade de Bras\u00edlia<\/strong> (UnB). Atua na \u00e1rea de materiais luminescentes e fotoativos para aplica\u00e7\u00f5es ambientais e forenses. Bolsista de produtividade em pesquisa do CNPq \u2013 n\u00edvel 2. Bacharel em Qu\u00edmica UFPE (1997) com mestrado em Qu\u00edmica (1999) e doutorado em Qu\u00edmica (2002) pela UFSCar. Na UnB, \u00e9 membro do Laborat\u00f3rio de pesquisa em Jogos e Atividades L\u00fadicas no Ensino de Qu\u00edmica (LUDEQ). Foi professora adjunta na UFPE entre 2006 e 2010. Foi coordenadora do Programa de P\u00f3s-gradua\u00e7\u00e3o em Qu\u00edmica na UnB.<\/p>\n<p><a href=\"https:\/\/www.sbpmat.org.br\/site\/wp-content\/uploads\/2026\/01\/lucas.jpg\"><img loading=\"lazy\" decoding=\"async\" class=\"alignright size-thumbnail wp-image-11314\" src=\"https:\/\/www.sbpmat.org.br\/site\/wp-content\/uploads\/2026\/01\/lucas-150x150.jpg\" alt=\"\" width=\"150\" height=\"150\" \/><\/a><\/p>\n<p><strong>Lucas Fugikawa Santos<\/strong>. Professor associado da\u00a0<strong>Universidade Estadual Paulista J\u00falio de Mesquita Filho<\/strong>\u00a0(UNESP) \u2013 campus de Rio Claro, chefe do Departamento de F\u00edsica e pesquisador associado do Centro de Estudos Ambientais (CEA). Atua no desenvolvimento e caracteriza\u00e7\u00e3o el\u00e9trica de dispositivos eletr\u00f4nicos, optoeletr\u00f4nicos e sensores de semicondutores org\u00e2nicos, condutores i\u00f4nicos, \u00f3xidos met\u00e1licos e compostos de carbono. Bolsista de produtividade em pesquisa do CNPq \u2013 n\u00edvel 2. Bacharel em F\u00edsica (1995) com mestrado (1998) e doutorado (2003) em F\u00edsica Aplicada pelo IFSC-USP. Coordenador (chairman) do XXII B-MRS Meeting (Santos, 2024).<\/p>\n<p><strong><a href=\"https:\/\/www.sbpmat.org.br\/site\/wp-content\/uploads\/2026\/01\/rossana.jpg\"><img loading=\"lazy\" decoding=\"async\" class=\"alignleft size-thumbnail wp-image-11309\" src=\"https:\/\/www.sbpmat.org.br\/site\/wp-content\/uploads\/2026\/01\/rossana-150x150.jpg\" alt=\"\" width=\"150\" height=\"150\" \/><\/a>Rossana Mara da Silva Moreira Thir\u00e9. <\/strong>Professora associada da\u00a0Universidade Federal do Rio de Janeiro\u00a0(UFRJ). Atua na \u00e1rea de biomateriais polim\u00e9ricos, pl\u00e1sticos biodegrad\u00e1veis e impress\u00e3o 3D. Bolsista de produtividade em pesquisa do CNPq \u2013 n\u00edvel 2. \u00c9 presidente 2025-2027 da Sociedade Latino-Americana de Biomateriais e \u00d3rg\u00e3os Artificiais (SLABO). Engenheira qu\u00edmica (1995) com mestrado em Engenharia de Processos Qu\u00edmicos e Bioqu\u00edmicos (1998) e doutorado em Engenharia Metal\u00fargica e de Materiais (2003) pela UFRJ. Foi coordenadora dos cursos de gradua\u00e7\u00e3o em Engenharia de Materiais e Engenharia Metal\u00fargica da UFRJ entre 2015 e 2017. Foi membro da Comiss\u00e3o de Estudo Especial de Manufatura Aditiva (ABNT\/CEE-261) da ABNT.<strong><br \/>\n<\/strong><\/p>\n<hr \/>\n<h2><strong>Conselho<\/strong><\/h2>\n<p><strong>Conselheiros titulares \u2013 mandato 2024-2028:\u00a0<\/strong>Douglas S. Galvao (UNICAMP), Jos\u00e9 Antonio Eiras (UFSCAR), Luiza Amim Mercante (UFBA).<\/p>\n<p><strong>Conselheiros suplentes \u2013 mandato 2024-2028:\u00a0<\/strong>Carlos Roberto Grandini (UNESP\/Bauru), Bartolomeu Cruz Viana Neto (UFPI),\u00a0Sydney Ferreira Santos (UFABC).<\/p>\n<p><strong>Conselheiros titulares \u2013 mandato 2026-2030:<\/strong>\u00a0Laura Oliveira P\u00e9res Philadelphi (Unifesp), Luciana Reyes Pires Kassab (Fatec SP).<\/p>\n<p><strong>Conselheiros suplentes \u2013 mandato 2026-2030:<\/strong>\u00a0Ademar Ben\u00e9volo Lug\u00e3o (IPEN), Adriana Passarella Gerola (UFSC).<\/p>\n<hr \/>\n<h2>Bi\u00eanio 2024 \u2013 2025<\/h2>\n<p><strong>Presidente:<\/strong>\u00a0Prof. Ivan Helmuth Bechtold (UFSC \u2013 SC).<\/p>\n<p><strong>Diretora de Administra\u00e7\u00e3o, Finan\u00e7as e Patrim\u00f4nio:\u00a0<\/strong>Profa. I\u00eada Maria Garcia dos Santos (UFPB \u2013 PB).<\/p>\n<p><strong>Diretores Cient\u00edficos:\u00a0<\/strong>Profa. Ingrid T\u00e1vora Weber (UnB \u2013 DF), Prof. Lucas Fugikawa Santos (UNESP \u2013 SP), Prof. Rubem Luis Sommer (CBPF\/MCT \u2013 RJ), Prof. Edson Cavalcanti da Silva Filho (UFPI \u2013 PI), Profa. Lucimara Stolz Roman (UFPR \u2013 PR).<\/p>\n<p><strong>Conselheiros titulares \u2013 mandato 2024-2028:\u00a0<\/strong>Douglas S. Galvao (UNICAMP), Jos\u00e9 Antonio Eiras (UFSCAR), Luiza Amim Mercante (UFBA).<\/p>\n<p><strong>Conselheiros suplentes \u2013 mandato 2024-2028:\u00a0<\/strong>Carlos Roberto Grandini (UNESP\/Bauru), Bartolomeu Cruz Viana Neto (UFPI),\u00a0Sydney Ferreira Santos (UFABC).<\/p>\n<p><strong>Conselheiros titulares \u2013 mandato 2022-2026:<\/strong>\u00a0Profa. Ana Fl\u00e1via Nogueira (UNICAMP), Prof. Elson Longo (UFSCar).<\/p>\n<p><strong>Conselheiros suplentes \u2013 mandato 2022-2026:<\/strong>\u00a0Prof. Pedro Augusto de Paula Nascente (UFSCar), Prof. Julio Ricardo Sambrano (UNESP).<\/p>\n<hr \/>\n<h2>Bi\u00eanio 2022 \u2013 2023 (at\u00e9 janeiro 2024)<\/h2>\n<p><strong>Presidente:\u00a0<\/strong>Profa. M\u00f4nica Alonso Cotta (IFGW\/UNICAMP \u2013 SP).<\/p>\n<p><strong>Diretor de Administra\u00e7\u00e3o, Finan\u00e7as e Patrim\u00f4nio:\u00a0<\/strong>Prof. Ivan Helmuth Bechtold (Departamento de F\u00edsica, UFSC \u2013 SC).<\/p>\n<p><strong>Diretores Cient\u00edficos:\u00a0<\/strong>Profa. Andrea S. S. de Camargo (Instituto de F\u00edsica de S\u00e3o Carlos, USP \u2013 SP), Profa. Angela Burlamaqui Klautau (Centro de Ci\u00eancias Exatas e Naturais, UFPA \u2013 PA), Prof. Antonio Eduardo Martinelli (Depto. de Engenharia de Materiais\/UFRN \u2013 RN),\u00a0Profa. I\u00eada Maria Garcia dos Santos (Departamento de Qu\u00edmica, UFPB \u2013 PB), Prof. Rubem Luis Sommer (CBPF\/MCT \u2013 RJ).<\/p>\n<p><strong>Conselheiros titulares \u2013 mandato 2022-2026:\u00a0\u00a0<\/strong>Profa. Ana Fl\u00e1via Nogueira (UNICAMP), Prof. Elson Longo (UFSCar).<\/p>\n<p><strong>Conselheiros\u00a0suplentes\u00a0\u2013 mandato 2022-2026:\u00a0<\/strong>Prof. Pedro Augusto de Paula Nascente (UFSCar),\u00a0Prof. Julio Ricardo Sambrano (UNESP).<\/p>\n<hr \/>\n<h2>Bi\u00eanio 2020 \u2013 2021 (at\u00e9 fevereiro de 2022)<\/h2>\n<p><strong>Presidente:<\/strong>\u00a0Profa. M\u00f4nica Alonso Cotta (IFGW\/UNICAMP \u2013 SP).<\/p>\n<p><strong>Diretor de administra\u00e7\u00e3o, finan\u00e7as e patrim\u00f4nio:<\/strong>\u00a0Prof. Rubem Luis Sommer (CBPF\/MCT \u2013 RJ).<\/p>\n<p><strong>Diretores cient\u00edficos:<\/strong>\u00a0Profa. Andrea S. S. de Camargo (Instituto de F\u00edsica de S\u00e3o Carlos, USP \u2013 SP),\u00a0Prof. Antonio Eduardo Martinelli (Depto. de Engenharia de Materiais\/UFRN \u2013 RN),\u00a0Profa. I\u00eada Maria Garcia dos Santos (Departamento de Qu\u00edmica, UFPB \u2013 PB),\u00a0Prof. Ivan Helmuth Bechtold (Departamento de F\u00edsica, UFSC \u2013 SC),\u00a0Prof. Newton Martins Barbosa Neto (Instituto de Ci\u00eancias Exatas e Naturais, UFPA \u2013 PA).<\/p>\n<p><strong>Conselheiros titulares \u2013 mandato 2020-2024:\u00a0<\/strong>Prof. Carlos Alejandro Figueroa (UCS), Prof. Jos\u00e9 Antonio Eiras (Depto. de F\u00edsica, UFSCar), Prof. Valmor Roberto Mastelaro (IFSC-USP).<\/p>\n<p><strong>Conselheiros\u00a0suplentes\u00a0\u2013 mandato 2020-2024:\u00a0\u00a0<\/strong>Prof. Manuel Henrique Lente (UNIFESP), Prof. Milton Sergio Fernandes de Lima (CTA), Prof. Osvaldo Novais de Oliveira Junior (IFSC-USP).<\/p>\n<hr \/>\n<h2><strong>Bi\u00eanio\u00a02018 \u2013 2019 (at\u00e9 fevereiro de 2020)<\/strong><\/h2>\n<p><strong>Presidente:\u00a0<\/strong>Prof. Osvaldo Novais de Oliveira Junior (Instituto de F\u00edsica de S\u00e3o Carlos\/USP \u2013 SP).<\/p>\n<p><strong>Diretor de administra\u00e7\u00e3o, finan\u00e7as e patrim\u00f4nio:\u00a0<\/strong>Prof. Rubem Luis Sommer (CBPF\/MCT \u2013 RJ).<\/p>\n<p><strong>Diretores cient\u00edficos:\u00a0<\/strong>Prof. Antonio Eduardo Martinelli (Depto. de Engenharia de Materiais\/UFRN \u2013 RN),\u00a0Prof. Daniel Eduardo Weibel (Instituto de Qu\u00edmica\/UFRGS \u2013 RS),\u00a0Profa. Glaura Goulart Silva (Depto. de Qu\u00edmica\/UFMG e Centro de Tecnologia em Nanomateriais \u2013 MG),\u00a0Profa. I\u00eada Maria Garcia dos Santos (Departamento de Qu\u00edmica, UFPB, PB),\u00a0Profa. M\u00f4nica Alonso Cotta (Instituto de F\u00edsica Gleb Wataghin\/UNICAMP \u2013 SP).<\/p>\n<hr \/>\n<h2><strong>Bi\u00eanio\u00a02016 \u2013 2017<\/strong><\/h2>\n<p><strong>Presidente:\u00a0<\/strong>Prof. Osvaldo Novais de Oliveira Junior (Instituto de F\u00edsica de S\u00e3o Carlos\/USP \u2013 SP).<\/p>\n<p><strong>Diretor de administra\u00e7\u00e3o, finan\u00e7as e patrim\u00f4nio:\u00a0<\/strong>Prof. Rubem Luis Sommer (CBPF\/MCT \u2013 RJ).<\/p>\n<p><strong>Diretores cient\u00edficos:\u00a0<\/strong>Prof. Antonio Eduardo Martinelli (Depto. de Engenharia de Materiais\/UFRN \u2013 RN),\u00a0Prof. Daniel Eduardo Weibel (Instituto de Qu\u00edmica\/UFRGS \u2013 RS),\u00a0Profa. Glaura Goulart Silva (Depto. de Qu\u00edmica\/UFMG e Centro de Tecnologia em Nanotubos \u2013 MG),\u00a0Profa. M\u00f4nica Alonso Cotta (Instituto de F\u00edsica Gleb Wataghin\/UNICAMP \u2013 SP),\u00a0Prof. Rodrigo Fernando Bianchi (Depto. de F\u00edsica\/UFOP \u2013 MG).<\/p>\n<p><strong>Conselheiros titulares \u2013 mandato 2014-2018:\u00a0<\/strong>Jos\u00e9 Alberto Giacometti (Instituto de F\u00edsica de S\u00e3o Carlos, USP, SP), Jos\u00e9 Antonio Eiras (Depto. de F\u00edsica, UFSCAR, SP), Antonio Jos\u00e9 Felix de Carvalho (Escola de Engenharia de S\u00e3o Carlos, USP, SP), Ubirajara Pereira Rodrigues Filho (Instituto de Qu\u00edmica de S\u00e3o Carlos, USP, SP).<\/p>\n<p><strong>Conselheiros suplentes \u2013 mandato 2014\/2016 -2018:\u00a0<\/strong>Neri Alves (Faculdade de Ci\u00eancias e Tecnologia de Presidente Prudente,\u00a0UNESP, SP),\u00a0Manuel Henrique Lente\u00a0(Instituto de Ci\u00eancia e Tecnologia, UNIFESP campus S\u00e3o Jos\u00e9 dos Campos, SP), Milton Sergio Fernandes de Lima (Divis\u00e3o de Fot\u00f4nica, Instituto de Estudos Avan\u00e7ados, SP).<\/p>\n<p><strong>Conselheiros \u2013 mandato 2016 \u2013 2020. Titular:<\/strong>\u00a0Profa.\u00a0Ana Flavia Nogueira (Instituto de Qu\u00edmica, UNICAMP, SP).<strong>\u00a0Suplente:<\/strong>\u00a0Prof. Carlos Roberto Grandini\u00a0(Departamento de F\u00edsica, Faculdade de Ci\u00eancias de Bauru,\u00a0UNESP, SP).<\/p>\n<hr \/>\n<h4><strong>Bi\u00eanio\u00a02014 \u2013 2015<\/strong><\/h4>\n<p><strong>Presidente:\u00a0<\/strong>Prof. Roberto Mendon\u00e7a Faria\u00a0(Instituto de F\u00edsica de S\u00e3o Carlos, USP, SP).<\/p>\n<p><strong>Diretora administrativa:\u00a0<\/strong>Prof. I\u00eada Maria Garcia dos Santos\u00a0(Departamento de Qu\u00edmica, UFPB, PB).<\/p>\n<p><strong>Diretor financeiro:\u00a0<\/strong>Prof. Marco Cremona\u00a0(Departamento de F\u00edsica, PUC-Rio, RJ).<\/p>\n<p><strong>Diretores cient\u00edficos:\u00a0<\/strong>Prof. Andr\u00e9 Avelino Pasa\u00a0(Departamento de F\u00edsica, UFSC, SC); atribui\u00e7\u00e3o: rela\u00e7\u00e3o com as empresas;\u00a0Prof. Julio Ricardo Sambrano\u00a0(Faculdade de Ci\u00eancias, UNESP, SP), atribui\u00e7\u00e3o: divulga\u00e7\u00e3o;\u00a0Prof. Maria Aparecida Zaghete\u00a0(Departamento de Bioqu\u00edmica e Tecnologia Qu\u00edmica UNESP \u2013 Araraquara, SP), atribui\u00e7\u00e3o: internacionaliza\u00e7\u00e3o; Prof. Rodrigo Fernando Bianchi\u00a0(Departamento de F\u00edsica, UFOP, MG), atribui\u00e7\u00e3o:\u00a0se\u00e7\u00f5es universit\u00e1rias (<em>university chapters<\/em>).<\/p>\n<p><strong>Conselheiros Titulares\u00a0(mandato 2012-2016):<\/strong>\u00a0Prof. Milton Sergio Fernandes de Lima ( Departamento de Fot\u00f4nica, Instituto de Estudos Avan\u00e7ados, SP), Prof. Elson Longo (Instituto de Qu\u00edmica, UNESP-Araraquara), Prof. Osvaldo Novais de Oliveira Junior (Instituto de F\u00edsica de S\u00e3o Carlos, USP, SP).<\/p>\n<p><strong>Conselheiros Suplentes\u00a0(mandato 2012-2016):\u00a0<\/strong>Prof. Renato de Figueiredo Jardim (Instituto de F\u00edsica, USP, SP), Prof. Valmor Roberto Mastelaro (Instituto de F\u00edsica de S\u00e3o Carlos, USP, SP), Prof. Marcelo Ornaghi Orlandi (Departamento de F\u00edsica e Qu\u00edmica, Faculdade de Engenharia de Ilha Solteira \u2013 UNESP), Prof. Aloisio Nelmo Klein (Depto. de Eng. Mec\u00e2nica ,Universidade Federal de Santa Catarina, UFSC, SC)<\/p>\n<p><strong>Conselheiros Titulares\u00a0(mandato 2014-2018):\u00a0<\/strong>Jos\u00e9 Alberto Giacometti (Depto. de F\u00edsica e Ci\u00eancia dos Materiais, USP, SP), Jos\u00e9 Antonio Eiras (Depto. de F\u00edsica, UFSCAR, SP), Antonio Jos\u00e9 Felix de Carvalho (Escola de Engenharia de S\u00e3o Carlos, USP), Ubirajara Pereira Rodrigues Filho (Instituto de Qu\u00edmica de S\u00e3o Carlos, USP).<\/p>\n<p><strong>Conselheiros Suplentes\u00a0(mandato 2014-2018):\u00a0<\/strong>Neri Alves (Faculdade de Ci\u00eancias e Tecnologia de Presidente Prudente,\u00a0UNESP, SP)<\/p>\n<hr \/>\n<h3><strong>Bi\u00eanio\u00a02012 \u2013 2013<\/strong><\/h3>\n<p><strong>Presidente:\u00a0<\/strong>Prof. Roberto Mendon\u00e7a Faria (Instituto de F\u00edsica de S\u00e3o Carlos, USP, SP)<\/p>\n<p><strong>Diretor Administrativo:\u00a0<\/strong>Prof. Reginaldo Muccillo (Centro de Ci\u00eancia e Tecnologia de Materiais, IPEN, SP)<\/p>\n<p><strong>Diretor Financeiro:\u00a0<\/strong>Prof. Fernando Lazaro Freire Junior (Departamento de F\u00edsica, PUC-Rio)<\/p>\n<p><strong>Diretores\u00a0<\/strong><strong>Cient\u00edficos:\u00a0<\/strong>Profa. I\u00eada Maria Garcia dos Santos (Departamento de Qu\u00edmica, UFPB, PB), Prof. Paulo Fernando Papaleo Fichtner\u00a0(Depto de Metalurgia, UFRGS), Prof. Carlos Frederico de Oliveira Graeff (Departamento de F\u00edsica, UNESP-Bauru), Prof. Waldemar Augusto de Almeida Macedo\u00a0(Centro de Desenvolvimento da Tecnologia Nuclear \u2013 CDTN, MG).<\/p>\n<p><strong>Conselheiros Titulares\u00a0(mandato 2010-2014):\u00a0<\/strong>Prof. Aldo Felix Craievich\u00a0 (Instituto de F\u00edsica, USP, SP), Prof. Ivan Guillermo Solorzano\u00a0(Depto de Materiais, PUC-Rio), Profa. Elisa Maria Baggio Saitovitch (Centro Brasileiro de Pesquisas F\u00edsicas, CBPF, RJ), Prof. Julio Ricardo Sambrano (Universidade Estadual Paulista J\u00falio de Mesquita Filho,\u00a0Faculdade de Ci\u00eancias de Bauru, SP).<\/p>\n<p><strong>Conselheiros Suplentes\u00a0(mandato 2010-2014):\u00a0<\/strong>Prof. Jos\u00e9 Alberto Giacometti\u00a0(Faculdade de Ci\u00eancias e Tecnologia de Presidente Prudente, UNESP)<\/p>\n<p><strong>Conselheiros Titulares\u00a0(mandato 2012-2016):\u00a0<\/strong>Prof. Marco Cremona (Departamento de F\u00edsica, PUC-Rio), Prof. Milton Sergio Fernandes de Lima ( Departamento de Fot\u00f4nica, Instituto de Estudos Avan\u00e7ados, SP), Prof. Elson Longo (Instituto de Qu\u00edmica, UNESP-Araraquara), Prof. Osvaldo Novais de Oliveira Junior (Instituto de F\u00edsica de S\u00e3o Carlos, USP, SP).<\/p>\n<p><strong>Conselheiros Suplentes\u00a0(mandato 2012-2016):\u00a0<\/strong>Prof. Renato de Figueiredo Jardim (Instituto de F\u00edsica, USP, SP), Prof. Valmor Roberto Mastelaro (Instituto de F\u00edsica de S\u00e3o Carlos, USP, SP), Prof. Marcelo Ornaghi Orlandi (Departamento de F\u00edsica e Qu\u00edmica, Faculdade de Engenharia de Ilha Solteira \u2013 UNESP), Prof. Aloisio Nelmo Klein ((Depto. de Eng. Mec\u00e2nica ,Universidade Federal de Santa Catarina, UFSC, SC)<\/p>\n<hr \/>\n<h3><strong>Gest\u00e3o 2010-2011<\/strong><\/h3>\n<p><strong>Presidente:<\/strong>\u00a0Jos\u00e9 Arana Varela<br \/>\n<strong>Diretor financeiro:<\/strong>\u00a0Antonio Carlos Hernandes<br \/>\n<strong>Diretor administrativo:\u00a0<\/strong>S\u00e9rgio de Souza Camargo Filho<br \/>\n<strong>Diretores cient\u00edficos:<\/strong>\u00a0Alo\u00edsio Nelmo Klein,\u00a0Dulce Maria de Ara\u00fajo Melo,\u00a0Renato de Figueiredo Jardim,\u00a0Waldemar Augusto de Almeida Macedo<\/p>\n<hr \/>\n<h3><strong>Gest\u00e3o 2008 \u2013 2009<\/strong><\/h3>\n<p><strong>Presidente:<\/strong>\u00a0Fernando L\u00e1zaro Freire J\u00fanior<br \/>\n<strong>Diretor financeiro:<\/strong>\u00a0S\u00e9rgio de Souza Camargo J\u00fanior<br \/>\n<strong>Diretor administrativo:<\/strong>\u00a0Osvaldo Novais de Oliveira J\u00fanior<br \/>\n<strong>Diretores cient\u00edficos:<\/strong>\u00a0Aldo Felix Craievetich,\u00a0Paulo Fernando Papaleo Fichtner,\u00a0Antonio Eduardo Martinelli,\u00a0Margareth Spangler Andrade<\/p>\n<hr \/>\n<h3><strong>Gest\u00e3o 2006-2007<\/strong><\/h3>\n<p><strong>Presidente:<\/strong>\u00a0Fernando L\u00e1zaro Freire J\u00fanior<br \/>\n<strong>Diretora financeira:<\/strong>\u00a0Gl\u00f3ria Dulce de Almeida Soares<br \/>\n<strong>Diretor administrativo:<\/strong>\u00a0Osvaldo Novais de Oliveira J\u00fanior<br \/>\n<strong>Diretores cient\u00edficos:<\/strong>\u00a0Aldo Felix Craievetich,\u00a0Paulo Fernando Papaleo Fichtner<\/p>\n<hr \/>\n<h3><strong>Gest\u00e3o 2004 \u2013 2005<\/strong><\/h3>\n<p><strong>Presidente:\u00a0<\/strong>Elson Longo<br \/>\n<strong>Diretor administrativo:<\/strong>\u00a0Roberto Mendon\u00e7a Faria<br \/>\n<strong>Diretor financeiro:<\/strong>\u00a0Jos\u00e9 Arana Varela<br \/>\n<strong>Diretores cient\u00edficos:<\/strong>\u00a0Alo\u00edsio Klein,\u00a0Dulce Maria Melo,\u00a0Fernando L\u00e1zaro Freire J\u00fanior,\u00a0Wander Vasconcelos<\/p>\n<hr \/>\n<h3><strong>Diretoria fundadora (eleita em 26\/06\/2001, na Assembleia Geral de Constitui\u00e7\u00e3o)<\/strong><\/h3>\n<p><strong>Presidente:<\/strong>\u00a0Ivan Guillermo S\u00f3lorzano Naranjo<br \/>\n<strong>Diretoria:<\/strong>\u00a0Fernando L\u00e1zaro Freire J\u00fanior,\u00a0Jos\u00e9 Arana Varela,\u00a0Roberto Cerrini Villas Boas,\u00a0Elisa Maria Baggio Saitovich,\u00a0Moni Behar<\/p>","protected":false},"excerpt":{"rendered":"<p>2026 &#8211; 2027 Presidente Ivan Helmuth Bechtold. Professor titular na\u00a0Universidade Federal de Santa Catarina\u00a0(UFSC). Atua no estudo de sistemas org\u00e2nicos e h\u00edbridos voltados para aplica\u00e7\u00f5es em dispositivos optoeletr\u00f4nicos como OLEDs , OFETs, OPVs e biossensores. Bolsista de produtividade em pesquisa do CNPq \u2013 n\u00edvel 1C. Bacharel em F\u00edsica pela UFSC (1997), com mestrado (2000) e [&hellip;]<\/p>\n","protected":false},"author":1,"featured_media":0,"parent":0,"menu_order":0,"comment_status":"closed","ping_status":"closed","template":"","meta":{"footnotes":""},"_links":{"self":[{"href":"https:\/\/www.sbpmat.org.br\/pt\/wp-json\/wp\/v2\/pages\/81"}],"collection":[{"href":"https:\/\/www.sbpmat.org.br\/pt\/wp-json\/wp\/v2\/pages"}],"about":[{"href":"https:\/\/www.sbpmat.org.br\/pt\/wp-json\/wp\/v2\/types\/page"}],"author":[{"embeddable":true,"href":"https:\/\/www.sbpmat.org.br\/pt\/wp-json\/wp\/v2\/users\/1"}],"replies":[{"embeddable":true,"href":"https:\/\/www.sbpmat.org.br\/pt\/wp-json\/wp\/v2\/comments?post=81"}],"version-history":[{"count":108,"href":"https:\/\/www.sbpmat.org.br\/pt\/wp-json\/wp\/v2\/pages\/81\/revisions"}],"predecessor-version":[{"id":11647,"href":"https:\/\/www.sbpmat.org.br\/pt\/wp-json\/wp\/v2\/pages\/81\/revisions\/11647"}],"wp:attachment":[{"href":"https:\/\/www.sbpmat.org.br\/pt\/wp-json\/wp\/v2\/media?parent=81"}],"curies":[{"name":"wp","href":"https:\/\/api.w.org\/{rel}","templated":true}]}}