{"id":7579,"date":"2019-04-24T13:51:30","date_gmt":"2019-04-24T16:51:30","guid":{"rendered":"https:\/\/www.sbpmat.org.br\/?page_id=7579"},"modified":"2024-02-16T15:55:36","modified_gmt":"2024-02-16T18:55:36","slug":"eleicoes-sbpmat-2019","status":"publish","type":"page","link":"https:\/\/www.sbpmat.org.br\/pt\/eleicoes-sbpmat-2019\/","title":{"rendered":"Elei\u00e7\u00f5es SBPMat 2019"},"content":{"rendered":"<p>Prezados S\u00f3cios da SBPMat,<\/p>\n<p>Ap\u00f3s apurados os votos da elei\u00e7\u00e3o para a Diretoria Executiva e Membros do Conselho Deliberativo da SBPMat, a comiss\u00e3o eleitoral declara eleitos os seguintes nomes:<\/p>\n<p><strong>DIRETORIA EXECUTIVA<\/strong><\/p>\n<p><strong>Presidente:<\/strong> Monica Alonso Cotta (UNICAMP).<\/p>\n<p><strong>Diretor de Administra\u00e7\u00e3o, Finan\u00e7as e Patrim\u00f4nio:<\/strong> Rubem Luis Sommer (CBPF).<\/p>\n<p><strong>Diretores Cient\u00edficos:<\/strong> Andr\u00e9a Simone Stucchi de Camargo Alvarez Bernardez (USP &#8211; S\u00e3o Carlos), Antonio Eduardo Martinelli (UFRN), I\u00eada Maria Garcia dos Santos (UFPB), Ivan Helmuth Bechtold (UFSC), Newton Martins Barbosa Neto (UFPA).<\/p>\n<p><strong>MEMBROS DO CONSELHO DELIBERATIVO<\/strong><\/p>\n<ul>\n<li>Jos\u00e9 Antonio Eiras (UFSCar) \u2013 Titular<\/li>\n<li>Valmor Roberto Masteralo (USP \u2013 S\u00e3o Carlos) \u2013 Titular<\/li>\n<li>Carlos Alejandro Figueroa (UCS) &#8211; Titular<\/li>\n<\/ul>\n<p>Os suplentes eleitos s\u00e3o:<\/p>\n<ul>\n<li>Manuel Henrique Lente (UNIFESP)<\/li>\n<li>Milton Sergio Fernandes de Lima (CTA)<\/li>\n<li>Osvaldo Novais de Oliveira Junior (USP \u2013 S\u00e3o Carlos)<\/li>\n<\/ul>\n<p>Desejamos \u00e0 nova Diretoria sucesso em sua futura administra\u00e7\u00e3o.<\/p>\n<p>PS: Informa\u00e7\u00f5es detalhadas sobre a vota\u00e7\u00e3o encontram-se <strong><a href=\"https:\/\/www.sbpmat.org.br\/socios\/rescedula_elec2019.php\">neste relat\u00f3rio<\/a><\/strong>.<\/p>\n<p>Atenciosamente,<\/p>\n<p>Comiss\u00e3o Eleitoral<\/p>\n<p>Laura O Peres\/ Cicero R Cena\/ Marco Cremona<\/p>\n<hr \/>\n<p>Prezados S\u00f3cios da SBPMat,<\/p>\n<p>A reuni\u00e3o anual est\u00e1 chegando e com ela teremos tamb\u00e9m as elei\u00e7\u00f5es para a Diretoria Executiva e Conselho Deliberativo.<\/p>\n<p>Neste ano a elei\u00e7\u00e3o est\u00e1 mais din\u00e2mica. Os s\u00f3cios poder\u00e3o faz\u00ea-la de duas formas:<\/p>\n<p>1. Durante a reuni\u00e3o, atrav\u00e9s de uma cabine de vota\u00e7\u00e3o, que ficar\u00e1 pr\u00f3xima \u00e0 secretaria do evento. Teremos um terminal dedicado exclusivamente para a elei\u00e7\u00e3o. Junto com o material da inscri\u00e7\u00e3o, a secretaria fornecer\u00e1, AOS S\u00d3CIOS EM DIA, um c\u00f3digo de barras colocado atr\u00e1s do crach\u00e1 para a realiza\u00e7\u00e3o da elei\u00e7\u00e3o diretamente no terminal, sem necessidade de entrar no sistema da SBPMat.<\/p>\n<p>OU<\/p>\n<p>2. Pelo m\u00e9todo tradicional, atrav\u00e9s da internet em qualquer lugar. Para isso, basta entrar no site da SBPMat (<a href=\"http:\/\/www.sbpmat.org.br\/\" target=\"_blank\" rel=\"noopener\" data-saferedirecturl=\"https:\/\/www.google.com\/url?q=http:\/\/www.sbpmat.org.br&amp;source=gmail&amp;ust=1568902799192000&amp;usg=AFQjCNGI_pTmJgQlln3ItspF9D_plp1csw\">www.sbpmat.org.br<\/a>).<\/p>\n<p>O processo de vota\u00e7\u00e3o vai do dia 22\/09\/2019 at\u00e9 04\/10\/2019. Lembrando que somente os s\u00f3cios em dia poder\u00e3o participar do processo de vota\u00e7\u00e3o!<\/p>\n<p>Venha, fique s\u00f3cio e participe!<\/p>\n<p>Atenciosamente,<\/p>\n<p>Comiss\u00e3o Eleitoral<\/p>\n<p>C\u00edcero R. Cena\/ Laura O. P\u00e9res\/ Marco Cremona<\/p>\n<p>&nbsp;<\/p>\n<div>\n<hr \/>\n<\/div>\n<p>Prezados S\u00f3cios da SBPMat,<\/p>\n<p>Estamos disponibilizando o plano de a\u00e7\u00e3o da chapa \u00fanica que participa da elei\u00e7\u00e3o da nova Diretoria Executiva da Sociedade. O arquivo pode ser acessado <a href=\"https:\/\/www.sbpmat.org.br\/site\/wp-content\/uploads\/2019\/04\/Proposta-chapa-diretoria-2020.pdf\"><strong>aqui<\/strong><\/a>.<\/p>\n<p>Lembramos que a vota\u00e7\u00e3o ocorrer\u00e1 de 22\/09 a 04\/10\/2019.<\/p>\n<p>Atenciosamente<\/p>\n<p style=\"text-align: left;\">\u00a0 \u00a0 \u00a0 \u00a0 \u00a0 \u00a0 \u00a0 \u00a0 \u00a0 \u00a0 \u00a0 \u00a0 \u00a0 \u00a0 \u00a0 \u00a0 \u00a0 \u00a0 \u00a0 \u00a0 \u00a0 \u00a0 Comiss\u00e3o Eleitoral<\/p>\n<p style=\"text-align: left;\">\u00a0 \u00a0 \u00a0 \u00a0 \u00a0 \u00a0 \u00a0 \u00a0 \u00a0 \u00a0 \u00a0 \u00a0 \u00a0 \u00a0 \u00a0 \u00a0 \u00a0 \u00a0 \u00a0 \u00a0 \u00a0 \u00a0 Cicero R. Cena \/ Laura O. P\u00e9res \/ Marco Cremona<\/p>\n<p>&nbsp;<\/p>\n<hr \/>\n<p>&nbsp;<\/p>\n<p>Prezados S\u00f3cios da SBPMat,<\/p>\n<p>Em reuni\u00e3o realizada no dia 04\/07\/2019, foi homologada a chapa candidata \u00e0 Diretoria abaixo:<\/p>\n<ul>\n<li><strong>Presidente:<\/strong>\u00a0M\u00f4nica Alonso Cotta (UNICAMP).<\/li>\n<li><strong>Diretor de Administra\u00e7\u00e3o, Finan\u00e7as e Patrim\u00f4nio:<\/strong>\u00a0Rubem Luis Sommer (CBPF).<\/li>\n<li><strong>Diretores Cient\u00edficos:\u00a0<\/strong>Andr\u00e9a Simone Stucchi de Camargo Alvarez Bernardez (USP &#8211; S\u00e3o Carlos), Antonio Eduardo Martinelli (UFRN), I\u00eada Maria Garcia dos Santos (UFPB), Ivan Helmuth Bechtold (UFSC) e Newton Martins Barbosa Neto (UFPA).<\/li>\n<\/ul>\n<p>A divulga\u00e7\u00e3o do plano de a\u00e7\u00e3o da chapa candidata \u00e0 diretoria ocorrer\u00e1 at\u00e9 o dia 23\/08\/2019 atrav\u00e9s do site da SBPMat (<a href=\"http:\/\/www.sbpmat.org.br\">www.sbpmat.org.br<\/a>) e por meio de e-mail enviado aos s\u00f3cios.<\/p>\n<p>Al\u00e9m disso, divulgamos abaixo os candidatos que mostraram interesse em serem votados para o Conselho Deliberativo:<\/p>\n<ul>\n<li>Carlos Alejandro Figueroa (UCS)<\/li>\n<li>Jos\u00e9 Antonio Eiras (UFSCar)<\/li>\n<li>Manuel Henrique Lente (Unifesp)<\/li>\n<li>Milton Sergio Fernandes de Lima (CTA)<\/li>\n<li>Valmor Roberto Mastelaro (USP)<\/li>\n<\/ul>\n<p>Informamos que o per\u00edodo de vota\u00e7\u00e3o iniciar\u00e1 na reuni\u00e3o anual da Sociedade, no dia 22\/09\/2019, e encerrar\u00e1 no dia 04\/10\/2019. Ser\u00e1 poss\u00edvel votar de forma presencial no local do evento (Hotel Sibara, Balne\u00e1rio Cambori\u00fa, SC) at\u00e9 o final do mesmo, e tamb\u00e9m, at\u00e9 04\/10\/2019, atrav\u00e9s do portal da SBPMat (<a href=\"http:\/\/www.sbpmat.org.br\">www.sbpmat.org.br<\/a>). Todos os s\u00f3cios em situa\u00e7\u00e3o regular junto \u00e0 SBPMat estar\u00e3o aptos a votar.<\/p>\n<p>Atenciosamente<\/p>\n<p style=\"text-align: left;\">\u00a0 \u00a0 \u00a0 \u00a0 \u00a0 \u00a0 \u00a0 \u00a0 \u00a0 \u00a0 \u00a0 \u00a0 \u00a0 \u00a0 \u00a0 \u00a0 \u00a0 \u00a0 \u00a0 \u00a0 \u00a0 \u00a0 Comiss\u00e3o Eleitoral<\/p>\n<p style=\"text-align: left;\">\u00a0 \u00a0 \u00a0 \u00a0 \u00a0 \u00a0 \u00a0 \u00a0 \u00a0 \u00a0 \u00a0 \u00a0 \u00a0 \u00a0 \u00a0 \u00a0 \u00a0 \u00a0 \u00a0 \u00a0 \u00a0 \u00a0 Cicero R. Cena \/ Laura O. P\u00e9res \/ Marco Cremona<\/p>\n<hr \/>\n<p>&nbsp;<\/p>\n<p>Prezados S\u00f3cios da Sociedade Brasileira de Pesquisa em Materiais (SBPMat)<\/p>\n<p>Neste ano ocorrer\u00e3o as elei\u00e7\u00f5es para a Diretoria Executiva e para o Conselho Deliberativo da SBPMat.<\/p>\n<p>Cada chapa candidata \u00e0 Diretoria Executiva dever\u00e1 conter 7 (sete) nomes para os seguintes cargos:<\/p>\n<ul>\n<li>Presidente (01 vaga)<\/li>\n<li>Diretor de Administra\u00e7\u00e3o, Finan\u00e7as e Patrim\u00f4nio (01 vaga)<\/li>\n<li>Diretores Cient\u00edficos (05 vagas)<\/li>\n<\/ul>\n<p>A Comiss\u00e3o tamb\u00e9m informa que ser\u00e3o eleitos para o Conselho Deliberativo:<\/p>\n<ul>\n<li>3 (tr\u00eas) Conselheiros Titulares<\/li>\n<li>3 (tr\u00eas) Conselheiros Suplentes (do quinto ao oitavo nomes mais votados)<\/li>\n<\/ul>\n<p>Os tr\u00eas Conselheiros Suplentes, respeitando a ordem de classifica\u00e7\u00e3o eleitoral, ser\u00e3o os suplentes dos Conselheiros Titulares, com mandato de 2020 a 2024.<\/p>\n<p>Todos os s\u00f3cios em situa\u00e7\u00e3o regular s\u00e3o eleg\u00edveis ao Conselho Deliberativo, e podem se candidatar. A Comiss\u00e3o Eleitoral se encarregar\u00e1 de divulgar a lista de s\u00f3cios com interesse a serem candidatos ao Conselho.<\/p>\n<p>Os s\u00f3cios em situa\u00e7\u00e3o regular poder\u00e3o votar em uma das chapas candidatas \u00e0 Diretoria e em at\u00e9\u00a0 6 (seis) nomes para eleger os Conselheiros Titulares e os Suplentes.<\/p>\n<p>O calend\u00e1rio para a elei\u00e7\u00e3o \u00e9:<\/p>\n<table border=\"1\">\n<tbody>\n<tr>\n<td width=\"154\"><\/td>\n<td width=\"118\">Data Inicial<\/td>\n<td width=\"132\">Data Final<\/td>\n<td width=\"260\">Procedimento<\/td>\n<\/tr>\n<tr>\n<td width=\"154\">Prazo para regulariza\u00e7\u00e3o da situa\u00e7\u00e3o dos s\u00f3cios<\/td>\n<td width=\"118\"><\/td>\n<td width=\"132\">15\/08\/2019<\/td>\n<td width=\"260\">Atrav\u00e9s do portal da SBPMat<\/p>\n<p><a href=\"http:\/\/www.sbpmat.org.br\">www.sbpmat.org.br<\/a><\/td>\n<\/tr>\n<tr>\n<td width=\"154\">Inscri\u00e7\u00e3o Chapas para Diretoria<\/td>\n<td width=\"118\">De 29\/04\/2019<\/td>\n<td width=\"132\">\u00a0At\u00e9 01\/07\/2019<\/td>\n<td width=\"260\">Somente pelo email<\/p>\n<p>eleicoes2019@sbpmat.org.br<\/td>\n<\/tr>\n<tr>\n<td width=\"154\">Homologa\u00e7\u00e3o das inscri\u00e7\u00f5es das Chapas<\/td>\n<td width=\"118\"><\/td>\n<td width=\"132\">At\u00e9 19\/08\/2019<\/td>\n<td width=\"260\">Conselho da SBPMat<\/td>\n<\/tr>\n<tr>\n<td width=\"154\">Divulga\u00e7\u00e3o dos planos de a\u00e7\u00e3o das chapas \u00e0 Diretoria<\/td>\n<td width=\"118\">23\/08\/2019<\/td>\n<td width=\"132\"><\/td>\n<td width=\"260\">Atrav\u00e9s do portal da SBPMat\u00a0 www.sbpmat.org.br\u00a0e por email<\/td>\n<\/tr>\n<tr>\n<td width=\"154\">Divulga\u00e7\u00e3o da lista de candidatos ao Conselho que declararam interesse<\/td>\n<td width=\"118\">20\/08\/2019<\/td>\n<td width=\"132\"><\/td>\n<td width=\"260\">Atrav\u00e9s do portal da SBPMat\u00a0 www.sbpmat.org.br\u00a0e por email<\/td>\n<\/tr>\n<tr>\n<td width=\"154\">Elei\u00e7\u00e3o<\/td>\n<td width=\"118\">22\/09\/2019<\/td>\n<td width=\"132\">04\/10\/2019<\/td>\n<td width=\"260\">A elei\u00e7\u00e3o ter\u00e1 in\u00edcio na reuni\u00e3o anual da Sociedade. Ser\u00e1 poss\u00edvel votar tamb\u00e9m atrav\u00e9s do portal da SPBMat www.spbmat.org.br durante o per\u00edodo estabelecido<\/td>\n<\/tr>\n<tr>\n<td width=\"154\">Divulga\u00e7\u00e3o dos resultados<\/td>\n<td width=\"118\">01\/11\/2019<\/td>\n<td width=\"132\"><\/td>\n<td width=\"260\">Atrav\u00e9s do portal da SBPMat www.sbpmat.org.br\u00a0e por email<\/td>\n<\/tr>\n<\/tbody>\n<\/table>\n<p>&nbsp;<\/p>\n<p>A Comiss\u00e3o Eleitoral estimula aos s\u00f3cios da SBPMat a apresentar inscri\u00e7\u00f5es de chapas para a Diretoria e declarar interesse a serem votados para o Conselho Deliberativo.<\/p>\n<p>Cordialmente<\/p>\n<p style=\"padding-left: 60px;\">Comiss\u00e3o Eleitoral<\/p>\n<p style=\"padding-left: 60px;\">Cicero R. Cena,<\/p>\n<p style=\"padding-left: 60px;\">Laura O. P\u00e9res,<\/p>\n<p style=\"padding-left: 60px;\">Marco Cremona<\/p>\n<p><strong>ESCLARECIMENTOS:<\/strong><\/p>\n<p>&#8211; Todos os s\u00f3cios que pagaram a anuidade de 2019 ou que v\u00e3o participar do XVIII Encontro e que fizeram a op\u00e7\u00e3o por associar-se a SBPMat s\u00e3o considerados s\u00f3cios em situa\u00e7\u00e3o regular e poder\u00e3o ser votados para o Conselho e votar na elei\u00e7\u00e3o.<\/p>\n<p>&#8211; Caso seja necess\u00e1rio, at\u00e9 o dia 15 de Agosto de 2019 todos poder\u00e3o regularizar sua situa\u00e7\u00e3o ou se tornarem s\u00f3cios da SBPMat atrav\u00e9s do portal\u00a0<a href=\"https:\/\/www.sbpmat.org.br\/pt\/socios-sbpmat\/associe-se\/\">https:\/\/www.sbpmat.org.br\/pt\/socios-sbpmat\/associe-se\/<\/a>\u00a0pagando a anuidade de 2019.<\/p>","protected":false},"excerpt":{"rendered":"<p>Prezados S\u00f3cios da SBPMat, Ap\u00f3s apurados os votos da elei\u00e7\u00e3o para a Diretoria Executiva e Membros do Conselho Deliberativo da SBPMat, a comiss\u00e3o eleitoral declara eleitos os seguintes nomes: DIRETORIA EXECUTIVA Presidente: Monica Alonso Cotta (UNICAMP). Diretor de Administra\u00e7\u00e3o, Finan\u00e7as e Patrim\u00f4nio: Rubem Luis Sommer (CBPF). Diretores Cient\u00edficos: Andr\u00e9a Simone Stucchi de Camargo Alvarez Bernardez [&hellip;]<\/p>\n","protected":false},"author":4,"featured_media":0,"parent":0,"menu_order":0,"comment_status":"closed","ping_status":"closed","template":"","meta":{"footnotes":""},"_links":{"self":[{"href":"https:\/\/www.sbpmat.org.br\/pt\/wp-json\/wp\/v2\/pages\/7579"}],"collection":[{"href":"https:\/\/www.sbpmat.org.br\/pt\/wp-json\/wp\/v2\/pages"}],"about":[{"href":"https:\/\/www.sbpmat.org.br\/pt\/wp-json\/wp\/v2\/types\/page"}],"author":[{"embeddable":true,"href":"https:\/\/www.sbpmat.org.br\/pt\/wp-json\/wp\/v2\/users\/4"}],"replies":[{"embeddable":true,"href":"https:\/\/www.sbpmat.org.br\/pt\/wp-json\/wp\/v2\/comments?post=7579"}],"version-history":[{"count":16,"href":"https:\/\/www.sbpmat.org.br\/pt\/wp-json\/wp\/v2\/pages\/7579\/revisions"}],"predecessor-version":[{"id":10688,"href":"https:\/\/www.sbpmat.org.br\/pt\/wp-json\/wp\/v2\/pages\/7579\/revisions\/10688"}],"wp:attachment":[{"href":"https:\/\/www.sbpmat.org.br\/pt\/wp-json\/wp\/v2\/media?parent=7579"}],"curies":[{"name":"wp","href":"https:\/\/api.w.org\/{rel}","templated":true}]}}