{"id":64,"date":"2012-04-10T12:19:20","date_gmt":"2012-04-10T15:19:20","guid":{"rendered":"http:\/\/sbpmat.org.br\/site\/?page_id=64"},"modified":"2026-04-02T15:20:58","modified_gmt":"2026-04-02T18:20:58","slug":"boletins-eletronicos","status":"publish","type":"page","link":"https:\/\/www.sbpmat.org.br\/pt\/boletins-eletronicos\/","title":{"rendered":"Boletins eletr\u00f4nicos"},"content":{"rendered":"<p>Mensalmente, a SBPMat elabora e envia um boletim eletr\u00f4nico com not\u00edcias da sociedade, mat\u00e9rias de divulga\u00e7\u00e3o cient\u00edfica, reportagens sobre hist\u00f3ria da pesquisa em Materiais no Brasil, entrevistas com cientistas destacados na \u00e1rea, oportunidades e eventos, entre outras informa\u00e7\u00f5es.<\/p>\n<p>Para receber o boletim, basta cadastrar um endere\u00e7o de e-mail v\u00e1lido na <a href=\"http:\/\/sbpmat.org.br\/\" target=\"_blank\" rel=\"noopener\">p\u00e1gina inicial de nosso site<\/a>.<\/p>\n<p>Veja as edi\u00e7\u00f5es j\u00e1 enviadas:<\/p>\n<ul>\n<li><a href=\"https:\/\/www.sbpmat.org.br\/pt\/boletim-da-sbpmat-157a-edicao\/\">Edi\u00e7\u00e3o n\u00ba 157. 31 de mar\u00e7o de 2026.<\/a><\/li>\n<li><a href=\"https:\/\/www.sbpmat.org.br\/pt\/boletim-da-sbpmat-156a-edicao\/\">Edi\u00e7\u00e3o n\u00ba 156. 28 de fevereiro de 2026.<\/a><\/li>\n<li><a href=\"https:\/\/www.sbpmat.org.br\/pt\/boletim-da-sbpmat-154a-edicao-2\/\">Edi\u00e7\u00e3o n\u00ba 155. 31 de janeiro de 2026.<\/a><\/li>\n<li><a href=\"https:\/\/www.sbpmat.org.br\/pt\/boletim-da-sbpmat-154a-edicao\/\">Edi\u00e7\u00e3o n\u00ba 154. 22 de dezembro de 2025.<\/a><\/li>\n<li><a href=\"https:\/\/www.sbpmat.org.br\/pt\/boletim-da-sbpmat-153a-edicao\/\">Edi\u00e7\u00e3o n\u00ba 153. 28 de novembro de 2025.<\/a><\/li>\n<li><a href=\"https:\/\/www.sbpmat.org.br\/pt\/11213-2\/\">Edi\u00e7\u00e3o n\u00ba 152. 5 de novembro de 2025.<\/a><\/li>\n<li><a href=\"https:\/\/www.sbpmat.org.br\/pt\/11117-2\/\">Edi\u00e7\u00e3o n\u00ba 151. 31 de agosto de 2025.<\/a><\/li>\n<li><a href=\"https:\/\/www.sbpmat.org.br\/pt\/edicao-no-150\/\">Edi\u00e7\u00e3o n\u00ba 150. 31 de julho de 2025.<\/a><\/li>\n<li><a href=\"https:\/\/www.sbpmat.org.br\/pt\/boletim-da-sbpmat-149a-edicao\/\">Edi\u00e7\u00e3o n\u00ba 149. 30 de junho de 2025.<\/a><\/li>\n<li><a href=\"https:\/\/www.sbpmat.org.br\/pt\/boletim-da-sbpmat-148a-edicao\/\">Edi\u00e7\u00e3o n\u00ba 148. 30\u00a0 de maio de 2025.<\/a><\/li>\n<li><a href=\"https:\/\/www.sbpmat.org.br\/pt\/boletim-da-sbpmat-147a-edicao\/\">Edi\u00e7\u00e3o n\u00ba 147. 30\u00a0 de abril de 2025.<\/a><\/li>\n<li><a href=\"https:\/\/www.sbpmat.org.br\/pt\/boletim-da-sbpmat-146a-edicao\/\">Edi\u00e7\u00e3o n\u00ba 146. 31 de mar\u00e7o de 2025.<\/a><\/li>\n<li><a href=\"https:\/\/www.sbpmat.org.br\/pt\/11009-2\/\">Edi\u00e7\u00e3o n\u00ba 145. 28 de fevereiro de 2025.<\/a><\/li>\n<li><a href=\"https:\/\/www.sbpmat.org.br\/pt\/boletim-da-sbpmat-144a-edicao\/\">Edi\u00e7\u00e3o n\u00ba 144. 31 de janeiro de 2025.<\/a><\/li>\n<li><a href=\"https:\/\/www.sbpmat.org.br\/pt\/english-boletim-da-sbpmat-143a-edicao\/\">Edi\u00e7\u00e3o n\u00ba 143. 19 de dezembro de 2024.<\/a><\/li>\n<li><a href=\"https:\/\/www.sbpmat.org.br\/pt\/boletim-da-sbpmat-142a-edicao\/\">Edi\u00e7\u00e3o n\u00ba 142. 2 de dezembro de 2024.<\/a><\/li>\n<li><a href=\"https:\/\/www.sbpmat.org.br\/pt\/boletim-da-sbpmat-141a-edicao\/\">Edi\u00e7\u00e3o n\u00ba 141. 31 de outubro de 2024.<\/a><\/li>\n<li><a href=\"https:\/\/www.sbpmat.org.br\/pt\/edicao-no-140-3-de-setembro-de-2024\/\" target=\"_blank\" rel=\"noopener\">Edi\u00e7\u00e3o n\u00ba 140. 3 de setembro de 2024.<\/a><\/li>\n<li><a href=\"https:\/\/www.sbpmat.org.br\/pt\/boletim-da-sbpmat-139-edicao\/\" target=\"_blank\" rel=\"noopener\">Edi\u00e7\u00e3o n\u00ba 139. 1\u00ba de agosto de 2024<\/a>.<\/li>\n<li><a href=\"https:\/\/www.sbpmat.org.br\/pt\/boletim-da-sbpmat-138-edicao\/\" target=\"_blank\" rel=\"noopener\">Edi\u00e7\u00e3o n\u00ba 138. 1\u00ba de julho de 2024<\/a>.<\/li>\n<li><a href=\"https:\/\/www.sbpmat.org.br\/pt\/edicao-no-137-31-de-maio-de-2024\/\" target=\"_blank\" rel=\"noopener\">Edi\u00e7\u00e3o n\u00ba 137. 31 de maio de 2024<\/a>.<\/li>\n<li><a href=\"https:\/\/www.sbpmat.org.br\/pt\/boletim-da-sbpmat-136-edicao\/\" target=\"_blank\" rel=\"noopener\">Edi\u00e7\u00e3o n\u00ba 136. 30 de abril de 2024.<\/a><\/li>\n<li><a href=\"https:\/\/www.sbpmat.org.br\/pt\/boletim-da-sbpmat-135a-edicao\/\" target=\"_blank\" rel=\"noopener\">Edi\u00e7\u00e3o n\u00ba 135. 31 de mar\u00e7o de 2024.<\/a><\/li>\n<li><a href=\"https:\/\/www.sbpmat.org.br\/pt\/10723-2\/\" target=\"_blank\" rel=\"noopener\">Edi\u00e7\u00e3o n\u00ba 134. 29 de fevereiro de 2024.<\/a><\/li>\n<li><a href=\"https:\/\/www.sbpmat.org.br\/pt\/edicao-no-133-31-de-janeiro-de-2024\/\" target=\"_blank\" rel=\"noopener\">Edi\u00e7\u00e3o n\u00ba 133. 31 de janeiro de 2024.<\/a><\/li>\n<li><a href=\"https:\/\/www.sbpmat.org.br\/pt\/edicao-no-132-22-de-dezembro-de-2023\/\" target=\"_blank\" rel=\"noopener\">Edi\u00e7\u00e3o n\u00ba 132. 22 de dezembro de 2023.<\/a><\/li>\n<li><a href=\"https:\/\/www.sbpmat.org.br\/pt\/boletim-da-sbpmat-131a-edicao\/\" target=\"_blank\" rel=\"noopener\">Edi\u00e7\u00e3o n\u00ba 131. 18 de novembro de 2023.<\/a><\/li>\n<li>Outubro: XXI B-MRS Meeting daily digests for attendees.<\/li>\n<li><a href=\"https:\/\/www.sbpmat.org.br\/pt\/boletim-da-sbpmat-130a-edicao\/\" target=\"_blank\" rel=\"noopener\">Edi\u00e7\u00e3o n\u00ba 130. 1\u00ba de setembro de 2023.<\/a><\/li>\n<li><a href=\"https:\/\/www.sbpmat.org.br\/pt\/boletim-da-sbpmat-129a-edicao\/\" target=\"_blank\" rel=\"noopener\">Edi\u00e7\u00e3o n\u00ba 129. 1\u00ba de agosto de 2023.<\/a><\/li>\n<li><a href=\"https:\/\/www.sbpmat.org.br\/pt\/boletim-da-sbpmat-edicao-no-128\/\" target=\"_blank\" rel=\"noopener\">Edi\u00e7\u00e3o n\u00ba 128. 30 de junho de 2023.<\/a><\/li>\n<li><a href=\"https:\/\/www.sbpmat.org.br\/pt\/boletim-da-sbpmat-127a-edicao\/\" target=\"_blank\" rel=\"noopener\">Edi\u00e7\u00e3o n\u00ba 127. 31 de maio de 2023.<\/a><\/li>\n<li><a href=\"https:\/\/www.sbpmat.org.br\/pt\/edicao-no-126-30-de-abril-de-2023\/\" target=\"_blank\" rel=\"noopener\">Edi\u00e7\u00e3o n\u00ba 126. 30 de abril de 2023.<\/a><\/li>\n<li><a href=\"https:\/\/www.sbpmat.org.br\/pt\/boletim-da-sbpmat-125a-edicao\/\" target=\"_blank\" rel=\"noopener\">Edi\u00e7\u00e3o n\u00ba 125. 31 de mar\u00e7o de 2023<\/a><\/li>\n<li><a href=\"https:\/\/www.sbpmat.org.br\/pt\/boletim-da-sbpmat-edicao-no-124\/\" target=\"_blank\" rel=\"noopener\">Edi\u00e7\u00e3o n\u00ba 124. 28 de fevereiro de 2023<\/a>.<\/li>\n<li><a href=\"https:\/\/www.sbpmat.org.br\/pt\/edicao-no-123-31-de-janeiro-de-2023\/\" target=\"_blank\" rel=\"noopener\">Edi\u00e7\u00e3o n\u00ba 123. 31 de janeiro de 2023.<\/a><\/li>\n<li><a href=\"https:\/\/www.sbpmat.org.br\/pt\/boletim-da-sbpmat-edicao-no-122\/\" target=\"_blank\" rel=\"noopener\">Edi\u00e7\u00e3o n\u00ba 122. 22 de dezembro de 2022.<\/a><\/li>\n<li><a href=\"https:\/\/www.sbpmat.org.br\/pt\/edicao-no-121-8-de-dezembro-de-2022\/\" target=\"_blank\" rel=\"noopener\">Edi\u00e7\u00e3o n\u00ba 121. 08 de dezembro de 2022.<\/a><\/li>\n<li><a href=\"https:\/\/www.sbpmat.org.br\/pt\/edicao-especial\/\" target=\"_blank\" rel=\"noopener\">Edi\u00e7ao n\u00ba 120. 04 de novembro de 2022. Especial: Reportagem do XX B-MRS Meeting!<\/a><\/li>\n<li>Outubro: XX B-MRS Meeting daily digests for attendees.<\/li>\n<li><a href=\"https:\/\/www.sbpmat.org.br\/pt\/boletim-da-sbpmat-edicao-119a\/\" target=\"_blank\" rel=\"noopener\">Edi\u00e7\u00e3o n\u00ba 119. 31 de agosto de 2022.<\/a><\/li>\n<li><a href=\"https:\/\/www.sbpmat.org.br\/pt\/9921-2\/\" target=\"_blank\" rel=\"noopener\">Edi\u00e7\u00e3o n\u00ba 118. 31 de julho de 2022.<\/a><\/li>\n<li><a href=\"https:\/\/www.sbpmat.org.br\/pt\/boletim-da-sbpmat-edicao-117a\/\" target=\"_blank\" rel=\"noopener\">Edi\u00e7\u00e3o n\u00ba 117. 30 de junho de 2022.<\/a><\/li>\n<li><a href=\"https:\/\/www.sbpmat.org.br\/pt\/boletim-da-sbpmat-116a-edicao\/\" target=\"_blank\" rel=\"noopener\">Edi\u00e7\u00e3o n\u00ba 116.\u00a031 de maio de 2022.<\/a><\/li>\n<li><a href=\"https:\/\/www.sbpmat.org.br\/pt\/boletim-da-sbpmat-edicao-no-115\/\" target=\"_blank\" rel=\"noopener\">Edi\u00e7\u00e3o n\u00ba 115.\u00a030 de\u00a0abril de 2022.<\/a><\/li>\n<li><a href=\"https:\/\/www.sbpmat.org.br\/pt\/boletim-da-sbpmat-edicao-no-114\/\" target=\"_blank\" rel=\"noopener\">Edi\u00e7\u00e3o n\u00ba 114. 31 de mar\u00e7o de 2022.<\/a><\/li>\n<li><a href=\"https:\/\/www.sbpmat.org.br\/pt\/boletim-da-sbpmat-edicao-no-113\/\" target=\"_blank\" rel=\"noopener\">Edi\u00e7\u00e3o n\u00ba 113. 28 de fevereiro de 2022.<\/a><\/li>\n<li><a href=\"https:\/\/www.sbpmat.org.br\/pt\/boletim-da-sbpmat-edicao-no-112\/\" target=\"_blank\" rel=\"noopener\">Edi\u00e7\u00e3o n\u00ba 112. 31 de janeiro de 2022.<\/a><\/li>\n<li><a href=\"https:\/\/www.sbpmat.org.br\/pt\/boletim-da-sbpmat-edicao-no-111\/\" target=\"_blank\" rel=\"noopener\">Edi\u00e7\u00e3o n\u00ba 111. 22 de dezembro de 2021.<\/a><\/li>\n<li><a href=\"https:\/\/www.sbpmat.org.br\/pt\/edicao-no-110-30-de-novembro-de-2021\/\" target=\"_blank\" rel=\"noopener\">Edi\u00e7\u00e3o n\u00ba 110. 30 de novembro de 2021.<\/a><\/li>\n<li><a href=\"https:\/\/www.sbpmat.org.br\/pt\/edicao-no-109-31-de-outubro-de-2021\/\" target=\"_blank\" rel=\"noopener\">Edi\u00e7\u00e3o n\u00ba 109. 31 de outubro de 2021.<\/a><\/li>\n<li><a href=\"https:\/\/www.sbpmat.org.br\/pt\/boletim-da-sbpmat-edicao-especial-reportagem-do-xix-b-mrs-meeting\/\">Edi\u00e7ao n\u00ba 108. 31 de setembro de 2021. Especial: Reportagem do XIX B-MRS Meeting!<\/a><\/li>\n<li>Agosto: XIX B-MRS daily digests for attendees.<\/li>\n<li><a href=\"https:\/\/www.sbpmat.org.br\/pt\/boletim-da-sbpmat-107a-edicao\/\" target=\"_blank\" rel=\"noopener\">Edi\u00e7\u00e3o n\u00ba 107. 31 de julho de 2021.<\/a><\/li>\n<li><a href=\"https:\/\/www.sbpmat.org.br\/pt\/boletim-da-sbpmat-106a-edicao\/\" target=\"_blank\" rel=\"noopener\">Edi\u00e7\u00e3o n\u00ba 106. 30 de junho de 2021.<\/a><\/li>\n<li><a href=\"https:\/\/www.sbpmat.org.br\/pt\/boletim-da-sbpmat-105a-edicao\/\">Edi\u00e7\u00e3o n\u00ba 105. 31 de maio de 2021.<\/a><\/li>\n<li><a href=\"https:\/\/www.sbpmat.org.br\/pt\/boletim-da-sbpmat-104a-edicao\/\">Edi\u00e7\u00e3o n\u00ba 104. 30 de abril de 2021.<\/a><\/li>\n<li><a href=\"https:\/\/www.sbpmat.org.br\/pt\/boletim-da-sbpmat-103a-edicao\/\">Edi\u00e7\u00e3o n\u00ba 103. 31 de mar\u00e7o de 2021.<\/a><\/li>\n<li><a href=\"https:\/\/www.sbpmat.org.br\/pt\/boletim-da-sbpmat-102a-edicao\/\">Edi\u00e7\u00e3o n\u00ba 102. 28 de fevereiro de 2021.<\/a><\/li>\n<li><a href=\"https:\/\/www.sbpmat.org.br\/pt\/boletim-da-sbpmat-101a-edicao\/\">Edi\u00e7\u00e3o n\u00ba 101. 31 de janeiro de 2021.<\/a><\/li>\n<li><a href=\"https:\/\/www.sbpmat.org.br\/pt\/boletim-da-sbpmat-100a-edicao-especial-final-de-ano\/\">Edi\u00e7\u00e3o n\u00ba 100. 22 de dezembro de 2020.<\/a><\/li>\n<li><a href=\"https:\/\/www.sbpmat.org.br\/pt\/boletim-da-sbpmat-99a-edicao\/\">Edi\u00e7\u00e3o n\u00ba 99. 30 de novembro de 2020.<\/a><\/li>\n<li><a href=\"https:\/\/www.sbpmat.org.br\/pt\/boletim-da-sbpmat-98a-edicao\/\">Edi\u00e7\u00e3o n\u00ba 98. 31 de outubro de 2020.<\/a><\/li>\n<li><a href=\"https:\/\/www.sbpmat.org.br\/pt\/boletim-da-sbpmat-97a-edicao\/\">Edi\u00e7\u00e3o n\u00ba 97. 30 de setembro de 2020.<\/a><\/li>\n<li><a href=\"https:\/\/www.sbpmat.org.br\/pt\/boletim-da-sbpmat-96a-edicao\/\">Edi\u00e7\u00e3o n\u00ba 96. 31 de agosto de 2020.<\/a><\/li>\n<li><a href=\"https:\/\/www.sbpmat.org.br\/pt\/boletim-da-sbpmat-94a-edicao-2\/\">Edi\u00e7\u00e3o n\u00ba 95. 31 de julho de 2020.<\/a><\/li>\n<li><a href=\"https:\/\/www.sbpmat.org.br\/pt\/boletim-da-sbpmat-94a-edicao\/\">Edi\u00e7\u00e3o n\u00ba 94. 30 de junho de 2020.<\/a><\/li>\n<li><a href=\"https:\/\/www.sbpmat.org.br\/pt\/boletim-da-sbpmat-93a-edicao\/\">Edi\u00e7\u00e3o n\u00ba 93. 30 de maio de 2020.<\/a><\/li>\n<li><a href=\"https:\/\/www.sbpmat.org.br\/pt\/boletim-da-sbpmat-92a-edicao\/\">Edi\u00e7\u00e3o n\u00ba 92. 30 de abril de 2020.<\/a><\/li>\n<li><a href=\"https:\/\/www.sbpmat.org.br\/pt\/boletim-da-sbpmat-91a-edicao\/\">Edi\u00e7\u00e3o n\u00ba 91. 31 de mar\u00e7o de 2020.<\/a><\/li>\n<li><a href=\"https:\/\/www.sbpmat.org.br\/pt\/8449-2\/\">Edi\u00e7\u00e3o n\u00ba 90. 29 de fevereiro de 2020.<\/a><\/li>\n<li><a href=\"https:\/\/www.sbpmat.org.br\/pt\/boletim-da-sbpmat-89a-edicao\/\">Edi\u00e7\u00e3o n\u00ba 89. 31 de janeiro de 2020.<\/a><\/li>\n<li><a href=\"https:\/\/www.sbpmat.org.br\/pt\/boletim-da-sbpmat-88a-edicao\/\">Edi\u00e7\u00e3o n\u00ba 88. 18 de dezembro de 2019.<\/a><\/li>\n<li><a href=\"https:\/\/www.sbpmat.org.br\/pt\/boletim-da-sbpmat-87a-edicao\/\">Edi\u00e7\u00e3o n\u00ba 87. 30 de novembro de 2019.<\/a><\/li>\n<li><a href=\"https:\/\/www.sbpmat.org.br\/pt\/boletim-da-sbpmat-edicao-especial-reportagem-do-xviii-b-mrs-meeting\/\">Edi\u00e7\u00e3o n\u00ba 86. 31 de outubro de 2019. Especial: Reportagem do XVIII B-MRS Meeting!<\/a><\/li>\n<li><a href=\"https:\/\/www.sbpmat.org.br\/pt\/b-mrs-newsletter-get-ready-for-the-xviii-b-mrs-meeting\/\">Edi\u00e7\u00e3o n\u00ba 85. 20 de setembro de 2019. Especial: Get ready for the XVIII B-MRS Meeting!<\/a><\/li>\n<li><a href=\"https:\/\/www.sbpmat.org.br\/pt\/boletim-da-sbpmat-84a-edicao\/\">Edi\u00e7\u00e3o n\u00ba 84. 31 de agosto de 2019.<\/a><\/li>\n<li><a href=\"https:\/\/www.sbpmat.org.br\/pt\/boletim-da-sbpmat-83a-edicao\/\">Edi\u00e7\u00e3o n\u00ba 83. 31 de julho de 2019.<\/a><\/li>\n<li><a href=\"https:\/\/www.sbpmat.org.br\/pt\/boletim-da-sbpmat-82-a-edicao\/\">Edi\u00e7\u00e3o n\u00ba 82. 29 de junho de 2019.<\/a><\/li>\n<li><a href=\"https:\/\/www.sbpmat.org.br\/pt\/boletim-da-sbpmat-81a-edicao\/\">Edi\u00e7\u00e3o n\u00ba 81. 31 de maio de 2019.<\/a><\/li>\n<li><a href=\"https:\/\/www.sbpmat.org.br\/pt\/boletim-da-sbpmat-80a-edicao\/\">Edi\u00e7\u00e3o n\u00ba 80. 30 de abril de 2019.<\/a><\/li>\n<li><a href=\"https:\/\/www.sbpmat.org.br\/pt\/boletim-da-sbpmat-79a-edicao\/\">Edi\u00e7\u00e3o n\u00ba 79. 31 de mar\u00e7o de 2019.<\/a><\/li>\n<li><a href=\"https:\/\/www.sbpmat.org.br\/pt\/boletim-da-sbpmat-78a-edicao\/\">Edi\u00e7\u00e3o n\u00ba 78. 28 de fevereiro de 2019.<\/a><\/li>\n<li><a href=\"https:\/\/www.sbpmat.org.br\/pt\/boletim-da-sbpmat-77a-edicao\/\">Edi\u00e7\u00e3o n\u00ba 77. 31 de\u00a0janeiro de 2019.<\/a><\/li>\n<li><a href=\"https:\/\/www.sbpmat.org.br\/pt\/boletim-da-sbpmat-76a-edicao\/\">Edi\u00e7\u00e3o n\u00ba 76. 21 de dezembro de 2018.<\/a><\/li>\n<li><a href=\"https:\/\/www.sbpmat.org.br\/pt\/boletim-da-sbpmat-75a-edicao\/\">Edi\u00e7\u00e3o n\u00ba 75. 30 de novembro de 2018.<\/a><\/li>\n<li><a href=\"https:\/\/www.sbpmat.org.br\/pt\/boletim-da-sbpmat-74a-edicao\/\">Edi\u00e7\u00e3o n\u00ba 74. 31 de outubro de 2018.<\/a><\/li>\n<li><a href=\"https:\/\/www.sbpmat.org.br\/pt\/boletim-da-sbpmat-edicao-especial-sobre-o-xvii-encontro-da-sbpmatb-mrs-meeting\/\">Edi\u00e7\u00e3o n\u00ba 73. 30 de setembro de 2018. Cobertura do XVII Encontro da SBPMat.<\/a><\/li>\n<li><a href=\"https:\/\/www.sbpmat.org.br\/pt\/boletim-da-sbpmat-72a-edicao\/\">Edi\u00e7\u00e3o n\u00ba 72. 31 de agosto de 2018. Especial XVII Encontro da SBPMat (pr\u00e9vio).<\/a><\/li>\n<li><a href=\"https:\/\/www.sbpmat.org.br\/pt\/boletim-da-sbpmat-71a-edicao\/\">Edi\u00e7\u00e3o n\u00ba 71. 31 de julho de 2018.<\/a><\/li>\n<li><a href=\"https:\/\/www.sbpmat.org.br\/pt\/boletim-da-sbpmat-70a-edicao\/\">Edi\u00e7\u00e3o n\u00ba 70. 29 de junho de 2018.<\/a><\/li>\n<li><a href=\"https:\/\/www.sbpmat.org.br\/pt\/boletim-da-sbpmat-69a-edicao\/\">Edi\u00e7\u00e3o n\u00ba 69. 31 de maio de 2018.<\/a><\/li>\n<li><a href=\"https:\/\/www.sbpmat.org.br\/pt\/boletim-da-sbpmat-68a-edicao\/\">Edi\u00e7\u00e3o n\u00ba 68. 30 de abril de 2018.<\/a><\/li>\n<li><a href=\"https:\/\/www.sbpmat.org.br\/pt\/boletim-da-sbpmat-67a-edicao\/\">Edi\u00e7\u00e3o n\u00ba 67. 30 de mar\u00e7o de 2018.<\/a><\/li>\n<li><a href=\"http:\/\/sbpmat.org.br\/pt\/boletim-da-sbpmat-66a-edicao\/\">Edi\u00e7\u00e3o n\u00ba 66. 28 de fevereiro de 2018.<\/a><\/li>\n<li><a href=\"http:\/\/sbpmat.org.br\/pt\/boletim-da-sbpmat-65a-edicao\/\">Edi\u00e7\u00e3o n\u00ba 65. 31 de janeiro de 2018.<\/a><\/li>\n<li><a href=\"http:\/\/sbpmat.org.br\/pt\/boletim-da-sbpmat-64a-edicao\/\">Edi\u00e7\u00e3o n\u00ba 64. 18 de dezembro de 2017.<\/a><\/li>\n<li><a href=\"http:\/\/sbpmat.org.br\/pt\/boletim-da-sbpmat-63a-edicao\/\">Edi\u00e7\u00e3o n\u00ba 63. 30 de novembro de 2017.<\/a><\/li>\n<li><a href=\"http:\/\/sbpmat.org.br\/pt\/boletim-da-sbpmat-62a-edicao\/\">Edi\u00e7\u00e3o n\u00ba 62. 31 de outubro de 2017.<\/a><\/li>\n<li><a href=\"http:\/\/sbpmat.org.br\/pt\/boletim-da-sbpmat-edicao-especial-sobre-o-xvi-encontro-da-sbpmat\/\">Edi\u00e7\u00e3o n\u00ba 61. 30 de setembro de 2017. Especial XVI Encontro da SBPMat (cobertura do evento).<\/a><\/li>\n<li><a href=\"http:\/\/sbpmat.org.br\/pt\/6044-2\/\">Edi\u00e7\u00e3o n\u00ba 60. 31 de agosto de 2017. Especial XVI Encontro da SBPMat (pr\u00e9vio).<\/a><\/li>\n<li><a href=\"http:\/\/sbpmat.org.br\/pt\/boletim-da-sbpmat-59a-edicao\/\">Edi\u00e7\u00e3o n\u00ba 59. 31 de julho de 2017.<\/a><\/li>\n<li><a href=\"http:\/\/sbpmat.org.br\/pt\/boletim-da-sbpmat-58a-edicao\/\">Edi\u00e7\u00e3o n\u00ba 58. 30 de junho de 2017.<\/a><\/li>\n<li><a href=\"http:\/\/sbpmat.org.br\/pt\/boletim-da-sbpmat-57-a-edicao\/\">Edi\u00e7\u00e3o n\u00ba 57. 31 de maio de 2017.<\/a><\/li>\n<li><a href=\"http:\/\/sbpmat.org.br\/pt\/boletim-da-sbpmat-56a-edicao\/\">Edi\u00e7\u00e3o n\u00ba 56. 28 de abril de 2017.<\/a><\/li>\n<li><a href=\"http:\/\/sbpmat.org.br\/pt\/boletim-da-sbpmat-55a-edicao\/\">Edi\u00e7\u00e3o n\u00ba 55. 31 de mar\u00e7o de 2017.<\/a><\/li>\n<li><a href=\"http:\/\/sbpmat.org.br\/pt\/boletim-da-sbpmat-54a-edicao\/\">Edi\u00e7\u00e3o n\u00ba 54. 27 de fevereiro de 2017.<\/a><\/li>\n<li><a href=\"http:\/\/sbpmat.org.br\/pt\/boletim-da-sbpmat-edicao-53\/\">Edi\u00e7\u00e3o n\u00ba 53. 31 de janeiro de 2017.<\/a><\/li>\n<li><a href=\"http:\/\/sbpmat.org.br\/pt\/boletim-da-sbpmat-edicao-52\/\">Edi\u00e7\u00e3o n\u00ba 52. 22 de dezembro de 2016.<\/a><\/li>\n<li><a href=\"http:\/\/sbpmat.org.br\/pt\/boletim-da-sbpmat-edicao-51\/\">Edi\u00e7\u00e3o n\u00ba 51. 30 de novembro de 2016.<\/a><\/li>\n<li><a href=\"http:\/\/sbpmat.org.br\/pt\/boletim-da-sbpmat-edicao-especial-sobre-o-xv-b-mrs-meeting\/\">Edi\u00e7\u00e3o n\u00ba 50. Especial XV Encontro da SBPMat (cobertura do evento).<\/a><\/li>\n<li><a href=\"http:\/\/sbpmat.org.br\/pt\/4727-2\/\">Edi\u00e7\u00e3o n\u00ba 49. Special issue: XV B-MRS Meeting (previous).<\/a><\/li>\n<li><a href=\"http:\/\/sbpmat.org.br\/pt\/boletim-da-sbpmat-edicao-48\/\">Edi\u00e7\u00e3o n\u00ba 48. 31 de agosto de 2016.<\/a><\/li>\n<li><a href=\"http:\/\/sbpmat.org.br\/pt\/boletim-da-sbpmat-edicao-47\/\">Edi\u00e7\u00e3o n\u00ba 47. 29 de julho de 2016.<\/a><\/li>\n<li><a href=\"http:\/\/sbpmat.org.br\/boletim-da-sbpmat-edicao-46\/\">Edi\u00e7\u00e3o n\u00ba 46. 30 de junho de 2016.<\/a><\/li>\n<li><a href=\"http:\/\/sbpmat.org.br\/boletim-da-sbpmat-edicao-45\/\">Edi\u00e7\u00e3o n\u00ba 45. 31 de maio de 2016.<\/a><\/li>\n<li><a href=\"http:\/\/sbpmat.org.br\/boletim-da-sbpmat-edicao-44\/\">Edi\u00e7\u00e3o n\u00ba 44. 29 de abril de 2016.<\/a><\/li>\n<li><a href=\"http:\/\/sbpmat.org.br\/boletim-da-sbpmat-edicao-43\/\" target=\"_blank\" rel=\"noopener\">Edi\u00e7\u00e3o n\u00ba 43. 31 de mar\u00e7o de 2016.<\/a><\/li>\n<li><a href=\"http:\/\/sbpmat.org.br\/boletim-da-sbpmat-edicao-42\/\">Edi\u00e7\u00e3o n\u00ba 42. 29 de fevereiro de 2016.<\/a><\/li>\n<li><a href=\"http:\/\/sbpmat.org.br\/boletim-da-sbpmat-edicao-41\/\">Edi\u00e7\u00e3o n\u00ba 41. 29 de janeiro de 2016.<\/a><\/li>\n<li><a href=\"http:\/\/sbpmat.org.br\/boletim-da-sbpmat-edicao-40\/\">Edi\u00e7\u00e3o n\u00ba 40. 18 de dezembro de 2015.<\/a><\/li>\n<li><a href=\"http:\/\/sbpmat.org.br\/boletim-da-sbpmat-edicao-39\/\">Edi\u00e7\u00e3o n\u00ba 39. 30 de novembro de 2015.<\/a><\/li>\n<li><a href=\"http:\/\/sbpmat.org.br\/boletim-da-sbpmat-edicao-38-especial-xiv-encontro-da-sbpmat-cobertura-do-evento\/\" target=\"_blank\" rel=\"noopener\">Edi\u00e7\u00e3o n\u00ba 38. Especial XIV Encontro da SBPMat (cobertura do encontro, apenas em ingl\u00eas).<\/a><\/li>\n<li><a href=\"http:\/\/sbpmat.org.br\/boletim-da-sbpmat-edicao-37-especial-xiv-encontro-da-sbpmat\/\" target=\"_blank\" rel=\"noopener\">Edi\u00e7\u00e3o n\u00ba 37. Especial XIV Encontro da SBPMat (pr\u00e9-encontro).<\/a><\/li>\n<li><a href=\"http:\/\/sbpmat.org.br\/boletim-da-sbpmat-edicao-36\/\" target=\"_blank\" rel=\"noopener\">Edi\u00e7\u00e3o n\u00ba 36. 4 de setembro de 2015.<\/a><\/li>\n<li><a href=\"http:\/\/sbpmat.org.br\/boletim-da-sbpmat-edicao-35\/\">Edi\u00e7\u00e3o n\u00ba 35. 7 de agosto de 2015.<\/a><\/li>\n<li><a href=\"http:\/\/sbpmat.org.br\/boletim-da-sbpmat-edicao-34\/\">Edi\u00e7\u00e3o n\u00ba 34. 8 de julho de 2015.<\/a><\/li>\n<li><a href=\"http:\/\/sbpmat.org.br\/boletim-da-sbpmat-edicao-33\/\">Edi\u00e7\u00e3o n\u00ba 33. 5 de junho de 2015.<\/a><\/li>\n<li><a href=\"http:\/\/sbpmat.org.br\/boletim-da-sbpmat-edicao-32\/\">Edi\u00e7\u00e3o n\u00ba 32. 8 de maio de 2015.<\/a><\/li>\n<li><a href=\"http:\/\/sbpmat.org.br\/boletim-sbpmat-edicao-31\/\">Edi\u00e7\u00e3o n\u00ba 31. 2 de abril de 2015.<\/a><\/li>\n<li><a href=\"http:\/\/sbpmat.org.br\/boletim-sbpmat-edicao-30\/\">Edi\u00e7\u00e3o n\u00ba 30. 6 de mar\u00e7o de 2015.<\/a><\/li>\n<li><a href=\"http:\/\/sbpmat.org.br\/boletim-sbpmat-edicao-29\/\">Edi\u00e7\u00e3o n\u00ba 29. 6 de fevereiro de 2015.<\/a><\/li>\n<li><a href=\"http:\/\/sbpmat.org.br\/boletim-sbpmat-edicao-28-dezembro-2014\/\">Edi\u00e7\u00e3o n\u00ba 28. Dezembro de 2014.<\/a><\/li>\n<li><a href=\"http:\/\/sbpmat.org.br\/boletim-sbpmat-edicao-27-novembro-2014\/\" target=\"_blank\" rel=\"noopener\">Edi\u00e7\u00e3o n\u00ba 27. Novembro de 2014.<\/a><\/li>\n<li><a href=\"http:\/\/sbpmat.org.br\/boletim-sbpmat-edicao-26-outubro-2014-cobertura-multimidia-xiii-encontro-da-sbpmat\/\">Edi\u00e7\u00e3o n\u00ba 26. Outubro de 2014.<\/a><\/li>\n<li><a href=\"http:\/\/sbpmat.org.br\/boletim-sbpmat-edicao-25-setembro-2014-especial-xiii-encontro-da-sbpmat\/\">Edi\u00e7\u00e3o n\u00ba 25. Setembro de 2014.<\/a><\/li>\n<li><a href=\"http:\/\/sbpmat.org.br\/boletim-sbpmat-edicao-24-agosto-2014\/\">Edi\u00e7\u00e3o n\u00ba 24. Agosto de 2014<\/a>.<\/li>\n<li><a href=\"http:\/\/sbpmat.org.br\/boletim-sbpmat-edicao-23-julho-2014\/\">Edi\u00e7\u00e3o n\u00ba 23. Julho de 2014.<\/a><\/li>\n<li><a href=\"http:\/\/sbpmat.org.br\/boletim-sbpmat-edicao-22-junho-2014\/\">Edi\u00e7\u00e3o n\u00ba 22. Junho de 2014.<\/a><\/li>\n<li><a href=\"http:\/\/sbpmat.org.br\/boletim-sbpmat-edicao-21-maio-2014\/\">Edi\u00e7\u00e3o n\u00ba 21. Maio de 2014.<\/a><\/li>\n<li><a href=\"http:\/\/sbpmat.org.br\/?p=2276\">Edi\u00e7\u00e3o n\u00ba 20. Abril de 2014.<\/a><\/li>\n<li><a href=\"http:\/\/sbpmat.org.br\/boletim-sbpmat-edicao-19-marco-2014\/\">Edi\u00e7\u00e3o n\u00ba 19. Mar\u00e7o de 2014.<\/a><\/li>\n<li><a href=\"http:\/\/sbpmat.org.br\/boletim-sbpmat-edicao-18-fevereiro-2014\/\">Edi\u00e7\u00e3o n\u00ba 18. Fevereiro de 2014.<\/a><\/li>\n<li><a href=\"http:\/\/sbpmat.org.br\/boletim-sbpmat-edicao-17-janeiro-2014\/\">Edi\u00e7\u00e3o n\u00ba 17. Janeiro de 2014.<\/a><\/li>\n<li><a href=\"http:\/\/sbpmat.org.br\/boletim-sbpmat-edicao-16-dezembro-2013\/\">Edi\u00e7\u00e3o n\u00ba 16. Dezembro de 2013.<\/a><\/li>\n<li><a href=\"http:\/\/sbpmat.org.br\/boletim-sbpmat-edicao-15-novembro-2013\/\">Edi\u00e7\u00e3o n\u00ba 15. Novembro de 2013.<\/a><\/li>\n<li><a href=\"http:\/\/sbpmat.org.br\/boletim-sbpmat-edicao-14-outubro-2013\/\">Edi\u00e7\u00e3o n\u00ba 14. Outubro de 2013.<\/a><\/li>\n<li><a href=\"http:\/\/sbpmat.org.br\/boletim-sbpmat-edicao-13-setembro-2013\/\" target=\"_blank\" rel=\"noopener\">Edi\u00e7\u00e3o n\u00ba 13. Setembro de 2013.<\/a><\/li>\n<li><a href=\"http:\/\/sbpmat.org.br\/boletim-sbpmat-edicao-12-agosto-2013\/\" target=\"_blank\" rel=\"noopener\">Edi\u00e7\u00e3o n\u00ba 12. Agosto de 2013.<\/a><\/li>\n<li><a href=\"http:\/\/sbpmat.org.br\/boletim-sbpmat-edicao-11-julho-2013\/\" target=\"_blank\" rel=\"noopener\">Edi\u00e7\u00e3o n\u00ba 11. Julho de 2013.<\/a><\/li>\n<li><a href=\"http:\/\/sbpmat.org.br\/boletim-sbpmat-edicao-10-junho-2013\/\" target=\"_blank\" rel=\"noopener\">Edi\u00e7\u00e3o n\u00ba 10. Junho de 2013.<\/a><\/li>\n<li><a href=\"http:\/\/sbpmat.org.br\/boletim-sbpmat-edicao-9-maio-2013\/\" target=\"_blank\" rel=\"noopener\">Edi\u00e7\u00e3o n\u00ba 9. Maio de 2013.<\/a><\/li>\n<li><a href=\"http:\/\/sbpmat.org.br\/boletim-sbpmat-edicao-8-abril-2013\/\" target=\"_blank\" rel=\"noopener\">Edi\u00e7\u00e3o n\u00ba 8. Abril de 2013.<\/a><\/li>\n<li><a href=\"http:\/\/sbpmat.org.br\/boletim-sbpmat-edicao-7-marco-2013\/\" target=\"_blank\" rel=\"noopener\">Edi\u00e7\u00e3o n\u00ba 7. Mar\u00e7o de 2013.<\/a><\/li>\n<li><a href=\"http:\/\/sbpmat.org.br\/boletim-sbpmat-edicao-6-fevereiro-2013\/\" target=\"_blank\" rel=\"noopener\">Edi\u00e7\u00e3o n\u00ba 6. Fevereiro de 2013.<\/a><\/li>\n<li><a href=\"http:\/\/sbpmat.org.br\/?p=1023\" target=\"_blank\" rel=\"noopener\">Edi\u00e7\u00e3o n\u00ba 5. Janeiro de 2013.<\/a><\/li>\n<li><a href=\"http:\/\/sbpmat.org.br\/?p=952\">Edi\u00e7\u00e3o n\u00ba 4. Dezembro de 2012.<\/a><\/li>\n<li><a href=\"http:\/\/sbpmat.org.br\/?p=912\" target=\"_blank\" rel=\"noopener\">Edi\u00e7\u00e3o n\u00ba 3. Novembro de 2012<\/a>.<\/li>\n<li><a href=\"http:\/\/sbpmat.org.br\/boletim-sbpmat-edicao-2-outubro-de-2012\/\" target=\"_blank\" rel=\"noopener\">Edi\u00e7\u00e3o n\u00ba 2. Outubro de 2012<\/a>.<\/li>\n<li><a href=\"http:\/\/sbpmat.org.br\/boletim-da-sbpmat-edicao-1-setembro-de-2012\/\" target=\"_blank\" rel=\"noopener\">Edi\u00e7\u00e3o n\u00ba 1. Setembro de 2012.<\/a><\/li>\n<\/ul>\n<p>Acesse os boletins eletr\u00f4nicos enviados pela SBPMat, com not\u00edcias internas para os associados, em 2003 e 2004:<\/p>\n<ul>\n<li><a href=\"http:\/\/www.sbpmat.org.br\/boletim3\/\">3\u00ba Boletim Eletr\u00f4nico<\/a>\u00a0(ano 2, n\u00ba 1)<\/li>\n<li><a href=\"http:\/\/www.sbpmat.org.br\/boletim2\/\">2\u00ba Boletim Eletr\u00f4nico<\/a>\u00a0(ano 1, n\u00ba 2)<\/li>\n<li><a href=\"http:\/\/www.sbpmat.org.br\/boletim1\/\">1\u00ba Boletim Eletr\u00f4nico<\/a>\u00a0 (ano 1, n\u00ba 1)<\/li>\n<\/ul>\n<p><\/p>","protected":false},"excerpt":{"rendered":"<p>Mensalmente, a SBPMat elabora e envia um boletim eletr\u00f4nico com not\u00edcias da sociedade, mat\u00e9rias de divulga\u00e7\u00e3o cient\u00edfica, reportagens sobre hist\u00f3ria da pesquisa em Materiais no Brasil, entrevistas com cientistas destacados na \u00e1rea, oportunidades e eventos, entre outras informa\u00e7\u00f5es. Para receber o boletim, basta cadastrar um endere\u00e7o de e-mail v\u00e1lido na p\u00e1gina inicial de nosso site. [&hellip;]<\/p>\n","protected":false},"author":1,"featured_media":0,"parent":0,"menu_order":0,"comment_status":"closed","ping_status":"closed","template":"","meta":{"footnotes":""},"_links":{"self":[{"href":"https:\/\/www.sbpmat.org.br\/pt\/wp-json\/wp\/v2\/pages\/64"}],"collection":[{"href":"https:\/\/www.sbpmat.org.br\/pt\/wp-json\/wp\/v2\/pages"}],"about":[{"href":"https:\/\/www.sbpmat.org.br\/pt\/wp-json\/wp\/v2\/types\/page"}],"author":[{"embeddable":true,"href":"https:\/\/www.sbpmat.org.br\/pt\/wp-json\/wp\/v2\/users\/1"}],"replies":[{"embeddable":true,"href":"https:\/\/www.sbpmat.org.br\/pt\/wp-json\/wp\/v2\/comments?post=64"}],"version-history":[{"count":182,"href":"https:\/\/www.sbpmat.org.br\/pt\/wp-json\/wp\/v2\/pages\/64\/revisions"}],"predecessor-version":[{"id":11661,"href":"https:\/\/www.sbpmat.org.br\/pt\/wp-json\/wp\/v2\/pages\/64\/revisions\/11661"}],"wp:attachment":[{"href":"https:\/\/www.sbpmat.org.br\/pt\/wp-json\/wp\/v2\/media?parent=64"}],"curies":[{"name":"wp","href":"https:\/\/api.w.org\/{rel}","templated":true}]}}