{"id":6251,"date":"2017-11-28T10:27:37","date_gmt":"2017-11-28T13:27:37","guid":{"rendered":"http:\/\/sbpmat.org.br\/?page_id=6251"},"modified":"2024-02-16T15:55:39","modified_gmt":"2024-02-16T18:55:39","slug":"eleicoes-sbpmat-2017","status":"publish","type":"page","link":"https:\/\/www.sbpmat.org.br\/pt\/eleicoes-sbpmat-2017\/","title":{"rendered":"Elei\u00e7\u00f5es SBPMat 2017"},"content":{"rendered":"<p><\/p>\n<p style=\"text-align: right;\">30 de janeiro de 2018<\/p>\n<p>Prezados S\u00f3cios da SBPMat,<\/p>\n<p>Ap\u00f3s apurados os votos da elei\u00e7\u00e3o para a Diretoria Executiva e Membros do Conselho Deliberativo da SBPMat, a comiss\u00e3o eleitoral declara eleitos os seguintes nomes:<\/p>\n<p><strong>DIRETORIA EXECUTIVA<\/strong><\/p>\n<p><strong>Presidente:<\/strong> Osvaldo Novais de Oliveira Junior (IFSC-USP).<\/p>\n<p><strong>Diretor de Administra\u00e7\u00e3o, Finan\u00e7as e Patrim\u00f4nio:<\/strong> Rubem Luis Sommer (CBPF).<\/p>\n<p><strong>Diretores Cient\u00edficos:<\/strong> Antonio Eduardo Martinelli (UFRN), Daniel Eduardo Weibel (UFRGS), Glaura Goulart Silva (UFMG), I\u00eada Maria Garcia dos Santos (UFPB) e M\u00f4nica Alonso Cotta (UNICAMP).<\/p>\n<p><strong>MEMBROS DO CONSELHO DELIBERATIVO<\/strong><\/p>\n<ul>\n<li>Jos\u00e9 Antonio Eiras (UFSCar) \u2013 Titular<\/li>\n<li>Pedro Augusto de Paula Nascente (UFSCar) &#8211; Suplente<\/li>\n<\/ul>\n<p>Os demais suplentes eleitos s\u00e3o:<\/p>\n<ul>\n<li>Lu\u00eds Augusto Sousa Marques Rocha (UNESP)<\/li>\n<li>Milton Sergio Fernandes de Lima (CTA)<\/li>\n<li>Manuel Henrique Lente (UNIFESP)<\/li>\n<\/ul>\n<p>Desejamos \u00e0 nova Diretoria sucesso em sua futura administra\u00e7\u00e3o.<\/p>\n<p>PS: Informa\u00e7\u00f5es detalhadas sobre a vota\u00e7\u00e3o encontram-se <a href=\"http:\/\/sbpmat.org.br\/site\/wp-content\/uploads\/2017\/11\/Resultado_Elei\u00e7\u00e3o2018_SBPMAT.pdf\">neste relat\u00f3rio<\/a>.<\/p>\n<p>Atenciosamente<br \/>\nComiss\u00e3o Eleitoral<br \/>\nLaura O Peres\/ Cicero R Cena\/ Marco Cremona<\/p>\n<p>&nbsp;<\/p>\n<p style=\"text-align: right;\">29 de dezembro de 2017<\/p>\n<p>Prezados S\u00f3cios da SBPMat,<\/p>\n<p>Informamos que a partir do dia 05\/01\/2018 estar\u00e3o abertas at\u00e9 dia 26\/01\/2018 as vota\u00e7\u00f5es para a escolha da Diretoria Executiva e dos novos membros do Conselho Deliberativo da SBPMat. Esclarecemos que a vota\u00e7\u00e3o ser\u00e1 feita diretamente no portal da SBPMat no endere\u00e7o <a href=\"http:\/\/www.sbpmat.org.br\/\">www.sbpmat.org.br<\/a>.<\/p>\n<p>Em reuni\u00e3o realizada hoje dia 29\/12\/2017 foi homologada a chapa candidata \u00e0 Diretoria abaixo:<\/p>\n<ul>\n<li><strong>Presidente:<\/strong> Osvaldo Novais de Oliveira Junior.<\/li>\n<li><strong>Diretor de Administra\u00e7\u00e3o, Finan\u00e7as e Patrim\u00f4nio:<\/strong> Rubem Luis Sommer.<\/li>\n<li><strong>Diretores Cient\u00edficos:<\/strong> Antonio Eduardo Martinelli, Daniel Eduardo Weibel, Glaura Goulart Silva, I\u00eada Maria Garcia dos Santos e M\u00f4nica Alonso Cotta.<\/li>\n<\/ul>\n<p>Neste\u00a0<a href=\"http:\/\/sbpmat.org.br\/site\/wp-content\/uploads\/2017\/11\/Plano-Chapa-1-SBPMat.pdf\">arquivo<\/a>, disponibilizamos a proposta de programa elaborada pela chapa candidata \u00e0 Diretoria Executiva.<\/p>\n<p>Al\u00e9m disso divulgamos abaixo os candidatos que mostraram interesse em serem votados para o Conselho Deliberativo:<\/p>\n<ul>\n<li>Jos\u00e9 Ant\u00f4nio Eiras &#8211; UFSCar<\/li>\n<li>Luis Augusto Rocha &#8211; UNESP<\/li>\n<li>Manuel Henrique Lente &#8211; UNIFESP<\/li>\n<li>Milton Sergio Fernandes de Lima &#8211; CTA<\/li>\n<li>Pedro Augusto de Paula Nascente &#8211; UFSCar<\/li>\n<li>Sydney Ferreira Santos &#8211; UFABC<\/li>\n<\/ul>\n<p>Informamos tamb\u00e9m que todos os s\u00f3cios em situa\u00e7\u00e3o regular junto \u00e0 SBPMat est\u00e3o aptos a votarem.<\/p>\n<p>Atenciosamente<\/p>\n<p>Comiss\u00e3o Eleitoral<\/p>\n<p>Laura O. P\u00e9res \/ Cicero R. Cena \/ Marco Cremona<\/p>\n<p>&nbsp;<\/p>\n<p>&#8212;&#8212;&#8212;&#8212;&#8212;&#8212;&#8212;&#8212;&#8212;&#8212;&#8212;&#8212;&#8212;&#8212;&#8212;&#8212;&#8212;&#8212;&#8212;&#8212;&#8212;&#8211;<\/p>\n<p style=\"text-align: right;\">28 de novembro de 2017<\/p>\n<p>Prezados S\u00f3cios da Sociedade Brasileira de Pesquisa em Materiais (SBPMat),<\/p>\n<p>Neste ano ocorrer\u00e3o elei\u00e7\u00f5es para a Diretoria Executiva e para o Conselho Deliberativo da SBPMat.<\/p>\n<p>A Comiss\u00e3o encarregada de organizar o processo eleitoral est\u00e1 estabelecendo o calend\u00e1rio para a elei\u00e7\u00e3o da Diretoria Executiva e membros do Conselho Deliberativo da SBPMat.<\/p>\n<p><strong>Cada chapa candidata \u00e0 Diretoria Executiva dever\u00e1 conter 7 (sete) nomes para os seguintes cargos:<\/strong><\/p>\n<p>&#8211; Presidente<br \/>\n&#8211; Diretor de Administra\u00e7\u00e3o, Finan\u00e7as e Patrim\u00f4nio<br \/>\n&#8211; Cinco Diretores Cient\u00edficos<\/p>\n<p><strong>A Comiss\u00e3o tamb\u00e9m informa que ser\u00e3o eleitos os seguintes Conselheiros:<\/strong><\/p>\n<p>1 (um) Conselheiro Titular e seu Conselheiro Suplente (o primeiro e o segundo nomes mais votados)<br \/>\n3 (tr\u00eas) Conselheiros Suplentes (do terceiro ao quinto nomes mais votados).<\/p>\n<p>Os tr\u00eas Conselheiros Suplentes, respeitando a ordem de classifica\u00e7\u00e3o eleitoral, ser\u00e3o os suplentes dos atuais Conselheiros Titulares, com mandato de 2018 a 2022.<\/p>\n<p>Todos os s\u00f3cios em situa\u00e7\u00e3o regular poder\u00e3o ser votados para o Conselho Deliberativo. A Comiss\u00e3o Eleitoral se encarregar\u00e1 de divulgar a lista de s\u00f3cios com interesse a serem candidatos ao Conselho.<\/p>\n<p>Os s\u00f3cios em situa\u00e7\u00e3o regular poder\u00e3o votar em uma das chapas candidatas \u00e0 Diretoria e em at\u00e9 5 (cinco) nomes para eleger o Conselheiro Titular e os Suplentes.<\/p>\n<p><strong>O calend\u00e1rio para a elei\u00e7\u00e3o \u00e9:<\/strong><\/p>\n<table border=\"1\">\n<tbody>\n<tr>\n<td style=\"text-align: center;\" width=\"165\"><\/td>\n<td style=\"text-align: center;\" width=\"165\"><strong>Data Inicial<\/strong><\/td>\n<td style=\"text-align: center;\" width=\"165\"><strong>Data Final<\/strong><\/td>\n<td style=\"text-align: center;\" width=\"165\"><strong>Procedimento<\/strong><\/td>\n<\/tr>\n<tr>\n<td width=\"165\">Prazo para regulariza\u00e7\u00e3o da situa\u00e7\u00e3o dos s\u00f3cios<\/td>\n<td width=\"165\"><\/td>\n<td width=\"165\">11\/12\/2017<\/td>\n<td width=\"165\">Atrav\u00e9s do portal da SBPMat<\/p>\n<p>www.sbpmat.org.br<\/td>\n<\/tr>\n<tr>\n<td width=\"165\">Inscri\u00e7\u00e3o Chapas para Diretoria<\/td>\n<td width=\"165\">De 14\/12\/2017<\/td>\n<td width=\"165\">\u00a0At\u00e9 22\/12\/2017<\/td>\n<td width=\"165\">Somente pelo email<\/p>\n<p>eleicoes2017@sbpmat.org.br<\/td>\n<\/tr>\n<tr>\n<td width=\"165\">Homologa\u00e7\u00e3o das inscri\u00e7\u00f5es das Chapas<\/td>\n<td width=\"165\"><\/td>\n<td width=\"165\">At\u00e9 29\/12\/2017<\/td>\n<td width=\"165\">Conselho da SBPMat<\/td>\n<\/tr>\n<tr>\n<td width=\"165\">Divulga\u00e7\u00e3o dos planos de a\u00e7\u00e3o das chapas \u00e0 Diretoria<\/td>\n<td width=\"165\"><\/td>\n<td width=\"165\">29\/12\/2017<\/td>\n<td width=\"165\">Atrav\u00e9s do portal da SBPMat e por email www.sbpmat.org.br<\/td>\n<\/tr>\n<tr>\n<td width=\"165\">Divulga\u00e7\u00e3o da lista de candidatos ao Conselho que declararam interesse<\/td>\n<td width=\"165\"><\/td>\n<td width=\"165\">29\/12\/2017<\/td>\n<td width=\"165\">Atrav\u00e9s do portal da SBPMat e por email www.sbpmat.org.br<\/td>\n<\/tr>\n<tr>\n<td width=\"165\">Elei\u00e7\u00e3o<\/td>\n<td width=\"165\">05\/01\/2018<\/td>\n<td width=\"165\">26\/01\/2018<\/td>\n<td width=\"165\">Atrav\u00e9s do portal da SBPMat www.sbpmat.org.br<\/td>\n<\/tr>\n<tr>\n<td width=\"165\">Divulga\u00e7\u00e3o dos resultados<\/td>\n<td width=\"165\">30\/01\/2018<\/td>\n<td width=\"165\"><\/td>\n<td width=\"165\">Atrav\u00e9s do portal da SBPMat e por email www.sbpmat.org.br<\/td>\n<\/tr>\n<\/tbody>\n<\/table>\n<p>&nbsp;<\/p>\n<p>A Comiss\u00e3o Eleitoral estimula aos s\u00f3cios da SBPMat a apresentar inscri\u00e7\u00f5es de chapas para a Diretoria e declarar interesse a serem votados para o Conselho Deliberativo.<\/p>\n<p>Cordialmente,<\/p>\n<p>Comiss\u00e3o Eleitoral<\/p>\n<p>Laura O. P\u00e9res,<\/p>\n<p>Cicero R. Cena<\/p>\n<p>Marco Cremona<\/p>\n<hr \/>\n<p><strong>ESCLARECIMENTOS:<\/strong><\/p>\n<p>&#8211; Todos os s\u00f3cios que pagaram a anuidade de 2017 ou que participaram do XVI Encontro e que fizeram a op\u00e7\u00e3o por associar-se a SBPMat s\u00e3o considerados s\u00f3cios em situa\u00e7\u00e3o regular poder\u00e3o ser votados para o Conselho e votar na elei\u00e7\u00e3o.<\/p>\n<p>&#8211; Caso seja necess\u00e1rio, at\u00e9 o dia 11 de Dezembro de 2017 todos poder\u00e3o regularizar sua situa\u00e7\u00e3o ou se tornarem s\u00f3cios da SBPMat atrav\u00e9s do portal www.sbpmat.org.br pagando a anuidade de 2017. Para isso, \u00e9 necess\u00e1rio clicar em\u00a0&#8220;login&#8221; (para entrar com\u00a0o login ou e-mail cadastrado, mesmo tendo esquecido a senha) ou em &#8220;criar conta&#8221; (para aqueles que ainda n\u00e3o t\u00eam cadastro de s\u00f3cios), no cabe\u00e7alho do site.<\/p>","protected":false},"excerpt":{"rendered":"<p>30 de janeiro de 2018 Prezados S\u00f3cios da SBPMat, Ap\u00f3s apurados os votos da elei\u00e7\u00e3o para a Diretoria Executiva e Membros do Conselho Deliberativo da SBPMat, a comiss\u00e3o eleitoral declara eleitos os seguintes nomes: DIRETORIA EXECUTIVA Presidente: Osvaldo Novais de Oliveira Junior (IFSC-USP). Diretor de Administra\u00e7\u00e3o, Finan\u00e7as e Patrim\u00f4nio: Rubem Luis Sommer (CBPF). Diretores Cient\u00edficos: [&hellip;]<\/p>\n","protected":false},"author":1,"featured_media":0,"parent":0,"menu_order":0,"comment_status":"closed","ping_status":"closed","template":"","meta":{"footnotes":""},"_links":{"self":[{"href":"https:\/\/www.sbpmat.org.br\/pt\/wp-json\/wp\/v2\/pages\/6251"}],"collection":[{"href":"https:\/\/www.sbpmat.org.br\/pt\/wp-json\/wp\/v2\/pages"}],"about":[{"href":"https:\/\/www.sbpmat.org.br\/pt\/wp-json\/wp\/v2\/types\/page"}],"author":[{"embeddable":true,"href":"https:\/\/www.sbpmat.org.br\/pt\/wp-json\/wp\/v2\/users\/1"}],"replies":[{"embeddable":true,"href":"https:\/\/www.sbpmat.org.br\/pt\/wp-json\/wp\/v2\/comments?post=6251"}],"version-history":[{"count":16,"href":"https:\/\/www.sbpmat.org.br\/pt\/wp-json\/wp\/v2\/pages\/6251\/revisions"}],"predecessor-version":[{"id":7586,"href":"https:\/\/www.sbpmat.org.br\/pt\/wp-json\/wp\/v2\/pages\/6251\/revisions\/7586"}],"wp:attachment":[{"href":"https:\/\/www.sbpmat.org.br\/pt\/wp-json\/wp\/v2\/media?parent=6251"}],"curies":[{"name":"wp","href":"https:\/\/api.w.org\/{rel}","templated":true}]}}