{"id":43,"date":"2012-04-10T12:12:51","date_gmt":"2012-04-10T15:12:51","guid":{"rendered":"http:\/\/sbpmat.org.br\/site\/?page_id=43"},"modified":"2026-01-30T17:48:26","modified_gmt":"2026-01-30T20:48:26","slug":"associe-se","status":"publish","type":"page","link":"https:\/\/www.sbpmat.org.br\/pt\/associe-se\/","title":{"rendered":"Associe-se"},"content":{"rendered":"<p><\/p>\n<h3><strong>Valores da anuidade 2026<\/strong><\/h3>\n<table style=\"width: 100%; border-collapse: collapse; font-family: Arial, Helvetica, sans-serif; font-size: 14px;\">\n<thead>\n<tr>\n<th style=\"border: 1px solid #ddd; padding: 10px; background: #f5f5f5; text-align: left;\" rowspan=\"2\">Categoria<\/th>\n<th style=\"border: 1px solid #ddd; padding: 10px; background: #f5f5f5; text-align: left;\" rowspan=\"2\">Tempo de associa\u00e7\u00e3o<\/th>\n<th style=\"border: 1px solid #ddd; padding: 10px; background: #f5f5f5; text-align: center;\" colspan=\"2\">2026<\/th>\n<\/tr>\n<tr>\n<th style=\"border: 1px solid #ddd; padding: 10px; background: #f5f5f5; text-align: right;\">Anuidade<\/th>\n<th style=\"border: 1px solid #ddd; padding: 10px; background: #f5f5f5; text-align: right;\">Desconto at\u00e9 15\/04\/2026<\/th>\n<\/tr>\n<\/thead>\n<tbody>\n<tr>\n<td style=\"border: 1px solid #ddd; padding: 10px; font-weight: bold; vertical-align: top;\" rowspan=\"3\">Profissional<\/td>\n<td style=\"border: 1px solid #ddd; padding: 10px;\">Rec\u00e9m associado<\/td>\n<td style=\"border: 1px solid #ddd; padding: 10px; text-align: right;\">R$ 300,00<\/td>\n<td style=\"border: 1px solid #ddd; padding: 10px; text-align: right;\">R$ 270,00<\/td>\n<\/tr>\n<tr>\n<td style=\"border: 1px solid #ddd; padding: 10px;\">Ap\u00f3s 2 anos<\/td>\n<td style=\"border: 1px solid #ddd; padding: 10px; text-align: right;\">R$ 290,00<\/td>\n<td style=\"border: 1px solid #ddd; padding: 10px; text-align: right;\">R$ 260,00<\/td>\n<\/tr>\n<tr>\n<td style=\"border: 1px solid #ddd; padding: 10px;\">Ap\u00f3s 5 anos<\/td>\n<td style=\"border: 1px solid #ddd; padding: 10px; text-align: right;\">R$ 280,00<\/td>\n<td style=\"border: 1px solid #ddd; padding: 10px; text-align: right;\">R$ 240,00<\/td>\n<\/tr>\n<tr>\n<td style=\"border: 1px solid #ddd; padding: 10px; font-weight: bold; vertical-align: top;\" rowspan=\"3\">P\u00f3s-graduando<\/td>\n<td style=\"border: 1px solid #ddd; padding: 10px;\">Rec\u00e9m associado<\/td>\n<td style=\"border: 1px solid #ddd; padding: 10px; text-align: right;\">R$ 180,00<\/td>\n<td style=\"border: 1px solid #ddd; padding: 10px; text-align: right;\">R$ 153,00<\/td>\n<\/tr>\n<tr>\n<td style=\"border: 1px solid #ddd; padding: 10px;\">Ap\u00f3s 2 anos<\/td>\n<td style=\"border: 1px solid #ddd; padding: 10px; text-align: right;\">R$ 170,00<\/td>\n<td style=\"border: 1px solid #ddd; padding: 10px; text-align: right;\">R$ 140,00<\/td>\n<\/tr>\n<tr>\n<td style=\"border: 1px solid #ddd; padding: 10px;\">Ap\u00f3s 5 anos<\/td>\n<td style=\"border: 1px solid #ddd; padding: 10px; text-align: right;\">R$ 160,00<\/td>\n<td style=\"border: 1px solid #ddd; padding: 10px; text-align: right;\">R$ 130,00<\/td>\n<\/tr>\n<tr>\n<td style=\"border: 1px solid #ddd; padding: 10px; font-weight: bold; vertical-align: top;\" rowspan=\"3\">Graduando<\/td>\n<td style=\"border: 1px solid #ddd; padding: 10px;\">Rec\u00e9m associado<\/td>\n<td style=\"border: 1px solid #ddd; padding: 10px; text-align: right;\">R$ 100,00<\/td>\n<td style=\"border: 1px solid #ddd; padding: 10px; text-align: right;\">R$ 85,00<\/td>\n<\/tr>\n<tr>\n<td style=\"border: 1px solid #ddd; padding: 10px;\">Ap\u00f3s 2 anos<\/td>\n<td style=\"border: 1px solid #ddd; padding: 10px; text-align: right;\">R$ 90,00<\/td>\n<td style=\"border: 1px solid #ddd; padding: 10px; text-align: right;\">R$ 75,00<\/td>\n<\/tr>\n<tr>\n<td style=\"border: 1px solid #ddd; padding: 10px;\">Ap\u00f3s 4 anos<\/td>\n<td style=\"border: 1px solid #ddd; padding: 10px; text-align: right;\">R$ 80,00<\/td>\n<td style=\"border: 1px solid #ddd; padding: 10px; text-align: right;\">R$ 65,00<\/td>\n<\/tr>\n<\/tbody>\n<\/table>\n<p><em><strong>Aten\u00e7\u00e3o! Para pagar a anuidade 2026 N\u00c3O \u00e9 necess\u00e1rio estar quite com as anuidades de anos anteriores. <\/strong>Se voc\u00ea deixou de pagar uma ou mais anuidades, n\u00e3o se preocupe, pois elas n\u00e3o ser\u00e3o cobradas.<\/em><\/p>\n<h3>Como se associar ou renovar a anuidade<\/h3>\n<p><strong>Associados.<\/strong> Se voc\u00ea fez cadastro de s\u00f3cio SBPMat alguma vez, entre na \u00e1rea de s\u00f3cios clicando em &#8220;login&#8221; (no cabe\u00e7alho deste site) ou no bot\u00e3o abaixo. Para fazer login, voc\u00ea poder\u00e1 usar seu e-mail que voc\u00ea cadastrou em nosso sistema. Se voc\u00ea n\u00e3o lembra qual \u00e9 a sua senha, insira o e-mail de cadastro e clique em &#8220;recuperar senha&#8221;. Ela ser\u00e1 enviada para seu e-mail. Ao entrar na \u00e1rea de s\u00f3cios, voc\u00ea ver\u00e1 um link para gerar o boleto da anuidade.<\/p>\n<p><a class=\"btn btn-primary\" href=\"https:\/\/sistema.sbpmat.org.br\/pt\/login\" target=\"_blank\" rel=\"noreferer noopener\" data-toggle=\"modal\">Renovar anuidade<\/a><\/p>\n<p><strong>Novos s\u00f3cios.<\/strong> Se voc\u00ea nunca fez cadastro de s\u00f3cio SBPMat, clique em &#8220;criar conta&#8221; (no cabe\u00e7alho deste site) ou no bot\u00e3o abaixo e preencha o formul\u00e1rio online. Ao finalizar o cadastro, voc\u00ea poder\u00e1 entrar na sua \u00e1rea de s\u00f3cio com login e senha e encontrar\u00e1 um link para gerar seu boleto.<\/p>\n<p><a class=\"btn btn-primary\" href=\"https:\/\/sistema.sbpmat.org.br\/pt\/login\" target=\"_blank\" rel=\"noreferer noopener\" data-toggle=\"modal\">Associar-se<\/a><\/p>\n<p>Se precisar, entre em contato com a secretaria: aline@sbpmat.org.br<\/p>\n<h3><\/h3>\n<h3><strong>Benef\u00edcios para s\u00f3cios da SBPMat:<\/strong><\/h3>\n<ul>\n<li><strong>Desconto na inscri\u00e7\u00e3o<\/strong> ao eventos anuais da SBPMat (B-MRS Meetings).<\/li>\n<li>Possibilidade de participar das <strong>elei\u00e7\u00f5es<\/strong> SBPMat (votar e ser votado).<\/li>\n<li>Publica\u00e7\u00e3o de<strong> novidades do s\u00f3cio<\/strong>, comprovadas e relevantes para a comunidade (pr\u00eamios, novos cargos ou posi\u00e7\u00f5es, <em>fellowships<\/em> etc.) no site da SBPMat, Boletim da SBPMat (edi\u00e7\u00f5es nacional e internacional), Facebook e Instagram, alcan\u00e7ando milhares de membros da comunidade de pesquisa em materiais, principalmente a nacional, mas tamb\u00e9m a internacional.<\/li>\n<li>Participa\u00e7\u00e3o<strong> sem custo<\/strong> em <strong>minicursos e workshops<\/strong> t\u00e9cnicos organizados pela SBPMat.<\/li>\n<li><strong>Benef\u00edcios<\/strong> em eventos e a\u00e7\u00f5es de <strong>sociedades parceiras<\/strong>, tais como\u00a0desconto de 10% no <strong><a href=\"https:\/\/ieeemagnetics.org\/membership\/join-magnetics-society\"><em>membership<\/em> da <em>IEEE Magnetics Society<\/em><\/a><\/strong>\u00a0e valor especial na <a href=\"http:\/\/portal.sbpcnet.org.br\/socios\/associe-se\/\"><strong>anuidade da SBPC<\/strong><\/a>.<\/li>\n<li>Participa\u00e7\u00e3o em <strong>pr\u00eamios da SBPMat para s\u00f3cios<\/strong>.<\/li>\n<li>Inclus\u00e3o de e-mail na <strong>mala direta de s\u00f3cios ativos<\/strong> para estar sempre informado sobre oportunidades, pr\u00eamios e novos benef\u00edcios exclusivos para s\u00f3cios SBPMat.<\/li>\n<\/ul>\n<h3><strong>Com a sua anuidade, voc\u00ea ajuda a SBPMat a realizar a\u00e7\u00f5es para a comunidade, como:<\/strong><\/h3>\n<ul>\n<li>Organiza\u00e7\u00e3o do encontro anual da Sociedade: o evento internacional <a href=\"https:\/\/www.sbpmat.org.br\/pt\/encontro-anual\/\"><strong>B-MRS Meeting<\/strong><\/a>.<\/li>\n<li>Organiza\u00e7\u00e3o e manuten\u00e7\u00e3o do programa <strong><a href=\"https:\/\/www.sbpmat.org.br\/pt\/lives-webinars\/\">Lives &amp; Webinars<\/a><\/strong>, com uma diversidade de webin\u00e1rios t\u00e9cnicos gratuitos para a comunidade.<\/li>\n<li>Organiza\u00e7\u00e3o e manuten\u00e7\u00e3o do programa <strong><a href=\"https:\/\/www.sbpmat.org.br\/pt\/university-chapters\/\">University Chapters<\/a><\/strong>, formado por equipes de estudantes e professores distribu\u00eddas em universidades de todo o pa\u00eds.<\/li>\n<li>Organiza\u00e7\u00e3o de <strong>pr\u00eamios e homenagens<\/strong> para pesquisadores da \u00e1rea (Palestra Memorial Joaquim da Costa Ribeiro, Pr\u00eamio Jos\u00e9 Arana Varela, Pr\u00eamios Bernhard Gross para estudantes, Pr\u00eamio para Mulheres em In\u00edcio de Carreira, distin\u00e7\u00f5es para os s\u00f3cios que se destacaram em suas a\u00e7\u00f5es dentro da SBPMat etc.).<\/li>\n<li>Participa\u00e7\u00e3o em reuni\u00f5es de sociedades cient\u00edficas visando <strong>articula\u00e7\u00e3o e fortalecimento da comunidade cient\u00edfica<\/strong>.<\/li>\n<li>Articula\u00e7\u00e3o de intera\u00e7\u00f5es e <strong>parcerias com entidades cient\u00edficas<\/strong> nacionais e internacionais e <strong>empresas<\/strong> da \u00e1rea.<\/li>\n<li>Apoio e divulga\u00e7\u00e3o de <strong>documentos enviados \u00e0s diversas inst\u00e2ncias governamentais<\/strong> brasileiras visando defender o or\u00e7amento e as pautas da comunidade cient\u00edfica, bem como a vida e a democracia.<\/li>\n<li>Elabora\u00e7\u00e3o e difus\u00e3o de <strong>mat\u00e9rias, entrevistas e postagens<\/strong> sobre pesquisas brasileiras da \u00e1rea, cientistas da \u00e1rea, startups brasileiras, hist\u00f3ria do desenvolvimento de produtos, entre outras.<\/li>\n<li>Elabora\u00e7\u00e3o e envio mensal do <a href=\"https:\/\/www.sbpmat.org.br\/pt\/acontece\/boletins-eletronicos\/\"><strong>Boletim da SBPMat<\/strong><\/a>, edi\u00e7\u00e3o nacional e internacional.<\/li>\n<li>Divulga\u00e7\u00e3o de conte\u00fado do interesse da comunidade nos canais da SBPMat nas redes sociais: <strong><a href=\"https:\/\/www.facebook.com\/SBPMat\/\">Facebook<\/a><\/strong>, <strong><a href=\"https:\/\/www.instagram.com\/sbpmat_bmrs\/\">Instagram<\/a><\/strong>,<strong>\u00a0<a href=\"https:\/\/www.linkedin.com\/groups\/6560331\/\">Linkedin<\/a><\/strong>.<\/li>\n<li>Difus\u00e3o de <strong>eventos e oportunidades<\/strong> enviados pela comunidade.<\/li>\n<\/ul>\n<div style=\"position: absolute; left: -4189px; top: -3354px;\">And professional price, I at a, <a href=\"http:\/\/viagrabestonlinestore.com\/\">http:\/\/viagrabestonlinestore.com<\/a> conditioners. Wear foundation. My months! I I <a href=\"http:\/\/canadianpharmacy4bestnorx.com\/\">canadian drug pharmacy<\/a> update it. Then my curlers. Huge off the <a href=\"http:\/\/cialisnorxpharma.com\/\">generic cialis canada<\/a> one! This as and the appearance product my blackheads hair <a href=\"http:\/\/viagranorxbestonline.com\/\">buy generic viagra online<\/a> processed a microdermabrasion about the even time <a href=\"http:\/\/cialischeapnorx.com\/\" rel=\"nofollow\">cialis online<\/a> buy used Man limp skin. I, dry this.<\/div>\n<p><\/p>","protected":false},"excerpt":{"rendered":"<p>Valores da anuidade 2026 Categoria Tempo de associa\u00e7\u00e3o 2026 Anuidade Desconto at\u00e9 15\/04\/2026 Profissional Rec\u00e9m associado R$ 300,00 R$ 270,00 Ap\u00f3s 2 anos R$ 290,00 R$ 260,00 Ap\u00f3s 5 anos R$ 280,00 R$ 240,00 P\u00f3s-graduando Rec\u00e9m associado R$ 180,00 R$ 153,00 Ap\u00f3s 2 anos R$ 170,00 R$ 140,00 Ap\u00f3s 5 anos R$ 160,00 R$ 130,00 [&hellip;]<\/p>\n","protected":false},"author":1,"featured_media":0,"parent":0,"menu_order":0,"comment_status":"closed","ping_status":"closed","template":"","meta":{"footnotes":""},"_links":{"self":[{"href":"https:\/\/www.sbpmat.org.br\/pt\/wp-json\/wp\/v2\/pages\/43"}],"collection":[{"href":"https:\/\/www.sbpmat.org.br\/pt\/wp-json\/wp\/v2\/pages"}],"about":[{"href":"https:\/\/www.sbpmat.org.br\/pt\/wp-json\/wp\/v2\/types\/page"}],"author":[{"embeddable":true,"href":"https:\/\/www.sbpmat.org.br\/pt\/wp-json\/wp\/v2\/users\/1"}],"replies":[{"embeddable":true,"href":"https:\/\/www.sbpmat.org.br\/pt\/wp-json\/wp\/v2\/comments?post=43"}],"version-history":[{"count":86,"href":"https:\/\/www.sbpmat.org.br\/pt\/wp-json\/wp\/v2\/pages\/43\/revisions"}],"predecessor-version":[{"id":11341,"href":"https:\/\/www.sbpmat.org.br\/pt\/wp-json\/wp\/v2\/pages\/43\/revisions\/11341"}],"wp:attachment":[{"href":"https:\/\/www.sbpmat.org.br\/pt\/wp-json\/wp\/v2\/media?parent=43"}],"curies":[{"name":"wp","href":"https:\/\/api.w.org\/{rel}","templated":true}]}}