{"id":36,"date":"2012-04-10T11:52:06","date_gmt":"2012-04-10T14:52:06","guid":{"rendered":"http:\/\/sbpmat.org.br\/site\/?page_id=36"},"modified":"2026-03-10T15:07:59","modified_gmt":"2026-03-10T18:07:59","slug":"contato","status":"publish","type":"page","link":"https:\/\/www.sbpmat.org.br\/pt\/contato\/","title":{"rendered":"Contato"},"content":{"rendered":"<p><\/p>\n<h3><strong>Secretaria da SBPMat<\/strong><\/h3>\n<p><strong>aline@sbpmat.org.br<\/strong><\/p>\n<p><strong>WhatsApp: (21) 96712-8649<\/strong><\/p>\n<p>&nbsp;<\/p>\n<h3><strong>D\u00favidas sobre o XXIII B-MRS Meeting<\/strong><\/h3>\n<p><strong>24encontro@sbpmat.org.br<\/strong><\/p>\n<p>&nbsp;<\/p>\n<h3><strong>Patroc\u00ednio do evento anual e de outras iniciativas<\/strong><\/h3>\n<p class=\"mb-2 p-0\"><strong>comercial@sbpmat.org.br<\/strong><\/p>\n<p>&nbsp;<\/p>\n<h3><strong>Comunica\u00e7\u00e3o: divulga\u00e7\u00e3o nos canais da SBPMat<\/strong><\/h3>\n<p><strong>comunicacao@sbpmat.org.br<\/strong><\/p>\n<ul>\n<li>Se voc\u00ea quer divulgar um <strong>evento<\/strong> da \u00e1rea de Materiais, envie o link da p\u00e1gina oficial do evento.<\/li>\n<li>Se voc\u00ea quer divulgar uma <strong>oportunidade<\/strong> de bolsa, emprego, est\u00e1gio, sele\u00e7\u00e3o de mestrado\/ doutorado etc. na \u00e1rea de Materiais, envie o link do site oficial que tem as informa\u00e7\u00f5es da vaga. Se n\u00e3o houver um site com essas informa\u00e7\u00f5es, envie um texto.<\/li>\n<li>Se voc\u00ea quer divulgar uma chamada de artigos para uma <strong>edi\u00e7\u00e3o especial<\/strong> de revista internacional com revis\u00e3o por pares, envie o site da chamada de artigos.<\/li>\n<li>Se voc\u00ea quer divulgar um <strong>artigo<\/strong> recentemente publicado por voc\u00ea em peri\u00f3dico internacional com revis\u00e3o por pares, envie o DOI do artigo e um par\u00e1grafo explicando a sua relev\u00e2ncia. Para ser considerado, o artigo deve ter significativa participa\u00e7\u00e3o de autores de institui\u00e7\u00f5es brasileiras e um potencial de alto impacto cient\u00edfico\/ social.<\/li>\n<li>Se voc\u00ea \u00e9 <strong>s\u00f3cio<\/strong> da SBPMat e deseja compartilhar uma novidade importante da sua trajet\u00f3ria profissional (pr\u00eamio, cargo, distin\u00e7\u00e3o etc.), envie as informa\u00e7\u00f5es e uma foto sua.<\/li>\n<\/ul>\n<p><\/p>","protected":false},"excerpt":{"rendered":"<p>Secretaria da SBPMat aline@sbpmat.org.br WhatsApp: (21) 96712-8649 &nbsp; D\u00favidas sobre o XXIII B-MRS Meeting 24encontro@sbpmat.org.br &nbsp; Patroc\u00ednio do evento anual e de outras iniciativas comercial@sbpmat.org.br &nbsp; Comunica\u00e7\u00e3o: divulga\u00e7\u00e3o nos canais da SBPMat comunicacao@sbpmat.org.br Se voc\u00ea quer divulgar um evento da \u00e1rea de Materiais, envie o link da p\u00e1gina oficial do evento. Se voc\u00ea quer divulgar [&hellip;]<\/p>\n","protected":false},"author":1,"featured_media":0,"parent":0,"menu_order":0,"comment_status":"closed","ping_status":"closed","template":"","meta":{"footnotes":""},"_links":{"self":[{"href":"https:\/\/www.sbpmat.org.br\/pt\/wp-json\/wp\/v2\/pages\/36"}],"collection":[{"href":"https:\/\/www.sbpmat.org.br\/pt\/wp-json\/wp\/v2\/pages"}],"about":[{"href":"https:\/\/www.sbpmat.org.br\/pt\/wp-json\/wp\/v2\/types\/page"}],"author":[{"embeddable":true,"href":"https:\/\/www.sbpmat.org.br\/pt\/wp-json\/wp\/v2\/users\/1"}],"replies":[{"embeddable":true,"href":"https:\/\/www.sbpmat.org.br\/pt\/wp-json\/wp\/v2\/comments?post=36"}],"version-history":[{"count":65,"href":"https:\/\/www.sbpmat.org.br\/pt\/wp-json\/wp\/v2\/pages\/36\/revisions"}],"predecessor-version":[{"id":11654,"href":"https:\/\/www.sbpmat.org.br\/pt\/wp-json\/wp\/v2\/pages\/36\/revisions\/11654"}],"wp:attachment":[{"href":"https:\/\/www.sbpmat.org.br\/pt\/wp-json\/wp\/v2\/media?parent=36"}],"curies":[{"name":"wp","href":"https:\/\/api.w.org\/{rel}","templated":true}]}}