{"id":348,"date":"2012-08-16T14:51:35","date_gmt":"2012-08-16T14:51:35","guid":{"rendered":"http:\/\/sbpmat.org.br\/site\/?page_id=348"},"modified":"2024-02-16T15:56:48","modified_gmt":"2024-02-16T18:56:48","slug":"eleicoes-2008","status":"publish","type":"page","link":"https:\/\/www.sbpmat.org.br\/pt\/eleicoes-2008\/","title":{"rendered":"Elei\u00e7\u00f5es SBPMat 2008"},"content":{"rendered":"<p><\/p>\n<p align=\"justify\"><strong>Elei\u00e7\u00f5es 2008 &#8211; Ata da Elei\u00e7\u00e3o<\/strong><\/p>\n<p align=\"justify\"><a href=\"http:\/\/www.sbpmat.org.br\/upload\/ata_eleicao_2008.pdf\">Clique aqui e veja a ata da Elei\u00e7\u00e3o de 2008.<\/a><\/p>\n<p><\/p>","protected":false},"excerpt":{"rendered":"<p>Elei\u00e7\u00f5es 2008 &#8211; Ata da Elei\u00e7\u00e3o Clique aqui e veja a ata da Elei\u00e7\u00e3o de 2008.<\/p>\n","protected":false},"author":1,"featured_media":0,"parent":0,"menu_order":0,"comment_status":"closed","ping_status":"closed","template":"","meta":{"footnotes":""},"_links":{"self":[{"href":"https:\/\/www.sbpmat.org.br\/pt\/wp-json\/wp\/v2\/pages\/348"}],"collection":[{"href":"https:\/\/www.sbpmat.org.br\/pt\/wp-json\/wp\/v2\/pages"}],"about":[{"href":"https:\/\/www.sbpmat.org.br\/pt\/wp-json\/wp\/v2\/types\/page"}],"author":[{"embeddable":true,"href":"https:\/\/www.sbpmat.org.br\/pt\/wp-json\/wp\/v2\/users\/1"}],"replies":[{"embeddable":true,"href":"https:\/\/www.sbpmat.org.br\/pt\/wp-json\/wp\/v2\/comments?post=348"}],"version-history":[{"count":6,"href":"https:\/\/www.sbpmat.org.br\/pt\/wp-json\/wp\/v2\/pages\/348\/revisions"}],"predecessor-version":[{"id":10696,"href":"https:\/\/www.sbpmat.org.br\/pt\/wp-json\/wp\/v2\/pages\/348\/revisions\/10696"}],"wp:attachment":[{"href":"https:\/\/www.sbpmat.org.br\/pt\/wp-json\/wp\/v2\/media?parent=348"}],"curies":[{"name":"wp","href":"https:\/\/api.w.org\/{rel}","templated":true}]}}