{"id":346,"date":"2012-08-16T14:51:23","date_gmt":"2012-08-16T14:51:23","guid":{"rendered":"http:\/\/sbpmat.org.br\/site\/?page_id=346"},"modified":"2024-02-16T15:56:46","modified_gmt":"2024-02-16T18:56:46","slug":"eleicoes-2009","status":"publish","type":"page","link":"https:\/\/www.sbpmat.org.br\/pt\/eleicoes-2009\/","title":{"rendered":"Elei\u00e7\u00f5es SBPMat 2009"},"content":{"rendered":"<p><\/p>\n<p align=\"justify\">Acesse os an\u00fancios sobre as ele\u00e7\u00f5es para diretoria e conselho:<\/p>\n<ul>\n<li><a title=\"Elei\u00e7\u00f5es SBPMat 2009 \u2013 An\u00fancio inicial\" href=\"http:\/\/sbpmat.org.br\/eleicoes\/eleicoes-2009\/eleicoes-sbpmat-2009-anuncio-inicial\/\">An\u00fancio inicial<\/a><\/li>\n<li><a title=\"Elei\u00e7\u00f5es SBPMat 2009 \u2013 Segundo an\u00fancio\" href=\"http:\/\/sbpmat.org.br\/eleicoes\/eleicoes-2009\/eleicoes-sbpmat-2009-segundo-anuncio\/\">Segundo an\u00fancio<\/a><\/li>\n<li><a title=\"Elei\u00e7\u00f5es SBPMat 2009 \u2013 Resultado\" href=\"http:\/\/sbpmat.org.br\/eleicoes\/eleicoes-2009\/eleicoes-sbpmat-2009-resultado\/\"><strong>Resultado<\/strong><\/a><\/li>\n<\/ul>\n<p><\/p>","protected":false},"excerpt":{"rendered":"<p>Acesse os an\u00fancios sobre as ele\u00e7\u00f5es para diretoria e conselho: An\u00fancio inicial Segundo an\u00fancio Resultado<\/p>\n","protected":false},"author":1,"featured_media":0,"parent":0,"menu_order":0,"comment_status":"closed","ping_status":"closed","template":"","meta":{"footnotes":""},"_links":{"self":[{"href":"https:\/\/www.sbpmat.org.br\/pt\/wp-json\/wp\/v2\/pages\/346"}],"collection":[{"href":"https:\/\/www.sbpmat.org.br\/pt\/wp-json\/wp\/v2\/pages"}],"about":[{"href":"https:\/\/www.sbpmat.org.br\/pt\/wp-json\/wp\/v2\/types\/page"}],"author":[{"embeddable":true,"href":"https:\/\/www.sbpmat.org.br\/pt\/wp-json\/wp\/v2\/users\/1"}],"replies":[{"embeddable":true,"href":"https:\/\/www.sbpmat.org.br\/pt\/wp-json\/wp\/v2\/comments?post=346"}],"version-history":[{"count":8,"href":"https:\/\/www.sbpmat.org.br\/pt\/wp-json\/wp\/v2\/pages\/346\/revisions"}],"predecessor-version":[{"id":10694,"href":"https:\/\/www.sbpmat.org.br\/pt\/wp-json\/wp\/v2\/pages\/346\/revisions\/10694"}],"wp:attachment":[{"href":"https:\/\/www.sbpmat.org.br\/pt\/wp-json\/wp\/v2\/media?parent=346"}],"curies":[{"name":"wp","href":"https:\/\/api.w.org\/{rel}","templated":true}]}}