{"id":319,"date":"2012-08-16T14:33:46","date_gmt":"2012-08-16T14:33:46","guid":{"rendered":"http:\/\/sbpmat.org.br\/site\/?page_id=319"},"modified":"2024-02-16T15:56:51","modified_gmt":"2024-02-16T18:56:51","slug":"eleicoes-sbpmat-2011","status":"publish","type":"page","link":"https:\/\/www.sbpmat.org.br\/pt\/eleicoes-sbpmat-2011\/","title":{"rendered":"Elei\u00e7\u00f5es SBPMat 2011"},"content":{"rendered":"<p><\/p>\n<p align=\"justify\">Acesse os an\u00fancios sobre as ele\u00e7\u00f5es para diretoria e conselho:<\/p>\n<ul>\n<li><a title=\"Elei\u00e7\u00f5es SBPMat 2011 \u2013 An\u00fancio inicial\" href=\"http:\/\/sbpmat.org.br\/eleicoes\/eleicoes-sbpmat-2011\/eleicoes-sbpmat-2011-anuncio-inicial\/\">An\u00fancio inicial<\/a><\/li>\n<li><a title=\"Elei\u00e7\u00f5es SBPMat 2011 \u2013 Plataforma de a\u00e7\u00e3o\" href=\"http:\/\/sbpmat.org.br\/eleicoes\/eleicoes-sbpmat-2011\/eleicoes-sbpmat-2011-plataforma-de-acao\/\">Plataforma de a\u00e7\u00e3o da chapa \u00fanica inscrita<\/a><\/li>\n<li><a title=\"Elei\u00e7\u00f5es SBPMat 2011 \u2013 Homologa\u00e7\u00e3o de chapa\" href=\"http:\/\/sbpmat.org.br\/eleicoes\/eleicoes-sbpmat-2011\/homologacao-de-chapa\/\">Homologa\u00e7\u00e3o de chapa<\/a><\/li>\n<li><a title=\"Elei\u00e7\u00f5es SBPMat 2011 \u2013 Resultado\" href=\"http:\/\/sbpmat.org.br\/eleicoes\/eleicoes-sbpmat-2011\/eleicoes-sbpmat-2011-resultado\/\"><strong>Resultado<\/strong><\/a><\/li>\n<\/ul>\n<p><\/p>","protected":false},"excerpt":{"rendered":"<p>Acesse os an\u00fancios sobre as ele\u00e7\u00f5es para diretoria e conselho: An\u00fancio inicial Plataforma de a\u00e7\u00e3o da chapa \u00fanica inscrita Homologa\u00e7\u00e3o de chapa Resultado<\/p>\n","protected":false},"author":1,"featured_media":0,"parent":0,"menu_order":0,"comment_status":"closed","ping_status":"closed","template":"","meta":{"footnotes":""},"_links":{"self":[{"href":"https:\/\/www.sbpmat.org.br\/pt\/wp-json\/wp\/v2\/pages\/319"}],"collection":[{"href":"https:\/\/www.sbpmat.org.br\/pt\/wp-json\/wp\/v2\/pages"}],"about":[{"href":"https:\/\/www.sbpmat.org.br\/pt\/wp-json\/wp\/v2\/types\/page"}],"author":[{"embeddable":true,"href":"https:\/\/www.sbpmat.org.br\/pt\/wp-json\/wp\/v2\/users\/1"}],"replies":[{"embeddable":true,"href":"https:\/\/www.sbpmat.org.br\/pt\/wp-json\/wp\/v2\/comments?post=319"}],"version-history":[{"count":8,"href":"https:\/\/www.sbpmat.org.br\/pt\/wp-json\/wp\/v2\/pages\/319\/revisions"}],"predecessor-version":[{"id":10698,"href":"https:\/\/www.sbpmat.org.br\/pt\/wp-json\/wp\/v2\/pages\/319\/revisions\/10698"}],"wp:attachment":[{"href":"https:\/\/www.sbpmat.org.br\/pt\/wp-json\/wp\/v2\/media?parent=319"}],"curies":[{"name":"wp","href":"https:\/\/api.w.org\/{rel}","templated":true}]}}