{"id":19,"date":"2012-04-09T21:00:43","date_gmt":"2012-04-10T00:00:43","guid":{"rendered":"http:\/\/sbpmat.org.br\/site\/?page_id=19"},"modified":"2024-02-16T15:34:47","modified_gmt":"2024-02-16T18:34:47","slug":"historico","status":"publish","type":"page","link":"https:\/\/www.sbpmat.org.br\/pt\/historico\/","title":{"rendered":"Hist\u00f3rico"},"content":{"rendered":"<p>A Sociedade Brasileira de Pesquisa em Materiais (SBPMat) foi criada em assembleia geral de constitui\u00e7\u00e3o (<a href=\"http:\/\/sbpmat.org.br\/site\/wp-content\/uploads\/2012\/08\/Ata-da-Assembleia-de-Constitui%C3%A7%C3%A3o-da-SBPMat.pdf\">veja ata de constitui\u00e7\u00e3o<\/a>) no dia 26 de junho de 2001, culminando um processo de g\u00eanese de tr\u00eas anos de dura\u00e7\u00e3o, que foi conduzido pelo professor Guillermo Sol\u00f3rzano (PUC-Rio) junto a um grupo de f\u00edsicos, engenheiros e qu\u00edmicos de diversas institui\u00e7\u00f5es brasileiras.<\/p>\n<p>Um dos primeiros marcos desse processo foi um evento pan-americano sobre pesquisa, tecnologia e educa\u00e7\u00e3o em Materiais, organizado pela <em>National Science Foundation<\/em> (NSF) junto a institui\u00e7\u00f5es de ci\u00eancia e tecnologia da Argentina, Brasil e Chile, e realizado no Rio de Janeiro em junho de 1998. Nesse workshop, ficou evidente para alguns pesquisadores do Brasil que a comunidade nacional de Materiais precisava de uma sociedade cient\u00edfica de car\u00e1ter multidisciplinar que a representasse. Nesse momento j\u00e1 havia uma s\u00e9rie de associa\u00e7\u00f5es e eventos da \u00e1rea, mas eles eram setoriais ou monodisciplinares.<\/p>\n<p>No in\u00edcio do ano 2000, come\u00e7aram as conversas e trocas de mensagens eletr\u00f4nicas sobre a cria\u00e7\u00e3o de uma sociedade brasileira de pesquisa em Materiais e, em seguida, ao longo desse ano, um n\u00facleo de pesquisadores se encarregou de apresentar pessoalmente a proposta de funda\u00e7\u00e3o da sociedade em uma s\u00e9rie de dez eventos e reuni\u00f5es realizados em diversas cidades do Brasil. No final dessa campanha, a funda\u00e7\u00e3o de uma sociedade multidisciplinar de Materiais contava com centenas de ades\u00f5es \u2013 e algumas poucas oposi\u00e7\u00f5es.<\/p>\n<p>No final desse ano de 2000, formou-se a Comiss\u00e3o Interdisciplinar de Materiais, constitu\u00edda por pesquisadores de peso atuantes no Brasil, dedicada a continuar avan\u00e7ando na cria\u00e7\u00e3o da sociedade.<\/p>\n<p>Em julho de 2002, seis meses ap\u00f3s a sua\u00a0funda\u00e7\u00e3o formal, a SBPMat realizava no Rio de Janeiro seu encontro inaugural com um formato in\u00e9dito no pa\u00eds, baseado em simp\u00f3sios tem\u00e1ticos, o qual se mant\u00e9m at\u00e9 o presente. A primeira edi\u00e7\u00e3o do evento, que contou com cerca de 400 participantes, j\u00e1 demonstrava duas caracter\u00edsticas almejadas: a intera\u00e7\u00e3o entre diferentes \u00e1reas do conhecimento, e entre cientistas e sociedades cient\u00edficas de diversos pa\u00edses do mundo. Desde ent\u00e3o, o encontro tem sido realizado uma vez por ano em diversas cidades do Brasil. Nas \u00faltimas edi\u00e7\u00f5es, contou com mais de 1.500 participantes.<\/p>\n<p>Al\u00e9m da organiza\u00e7\u00e3o do encontro anual e de outros eventos internacionais, a SBPMat tem realizado outras a\u00e7\u00f5es do interesse da comunidade de Materiais e da sociedade em geral. Em 2012, lan\u00e7ou o Boletim da SBPMat, um boletim eletr\u00f4nico mensal dedicado \u00e0 divulga\u00e7\u00e3o da ci\u00eancia e tecnologia de Materiais, com foco na comunidade brasileira. A sociedade tamb\u00e9m mant\u00e9m canais em m\u00eddias sociais (Facebook, Twitter, Linkedin, Slideshare). Em 2014, criou o programa<em> University Chapters<\/em> da SBPMat, que promove a forma\u00e7\u00e3o de equipes de estudantes formalmente vinculadas \u00e0 SBPMat para desenvolverem atividades complementares a sua forma\u00e7\u00e3o universit\u00e1ria. No mesmo ano, a sociedade elaborou, junto ao <em>Institute of Physics<\/em>, o documento <em>Science Impact<\/em>, um panorama sobre a pesquisa em materiais no Brasil apresentado no formato de revista em l\u00edngua inglesa e dispon\u00edvel em vers\u00e3o digital e impressa.<\/p>\n<p align=\"justify\"><strong>Saiba mais sobre a hist\u00f3ria da SBPMat:<\/strong><\/p>\n<ul>\n<li>Reportagem &#8220;Hist\u00f3ria da SBPMat: concep\u00e7\u00e3o e gesta\u00e7\u00e3o&#8221;, elaborada com base em documentos e entrevistas com alguns dos fundadores. <a href=\"http:\/\/sbpmat.org.br\/en\/historia-da-sbpmat-concepcao-e-gestacao\/\">Aqui.<\/a><\/li>\n<li>Entrevista com Guillermo Sol\u00f3rzano sobre a g\u00eanese da SBPMat. <a href=\"http:\/\/sbpmat.org.br\/pt\/historia-da-sbpmat-guillermo-solorzano-lider-do-processo-de-criacao-da-sbpmat-compartilha-lembrancas-sobre-esses-primordios\/\">Aqui.<\/a><\/li>\n<li>Ata da assembleia de constitui\u00e7\u00e3o da SBPMat, de junho de 2001. <a href=\"http:\/\/sbpmat.org.br\/site\/wp-content\/uploads\/2012\/08\/Ata-da-Assembleia-de-Constitui%C3%A7%C3%A3o-da-SBPMat.pdf\">Aqui.<\/a><\/li>\n<li>Reportagem sobre o I Encontro da SBPMat. <a href=\"http:\/\/sbpmat.org.br\/pt\/historia-da-pesquisa-em-materiais-o-i-encontro-da-sbpmat\/\">Aqui.<\/a><\/li>\n<li>Hist\u00f3rico das diretorias da SBPMat, de 2001 at\u00e9 a gest\u00e3o atual. <a href=\"https:\/\/www.sbpmat.org.br\/pt\/a-sbpmat\/diretoria-e-conselho\/\">Aqui.<\/a><\/li>\n<li>Entrevistas com ex-presidentes da SBPMat sobre suas gest\u00f5es:\u00a0<a href=\"http:\/\/sbpmat.org.br\/pt\/historia-da-sbpmat-entrevistas-com-os-ex-presidentes-da-sociedade-guillermo-solorzano-2001-2003\/\">Guillermo Sol\u00f3rzano<\/a>, Elson Longo,\u00a0<a href=\"http:\/\/sbpmat.org.br\/pt\/entrevistas-com-os-ex-presidentes-da-sbpmat-fernando-lazaro-freire-junior-2006-2007-e-2008-2009\/\">Fernando L\u00e1zaro Freire Junior<\/a>,\u00a0Jos\u00e9 Arana Varela e <a href=\"http:\/\/sbpmat.org.br\/pt\/gente-da-nossa-comunidade-entrevista-com-o-pesquisador-roberto-mendonca-faria\/\">Roberto Mendon\u00e7a Faria<\/a>.<\/li>\n<\/ul>\n<p><\/p>","protected":false},"excerpt":{"rendered":"<p>A Sociedade Brasileira de Pesquisa em Materiais (SBPMat) foi criada em assembleia geral de constitui\u00e7\u00e3o (veja ata de constitui\u00e7\u00e3o) no dia 26 de junho de 2001, culminando um processo de g\u00eanese de tr\u00eas anos de dura\u00e7\u00e3o, que foi conduzido pelo professor Guillermo Sol\u00f3rzano (PUC-Rio) junto a um grupo de f\u00edsicos, engenheiros e qu\u00edmicos de diversas [&hellip;]<\/p>\n","protected":false},"author":1,"featured_media":0,"parent":0,"menu_order":0,"comment_status":"closed","ping_status":"closed","template":"","meta":{"footnotes":""},"_links":{"self":[{"href":"https:\/\/www.sbpmat.org.br\/pt\/wp-json\/wp\/v2\/pages\/19"}],"collection":[{"href":"https:\/\/www.sbpmat.org.br\/pt\/wp-json\/wp\/v2\/pages"}],"about":[{"href":"https:\/\/www.sbpmat.org.br\/pt\/wp-json\/wp\/v2\/types\/page"}],"author":[{"embeddable":true,"href":"https:\/\/www.sbpmat.org.br\/pt\/wp-json\/wp\/v2\/users\/1"}],"replies":[{"embeddable":true,"href":"https:\/\/www.sbpmat.org.br\/pt\/wp-json\/wp\/v2\/comments?post=19"}],"version-history":[{"count":30,"href":"https:\/\/www.sbpmat.org.br\/pt\/wp-json\/wp\/v2\/pages\/19\/revisions"}],"predecessor-version":[{"id":9367,"href":"https:\/\/www.sbpmat.org.br\/pt\/wp-json\/wp\/v2\/pages\/19\/revisions\/9367"}],"wp:attachment":[{"href":"https:\/\/www.sbpmat.org.br\/pt\/wp-json\/wp\/v2\/media?parent=19"}],"curies":[{"name":"wp","href":"https:\/\/api.w.org\/{rel}","templated":true}]}}