{"id":11080,"date":"2025-07-08T11:29:25","date_gmt":"2025-07-08T14:29:25","guid":{"rendered":"https:\/\/www.sbpmat.org.br\/?page_id=11080"},"modified":"2025-10-30T12:02:57","modified_gmt":"2025-10-30T15:02:57","slug":"eleicoes-sbpmat-2025","status":"publish","type":"page","link":"https:\/\/www.sbpmat.org.br\/pt\/eleicoes-sbpmat-2025\/","title":{"rendered":"Elei\u00e7\u00f5es SBPMat 2025"},"content":{"rendered":"<p><\/p>\n<div>\n<p style=\"font-weight: 400;\">Prezados S\u00f3cios da SBPMat,<\/p>\n<p style=\"font-weight: 400;\">Ap\u00f3s apurados os votos da elei\u00e7\u00e3o para a Diretoria Executiva e Membros do Conselho Deliberativo da SBPMat, a comiss\u00e3o eleitoral declara eleitos os seguintes nomes:<\/p>\n<p><strong>DIRETORIA EXECUTIVA<\/strong><\/p>\n<p style=\"font-weight: 400;\">Presidente: Ivan Helmuth Bechtold \u2013 UFSC<\/p>\n<p style=\"font-weight: 400;\">Diretor de Administra\u00e7\u00e3o, Finan\u00e7as e Patrim\u00f4nio: I\u00eada Maria Garcia dos Santos \u2013 UFPB<\/p>\n<p style=\"font-weight: 400;\">Diretores Cient\u00edficos: Ana Sofia Cl\u00edmaco Monteiro D\u2019Oliveira \u2013 UFPR, Felipe Bohn \u2013 UFRN, Ingrid T\u00e1vora Weber \u2013 UnB, Lucas Fugikawa Santos \u2013 UNESP-Rio Claro, Rossana Mara da Silva Moreira Thir\u00e9 \u2013 UFRJ.<\/p>\n<p style=\"font-weight: 400;\"><strong>MEMBROS DO CONSELHO DELIBERATIVO<\/strong><\/p>\n<p style=\"font-weight: 400;\">Laura Oliveira P\u00e9res Philadelphi \u2013 Universidade Federal de S\u00e3o Paulo &#8211; Titular<\/p>\n<p style=\"font-weight: 400;\">Luciana Reyes Pires Kassab, Faculdade de Tecnologia de S\u00e3o Paulo \u2013 Titular<\/p>\n<p style=\"font-weight: 400;\">Os suplentes eleitos s\u00e3o:<\/p>\n<p style=\"font-weight: 400;\">Ademar Ben\u00e9volo Lug\u00e3o \u2013 Instituto de Pesquisas Energ\u00e9ticas e Nucleares \u2013 Suplente<\/p>\n<p style=\"font-weight: 400;\">Adriana Passarella Gerola \u2013 Universidade Federal de Santa Catarina \u2013 Suplente<\/p>\n<p style=\"font-weight: 400;\">Desejamos \u00e0 nova Diretoria sucesso em sua futura administra\u00e7\u00e3o.<\/p>\n<p style=\"font-weight: 400;\">PS: Informa\u00e7\u00f5es detalhadas sobre a vota\u00e7\u00e3o encontram-se <a href=\"https:\/\/www.sbpmat.org.br\/site\/wp-content\/uploads\/2025\/10\/ResultadoEleicoes-SBPMat-2025.pdf\"><strong>neste relat\u00f3rio<\/strong>.<\/a><\/p>\n<p style=\"font-weight: 400;\">Atenciosamente,<\/p>\n<p style=\"font-weight: 400;\">Comiss\u00e3o Eleitoral<\/p>\n<p style=\"font-weight: 400;\">Lucimara Stolz Roman<\/p>\n<p style=\"font-weight: 400;\">Rubem Luis Sommer<\/p>\n<p>Edson Cavalcanti da Silva Filho<\/p>\n<\/div>\n<div><\/div>\n<hr \/>\n<p>&nbsp;<\/p>\n<p style=\"font-weight: 400;\">Prezados S\u00f3cios da SBPMat,<\/p>\n<p style=\"font-weight: 400;\">Estamos disponibilizando <a href=\"https:\/\/www.sbpmat.org.br\/site\/wp-content\/uploads\/2025\/09\/Proposta-Chapa-diretoria-2025_final.pdf\">aqui<\/a> o plano de a\u00e7\u00e3o da chapa \u00fanica que participa da elei\u00e7\u00e3o da nova Diretoria Executiva da Sociedade.<\/p>\n<p style=\"font-weight: 400;\">Lembramos que a vota\u00e7\u00e3o ocorrer\u00e1 entre os dias 25\/09\/2025 e 20\/10\/2025.<\/p>\n<p style=\"font-weight: 400;\">Atenciosamente,<\/p>\n<p style=\"font-weight: 400;\">Comiss\u00e3o Eleitoral<\/p>\n<p style=\"font-weight: 400;\">Lucimara Stolz Roman<\/p>\n<p style=\"font-weight: 400;\">Rubem Luis Sommer<\/p>\n<p style=\"font-weight: 400;\">Edson Cavalcanti da Silva Filho<\/p>\n<div><\/div>\n<hr \/>\n<p>&nbsp;<\/p>\n<p style=\"font-weight: 400;\">Prezados s\u00f3cios da SBPMat,<\/p>\n<p style=\"font-weight: 400;\">A comiss\u00e3o eleitoral gostaria de tornar p\u00fablicos os candidatos homologados para concorrer \u00e0 renova\u00e7\u00e3o da Diretoria Executiva e dos membros do Conselho Deliberativo.<\/p>\n<p style=\"font-weight: 400;\"><strong>Uma chapa para elei\u00e7\u00e3o da Diretoria Executiva da SBPMat:<\/strong><\/p>\n<p style=\"font-weight: 400;\">\u2022 Ivan Helmuth Bechtold \u2013 UFSC (Presidente)<\/p>\n<p style=\"font-weight: 400;\">\u2022 I\u00eada Maria Garcia dos Santos \u2013 UFPB (Diretora de Administra\u00e7\u00e3o, Finan\u00e7as e Patrim\u00f4nio)<\/p>\n<p style=\"font-weight: 400;\">\u2022 Ana Sofia Cl\u00edmaco Monteiro D\u2019Oliveira \u2013 UFPR (Diretora Cient\u00edfica)<\/p>\n<p style=\"font-weight: 400;\">\u2022 Felipe Bohn &#8211; UFRN (Diretor Cient\u00edfico)<\/p>\n<p style=\"font-weight: 400;\">\u2022 Ingrid T\u00e1vora Weber \u2013 UnB (Diretora Cient\u00edfica)<\/p>\n<p style=\"font-weight: 400;\">\u2022 Lucas Fugikawa Santos \u2013 UNESP-Rio Claro (Diretor Cient\u00edfico)<\/p>\n<p style=\"font-weight: 400;\">\u2022 Rossana Mara da Silva Moreira Thir\u00e9 \u2013 UFRJ (Diretora Cient\u00edfica)<\/p>\n<p style=\"font-weight: 400;\"><strong>Nomes dos s\u00f3cios homologados para concorrer como membros do Conselho Deliberativo:<\/strong><\/p>\n<p style=\"font-weight: 400;\">\u2022 Profa. Dra. Laura Oliveira P\u00e9res Philadelphi, Professora Titular do Departamento de Qu\u00edmica \/ Universidade Federal de S\u00e3o Paulo.<\/p>\n<p style=\"font-weight: 400;\">\u2022 Profa. Dra. Luciana Reyes Pires Kassab, Professora do Centro Estadual de Educa\u00e7\u00e3o Tecnol\u00f3gica Paula Souza na Faculdade de Tecnologia de S\u00e3o Paulo.<\/p>\n<p style=\"font-weight: 400;\">Atenciosamente,<\/p>\n<p style=\"font-weight: 400;\">Lucimara Stolz Roman<\/p>\n<p style=\"font-weight: 400;\">Rubem Luis Sommer<\/p>\n<p style=\"font-weight: 400;\">Edson Cavalcanti da Silva Filho<\/p>\n<hr \/>\n<p>&nbsp;<\/p>\n<p style=\"font-weight: 400;\">Prezados S\u00f3cios da Sociedade Brasileira de Pesquisa em Materiais (SBPMat):<\/p>\n<p style=\"font-weight: 400;\">Informamos que neste ano dever\u00e1 ocorrer a renova\u00e7\u00e3o da Diretoria Executiva e de seis membros do Conselho Deliberativo. Sendo assim, ocorrer\u00e3o as elei\u00e7\u00f5es para os cargos mencionados, isto \u00e9, Diretoria Executiva e Conselheiros.\u00a0Os interessados dever\u00e3o se candidatar conforme a seguir:<\/p>\n<p style=\"font-weight: 400;\"><strong>Das candidaturas<\/strong>:<\/p>\n<p style=\"font-weight: 400;\">Cada chapa candidata \u00e0 Diretoria Executiva dever\u00e1 conter 7 (sete) nomes para os seguintes cargos:<\/p>\n<ul style=\"font-weight: 400;\">\n<li>Presidente (01 vaga)<\/li>\n<li>Diretor de Administra\u00e7\u00e3o, Finan\u00e7as e Patrim\u00f4nio (01 vaga)<\/li>\n<li>Diretores Cient\u00edficos (05 vagas)<\/li>\n<\/ul>\n<p style=\"font-weight: 400;\">A Comiss\u00e3o tamb\u00e9m informa que ser\u00e3o eleitos para o Conselho Deliberativo:<\/p>\n<ul style=\"font-weight: 400;\">\n<li>2 (dois) Conselheiros Titulares<\/li>\n<li>2 (dois) Conselheiros Suplentes (terceiro e quarto nome mais votados)<\/li>\n<\/ul>\n<p style=\"font-weight: 400;\">Os tr\u00eas Conselheiros Suplentes, respeitando a ordem de classifica\u00e7\u00e3o eleitoral, ser\u00e3o os suplentes dos Conselheiros Titulares, com mandato de 2026 a 2029.<\/p>\n<p style=\"font-weight: 400;\">Todos os s\u00f3cios em situa\u00e7\u00e3o regular s\u00e3o eleg\u00edveis ao Conselho Deliberativo e podem se candidatar. A Comiss\u00e3o Eleitoral se encarregar\u00e1 de divulgar a lista de s\u00f3cios com interesse em serem candidatos ao Conselho.<\/p>\n<p style=\"font-weight: 400;\">Os s\u00f3cios em situa\u00e7\u00e3o regular poder\u00e3o votar em uma das chapas candidatas \u00e0 Diretoria e em at\u00e9 4 (quatro) nomes para eleger os Conselheiros Titulares e os Suplentes.<\/p>\n<p style=\"font-weight: 400;\"><strong>Das inscri\u00e7\u00f5es:<\/strong><\/p>\n<p style=\"font-weight: 400;\">As inscri\u00e7\u00f5es dever\u00e3o acontecer, via e-mail (<a href=\"mailto:eleicoes2025@sbpmat.org.br\">eleicoes2025@sbpmat.org.br<\/a>) at\u00e9 o dia 01\/09\/2025 para as chapas \u00e0 Diretoria e at\u00e9 o dia 05\/09\/2025 para o Conselho Deliberativo.<\/p>\n<p style=\"font-weight: 400;\"><strong>O calend\u00e1rio<\/strong>:<\/p>\n<ul>\n<li style=\"font-weight: 400;\">Prazo para regulariza\u00e7\u00e3o da situa\u00e7\u00e3o dos s\u00f3cios candidatos: at\u00e9 05\/09\/2025 atrav\u00e9s do portal da SBPMat (\u00e1rea de s\u00f3cios).<\/li>\n<li style=\"font-weight: 400;\">Inscri\u00e7\u00e3o de chapas para a Diretoria: de 01\/08\/2025 a 01\/09\/2025 pelo e-mail\u00a0<a href=\"mailto:eleicoes2025@sbpmat.org.br\">eleicoes2025@sbpmat.org.br<\/a>.<\/li>\n<li style=\"font-weight: 400;\">Inscri\u00e7\u00e3o para o Conselho: de 01\/08\/2025 a 05\/09\/2025 pelo e-mail\u00a0<a href=\"mailto:eleicoes2025@sbpmat.org.br\">eleicoes2025@sbpmat.org.br<\/a>.<\/li>\n<li style=\"font-weight: 400;\">Homologa\u00e7\u00e3o das inscri\u00e7\u00f5es das Chapas pelo Conselho Eleitoral da SBPMat: at\u00e9 10\/09\/2025.<\/li>\n<li style=\"font-weight: 400;\">Divulga\u00e7\u00e3o dos planos de a\u00e7\u00e3o das chapas \u00e0 Diretoria: at\u00e9 15\/09\/2025 atrav\u00e9s do portal da SBPMat\u00a0<a href=\"http:\/\/www.sbpmat.org.br\/eleicoes-sbpmat-2025\" data-saferedirecturl=\"https:\/\/www.google.com\/url?q=http:\/\/www.sbpmat.org.br\/eleicoes-sbpmat-2025&amp;source=gmail&amp;ust=1752772338642000&amp;usg=AOvVaw23_7Tn7SOjMgrmaxNqXPKW\">www.sbpmat.org.br\/eleicoes-sbpmat-2025<\/a>\u00a0e por envio de e-mail aos s\u00f3cios.<\/li>\n<li style=\"font-weight: 400;\">Divulga\u00e7\u00e3o da lista de candidatos ao Conselho que declararam interesse: at\u00e9 15\/09\/2025 atrav\u00e9s do portal da SBPMat\u00a0<a href=\"http:\/\/www.sbpmat.org.br\/eleicoes-sbpmat-2025\" data-saferedirecturl=\"https:\/\/www.google.com\/url?q=http:\/\/www.sbpmat.org.br\/eleicoes-sbpmat-2025&amp;source=gmail&amp;ust=1752772338642000&amp;usg=AOvVaw23_7Tn7SOjMgrmaxNqXPKW\">www.sbpmat.org.br\/eleicoes-sbpmat-2025<\/a>\u00a0 e por envio de e-mail aos s\u00f3cios.<\/li>\n<li style=\"font-weight: 400;\">Elei\u00e7\u00e3o: de 25\/09\/2025 a 20\/10\/2025 atrav\u00e9s do portal da SBPMat\u00a0<a href=\"http:\/\/www.sbpmat.org.br\/\" data-saferedirecturl=\"https:\/\/www.google.com\/url?q=http:\/\/www.sbpmat.org.br&amp;source=gmail&amp;ust=1752772338642000&amp;usg=AOvVaw0RuyQXGHtaGvFNAIvjTyL4\">www.sbpmat.org.br<\/a>.<\/li>\n<li style=\"font-weight: 400;\">Divulga\u00e7\u00e3o dos resultados: no dia 26\/10\/2025 atrav\u00e9s do portal da SBPMat\u00a0<a href=\"http:\/\/www.sbpmat.org.br\/eleicoes-sbpmat-2025\" data-saferedirecturl=\"https:\/\/www.google.com\/url?q=http:\/\/www.sbpmat.org.br\/eleicoes-sbpmat-2025&amp;source=gmail&amp;ust=1752772338642000&amp;usg=AOvVaw23_7Tn7SOjMgrmaxNqXPKW\">www.sbpmat.org.br\/eleicoes-sbpmat-2025\u00a0<\/a>e por envio de e-mail aos s\u00f3cios.<\/li>\n<\/ul>\n<p style=\"font-weight: 400;\">A Comiss\u00e3o Eleitoral estimula aos s\u00f3cios da SBPMat a apresentar inscri\u00e7\u00f5es de chapas para a Diretoria e declarar interesse a serem votados para o Conselho Deliberativo.<\/p>\n<p style=\"font-weight: 400;\">Comiss\u00e3o Eleitoral<\/p>\n<p style=\"font-weight: 400;\">Lucimara Stolz Roman<\/p>\n<p style=\"font-weight: 400;\">Rubem Luis Sommer<\/p>\n<p style=\"font-weight: 400;\">Edson Cavalcanti da Silva Filho<\/p>\n<p>&nbsp;<\/p>\n<hr \/>\n<p>&nbsp;<\/p>\n<p style=\"text-align: right;\">Rio de Janeiro, 01 de julho de 2025.<\/p>\n<p><strong>Forma\u00e7\u00e3o da Comiss\u00e3o para a Elei\u00e7\u00e3o de Diretoria da SBPMat<\/strong><\/p>\n<p>Prezados membros da SBPMat<\/p>\n<p>Com o objetivo de promover uma elei\u00e7\u00e3o transparente, justa e democr\u00e1tica para a escolha da nova diretoria da SBPMAT, \u00e9 proposta a forma\u00e7\u00e3o de uma Comiss\u00e3o Eleitoral, respons\u00e1vel por conduzir todo o processo eleitoral que culminar\u00e1 com a elei\u00e7\u00e3o da nova Diretoria Executiva e de membros do Conselho Deliberativo da Sociedade. A Comiss\u00e3o ser\u00e1 composta por membros imparciais e comprometidos com os princ\u00edpios \u00e9ticos e estatut\u00e1rios de nossa institui\u00e7\u00e3o.<\/p>\n<p>Composi\u00e7\u00e3o da Comiss\u00e3o Eleitoral:<\/p>\n<ul>\n<li>Lucimara Stolz Roman (UFPR) \u2013 Presidente<\/li>\n<li>Edson Cavalcanti da Silva Filho (UFPI)<\/li>\n<li>Rubem Luis Sommer (CBPF)<\/li>\n<\/ul>\n<p>Responsabilidades da Comiss\u00e3o Eleitoral:<\/p>\n<ol>\n<li>Coordenar o processo de registro de candidaturas para a diretoria.<\/li>\n<li>Verificar a elegibilidade dos candidatos de acordo com as normas estatut\u00e1rias vigentes.<\/li>\n<li>Planejar e conduzir a vota\u00e7\u00e3o, assegurando que todos os membros eleg\u00edveis possam participar.<\/li>\n<li>Contabilizar os votos e proclamar os resultados da elei\u00e7\u00e3o.<\/li>\n<\/ol>\n<p>Todas as informa\u00e7\u00f5es pertinentes ao processo eleitoral, incluindo calend\u00e1rio, crit\u00e9rios de elegibilidade, procedimentos para o registro de candidaturas e detalhes sobre a vota\u00e7\u00e3o, ser\u00e3o amplamente divulgadas aos membros da Sociedade com anteced\u00eancia.<\/p>\n<p>Agradecemos a aten\u00e7\u00e3o e colabora\u00e7\u00e3o de todos e todas para garantir a legitimidade do processo de escolha da pr\u00f3xima diretoria da nossa Sociedade.<\/p>\n<p>Atenciosamente,<\/p>\n<p>Ivan H Bechtold<\/p>\n<p>Presidente da Sociedade Brasileira de Pesquisa em Materiais &#8211; SBPMat<\/p>","protected":false},"excerpt":{"rendered":"<p>Prezados S\u00f3cios da SBPMat, Ap\u00f3s apurados os votos da elei\u00e7\u00e3o para a Diretoria Executiva e Membros do Conselho Deliberativo da SBPMat, a comiss\u00e3o eleitoral declara eleitos os seguintes nomes: DIRETORIA EXECUTIVA Presidente: Ivan Helmuth Bechtold \u2013 UFSC Diretor de Administra\u00e7\u00e3o, Finan\u00e7as e Patrim\u00f4nio: I\u00eada Maria Garcia dos Santos \u2013 UFPB Diretores Cient\u00edficos: Ana Sofia Cl\u00edmaco [&hellip;]<\/p>\n","protected":false},"author":1,"featured_media":0,"parent":0,"menu_order":0,"comment_status":"closed","ping_status":"closed","template":"","meta":{"footnotes":""},"_links":{"self":[{"href":"https:\/\/www.sbpmat.org.br\/pt\/wp-json\/wp\/v2\/pages\/11080"}],"collection":[{"href":"https:\/\/www.sbpmat.org.br\/pt\/wp-json\/wp\/v2\/pages"}],"about":[{"href":"https:\/\/www.sbpmat.org.br\/pt\/wp-json\/wp\/v2\/types\/page"}],"author":[{"embeddable":true,"href":"https:\/\/www.sbpmat.org.br\/pt\/wp-json\/wp\/v2\/users\/1"}],"replies":[{"embeddable":true,"href":"https:\/\/www.sbpmat.org.br\/pt\/wp-json\/wp\/v2\/comments?post=11080"}],"version-history":[{"count":17,"href":"https:\/\/www.sbpmat.org.br\/pt\/wp-json\/wp\/v2\/pages\/11080\/revisions"}],"predecessor-version":[{"id":11161,"href":"https:\/\/www.sbpmat.org.br\/pt\/wp-json\/wp\/v2\/pages\/11080\/revisions\/11161"}],"wp:attachment":[{"href":"https:\/\/www.sbpmat.org.br\/pt\/wp-json\/wp\/v2\/media?parent=11080"}],"curies":[{"name":"wp","href":"https:\/\/api.w.org\/{rel}","templated":true}]}}