{"id":10804,"date":"2024-06-18T09:52:21","date_gmt":"2024-06-18T12:52:21","guid":{"rendered":"https:\/\/www.sbpmat.org.br\/?page_id=10804"},"modified":"2024-06-18T10:10:43","modified_gmt":"2024-06-18T13:10:43","slug":"logomarcas","status":"publish","type":"page","link":"https:\/\/www.sbpmat.org.br\/pt\/logomarcas\/","title":{"rendered":"Logomarcas"},"content":{"rendered":"<p>Aqui voc\u00ea pode baixar a logomarca da SBPMat:<\/p>\n<p><a href=\"https:\/\/www.sbpmat.org.br\/site\/wp-content\/uploads\/2024\/06\/sbpmat_logo_portugues.png\" rel=\"noopener\" download=\"\">Logo completo em portugu\u00eas (retangular).<\/a><br \/>\n<a href=\"https:\/\/www.sbpmat.org.br\/site\/wp-content\/uploads\/2024\/06\/sbpmat_logo_ingles.png\" rel=\"noopener\" download=\"\">Logo completo em ingl\u00eas (retangular).<\/a><br \/>\n<a href=\"https:\/\/www.sbpmat.org.br\/site\/wp-content\/uploads\/2024\/06\/sbpmat_logo_reduzido.png\" rel=\"noopener\" download=\"\">Logo reduzido (quadrado).<\/a><\/p>\n<p>Se tiver d\u00favidas sobre o uso da logomarca, entre em contato: <a href=\"mailto:comunicacao@sbpmat.org.br\">comunicacao@sbpmat.org.br<\/a>.<\/p>","protected":false},"excerpt":{"rendered":"<p>Aqui voc\u00ea pode baixar a logomarca da SBPMat: Logo completo em portugu\u00eas (retangular). Logo completo em ingl\u00eas (retangular). Logo reduzido (quadrado). Se tiver d\u00favidas sobre o uso da logomarca, entre em contato: comunicacao@sbpmat.org.br.<\/p>\n","protected":false},"author":1,"featured_media":0,"parent":0,"menu_order":0,"comment_status":"closed","ping_status":"closed","template":"","meta":{"footnotes":""},"_links":{"self":[{"href":"https:\/\/www.sbpmat.org.br\/pt\/wp-json\/wp\/v2\/pages\/10804"}],"collection":[{"href":"https:\/\/www.sbpmat.org.br\/pt\/wp-json\/wp\/v2\/pages"}],"about":[{"href":"https:\/\/www.sbpmat.org.br\/pt\/wp-json\/wp\/v2\/types\/page"}],"author":[{"embeddable":true,"href":"https:\/\/www.sbpmat.org.br\/pt\/wp-json\/wp\/v2\/users\/1"}],"replies":[{"embeddable":true,"href":"https:\/\/www.sbpmat.org.br\/pt\/wp-json\/wp\/v2\/comments?post=10804"}],"version-history":[{"count":5,"href":"https:\/\/www.sbpmat.org.br\/pt\/wp-json\/wp\/v2\/pages\/10804\/revisions"}],"predecessor-version":[{"id":10813,"href":"https:\/\/www.sbpmat.org.br\/pt\/wp-json\/wp\/v2\/pages\/10804\/revisions\/10813"}],"wp:attachment":[{"href":"https:\/\/www.sbpmat.org.br\/pt\/wp-json\/wp\/v2\/media?parent=10804"}],"curies":[{"name":"wp","href":"https:\/\/api.w.org\/{rel}","templated":true}]}}