{"id":10403,"date":"2023-09-06T10:52:48","date_gmt":"2023-09-06T13:52:48","guid":{"rendered":"https:\/\/www.sbpmat.org.br\/?page_id=10403"},"modified":"2025-11-05T16:27:43","modified_gmt":"2025-11-05T19:27:43","slug":"premios","status":"publish","type":"page","link":"https:\/\/www.sbpmat.org.br\/pt\/premios\/","title":{"rendered":"Pr\u00eamios"},"content":{"rendered":"<p><\/p>\n<h3>Palestra Memorial Joaquim da Costa Ribeiro<\/h3>\n<p>Institu\u00edda em 2011, esta honraria \u00e9 destinada a pesquisadores e pesquisadoras seniores com\u00a0destacada trajet\u00f3ria dentro da comunidade de pesquisa em Materiais . Os cientistas premiados apresentam uma palestra, com perspectiva hist\u00f3rica, durante a abertura do\u00a0B-MRS Meeting. Esta palestra-pr\u00eamio presta homenagem a\u00a0<a href=\"https:\/\/www.sbpmat.org.br\/pt\/historia-da-pesquisa-em-materiais-joaquim-da-costa-ribeiro-e-o-efeito-termodieletrico\/\"><strong>Joaquim da Costa Ribeiro<\/strong><\/a>, pioneiro da pesquisa experimental em Materiais no Brasil.<\/p>\n<p>Os cientistas que receberam esta\u00a0distin\u00e7\u00e3o at\u00e9 o momento s\u00e3o:<\/p>\n<ol>\n<li>Prof. <strong>Sergio Machado Rezende<\/strong> (UFPE &#8211; Departamento de F\u00edsica). Gramado, 25 de setembro de <strong>2011<\/strong>.<\/li>\n<li>Prof. <strong>Sergio Mascarenhas Oliveira<\/strong> (IFSC-USP). Florian\u00f3polis, 23 de setembro de<strong> 2012<\/strong>.<\/li>\n<li>Prof.<strong> Elson Longo da Silva<\/strong>\u00a0(UFSCar &#8211; Departamento de Qu\u00edmica). Campos do Jord\u00e3o, 29 de setembro de <strong>2013<\/strong>.<\/li>\n<li>Prof. <strong>Jos\u00e9 Arana Varela <\/strong>(Unesp &#8211; Instituto de Qu\u00edmica de Araraquara). Jo\u00e3o Pessoa, 28 de setembro de <strong>2014<\/strong>.<\/li>\n<li>Profa. <strong>Eloisa Biasotto Mano<\/strong> (IMA &#8211; UFRJ). Rio de Janeiro, 27 de setembro de <strong>2015<\/strong>.<\/li>\n<li>Prof. <strong>Aldo Craievich<\/strong> (USP &#8211; Instituto de F\u00edsica). Campinas, 25 de setembro de<strong> 2016<\/strong>.<\/li>\n<li>Prof. <strong>Jo\u00e3o Alziro H. da Jornada<\/strong> (UFRGS &#8211; Instituto de F\u00edsica). Gramado, 10 de setembro de <strong>2017<\/strong>.<\/li>\n<li>Prof. <strong>Fernando Galembeck<\/strong> (UNICAMP &#8211; Instituto de Qu\u00edmica). Natal, 16 de setembro de <strong>2018<\/strong>.<\/li>\n<li>Profa. <strong>Yvonne Primerano Mascarenhas<\/strong> (IFSC \u2013 USP). Balne\u00e1rio Cambori\u00fa, 22 de setembro de <strong>2019<\/strong>.<\/li>\n<li>Prof. <strong>Cid Bartolomeu de Ara\u00fajo<\/strong> (UFPE &#8211; Departamento de F\u00edsica). Online, 30 de agosto de <strong>2021<\/strong>.<\/li>\n<li>Prof. <strong>Roberto Mendon\u00e7a Faria<\/strong> (IFSC-USP). Foz do Igua\u00e7u, 25 de setembro de <strong>2022<\/strong>.<\/li>\n<li>Prof.\u00a0<strong>Gilberto de S\u00e1 <\/strong>(UFPE). Macei\u00f3, 1\u00ba de outubro de <strong>2023<\/strong>.<\/li>\n<li>Profa. <strong>Mar\u00edlia Junqueira Caldas<\/strong> (IFUSP). Santos, 29 de setembro de <strong>2024<\/strong>.<\/li>\n<li>Prof. <strong>Ant\u00f4nio Ferreira da Silva<\/strong> (UFBA). Salvador, 28 de setembro de <strong>2025<\/strong>.<\/li>\n<\/ol>\n<p><a href=\"https:\/\/www.sbpmat.org.br\/site\/wp-content\/uploads\/2025\/11\/Design-sem-nome-5.png\"><img loading=\"lazy\" decoding=\"async\" class=\"wp-image-11203 size-large aligncenter\" src=\"https:\/\/www.sbpmat.org.br\/site\/wp-content\/uploads\/2025\/11\/Design-sem-nome-5-1024x292.png\" alt=\"\" width=\"640\" height=\"183\" srcset=\"https:\/\/www.sbpmat.org.br\/site\/wp-content\/uploads\/2025\/11\/Design-sem-nome-5-1024x292.png 1024w, https:\/\/www.sbpmat.org.br\/site\/wp-content\/uploads\/2025\/11\/Design-sem-nome-5-300x86.png 300w, https:\/\/www.sbpmat.org.br\/site\/wp-content\/uploads\/2025\/11\/Design-sem-nome-5-768x219.png 768w, https:\/\/www.sbpmat.org.br\/site\/wp-content\/uploads\/2025\/11\/Design-sem-nome-5-1536x438.png 1536w, https:\/\/www.sbpmat.org.br\/site\/wp-content\/uploads\/2025\/11\/Design-sem-nome-5.png 1641w\" sizes=\"(max-width: 640px) 100vw, 640px\" \/><\/a><\/p>\n<p>&nbsp;<\/p>\n<h3>Pr\u00eamio Jos\u00e9 Arana Varela<\/h3>\n<p>Este pr\u00eamio da SBPMat, lan\u00e7ado em 2019, \u00e9 outorgado anualmente a um pesquisador ou pesquisadora de institui\u00e7\u00e3o brasileira, de carreira consolidada, que se destaque pelos resultados cient\u00edficos ou tecnol\u00f3gicos alcan\u00e7ados na \u00e1rea de Materiais e afins e\/ou pelas contribui\u00e7\u00f5es \u00e0 nossa comunidade de pesquisadores. O vencedor do pr\u00eamio \u00e9 convidado a\u00a0apresentar as suas principais\u00a0contribui\u00e7\u00f5es em uma palestra plen\u00e1ria do B-MRS Meeting. Por meio do nome, esta distin\u00e7\u00e3o homenageia o\u00a0Prof. Jos\u00e9 Arana Varela, destacado cientista de materiais brasileiro e ex-presidente da SBPMat, falecido em 2016.<\/p>\n<p>At\u00e9 o momento,\u00a0proferiram esta palestra-pr\u00eamio os seguintes pesquisadores:<\/p>\n<ol>\n<li>Prof. <strong>Edson Roberto Leite<\/strong> (UFSCar e LNNano-CNPEM).\u00a0Palestra realizada no dia 1\u00ba de outubro de\u00a0<strong>2021<\/strong> durante o XIX B-MRS Meeting,\u00a0que ocorreu em formato virtual.<\/li>\n<li>Prof. <strong>Daniel Mario Ugarte<\/strong> (IFGW &#8211; Unicamp). A palestra foi proferida em Foz do Igua\u00e7u, no dia 27 de setembro de <strong>2022<\/strong>, durante o XX B-MRS Meeting.<\/li>\n<li>Prof.\u00a0<strong>Fernando L\u00e1zaro Freire Junior <\/strong>(PUC-Rio). Palestra realizada no dia 3 de outubro de <strong>2023<\/strong>, durante o XXI B-MRS Meeting em Macei\u00f3.<\/li>\n<li>Profa. <strong>Bluma Guenther Soares<\/strong> (IMA &#8211; UFRJ). Palestra realizada no dia 30 de setembro de <strong>2024<\/strong>, durante o XXII B-MRS Meeting em Santos.<\/li>\n<li>Profa. <strong>Dulce Maria de Ara\u00fajo Melo<\/strong> (UFRN). Palestra realizada no dia 29 de setembro de <strong>2025<\/strong>, durante o XIV B-MRS Meeting em Salvador.<\/li>\n<\/ol>\n<p><a href=\"https:\/\/www.sbpmat.org.br\/site\/wp-content\/uploads\/2025\/11\/arana-varela.png\"><img loading=\"lazy\" decoding=\"async\" class=\"aligncenter wp-image-11204 size-large\" src=\"https:\/\/www.sbpmat.org.br\/site\/wp-content\/uploads\/2025\/11\/arana-varela-1024x212.png\" alt=\"\" width=\"640\" height=\"133\" srcset=\"https:\/\/www.sbpmat.org.br\/site\/wp-content\/uploads\/2025\/11\/arana-varela-1024x212.png 1024w, https:\/\/www.sbpmat.org.br\/site\/wp-content\/uploads\/2025\/11\/arana-varela-300x62.png 300w, https:\/\/www.sbpmat.org.br\/site\/wp-content\/uploads\/2025\/11\/arana-varela-768x159.png 768w, https:\/\/www.sbpmat.org.br\/site\/wp-content\/uploads\/2025\/11\/arana-varela-1536x318.png 1536w, https:\/\/www.sbpmat.org.br\/site\/wp-content\/uploads\/2025\/11\/arana-varela.png 1773w\" sizes=\"(max-width: 640px) 100vw, 640px\" \/><\/a><\/p>\n<p>&nbsp;<\/p>\n<h3><strong>Pr\u00eamios Bernhard Gross<\/strong><\/h3>\n<p>Criada em 2012, esta premia\u00e7\u00e3o \u00e9 destinada a estudantes. Os pr\u00eamios Bernhard Gross destacam os melhores trabalhos (um oral e um p\u00f4ster) apresentados por graduandos ou p\u00f3s-graduandos em cada um dos simp\u00f3sios do B-MRS Meeting. No final de cada evento, em uma emocionante cerim\u00f4nia,\u00a0os jovens recebem seus certificados de vencedores. A sele\u00e7\u00e3o se baseia na\u00a0avalia\u00e7\u00e3o realizada pelos organizadores de cada simp\u00f3sio usando crit\u00e9rios definidos pelo Comit\u00ea de Premia\u00e7\u00e3o da SBPMat. Para concorrer aos pr\u00eamios \u00e9 necess\u00e1rio\u00a0submeter\u00a0um resumo estendido. O nome do pr\u00eamio \u00e9 uma homenagem ao cientista <a href=\"https:\/\/www.sbpmat.org.br\/pt\/bernhard-gross-pai-da-pesquisa-em-eletretos-no-brasil\/\"><strong>Bernhard Gross<\/strong><\/a>, pioneiro da pesquisa em Materiais\u00a0no Brasil.<\/p>\n<p>Dentre os vencedores do Bernhard Gross, o Comit\u00ea de Premia\u00e7\u00e3o da SBPMat seleciona os trabalhos melhor posicionados na avalia\u00e7\u00e3o para receberem pr\u00eamios patrocinados pelas editoras da <em>American Chemical Society<\/em> (ACS) e <em>Royal Society of Chemistry <\/em>(RSC).<\/p>\n<ul>\n<li><strong>1\u00aa edi\u00e7\u00e3o do pr\u00eamio:\u00a0<\/strong>XI Encontro da SBPMat.\u00a0Florian\u00f3polis, 23 a 27 de setembro de 2012.<\/li>\n<li><strong>2\u00aa edi\u00e7\u00e3o:<\/strong> XII Encontro da SBPMat. Campos do Jord\u00e3o, 29 de setembro a 3 de outubro de 2013.\u00a0<a href=\"https:\/\/www.sbpmat.org.br\/pt\/artigo-em-destaque-trabalho-vencedor-do-premio-bernhard-gross\/\"><strong>Lista de vencedores<\/strong><\/a>.<\/li>\n<li><strong>3\u00aa edi\u00e7\u00e3o:<\/strong> XIII Encontro da SBPMat. Jo\u00e3o Pessoa, 28 de setembro a 2 de outubro de 2014.\u00a0\u00a0<a href=\"https:\/\/www.sbpmat.org.br\/pt\/premio-bernhard-gross-2014-destacou-vinte-trabalhos-de-estudantes-do-xiii-encontro-da-sbpmat\/\"><strong>Lista de vencedores.<\/strong><\/a><\/li>\n<li><strong>4\u00aa edi\u00e7\u00e3o:<\/strong> XIV B-MRS Meeting. Rio de Janeiro, 27 de setembro a 1 de outubro de 2015. <a href=\"https:\/\/www.sbpmat.org.br\/pt\/see-the-list-of-the-35-winners-of-the-4-awards-of-the-xiv-sbpmat-meeting\/\"><strong>Lista de vencedores.<\/strong><\/a><\/li>\n<li><strong>5\u00aa edi\u00e7\u00e3o:<\/strong> XV B-MRS Meeting.\u00a0Campinas, 25 a 29 de setembro de 2016. <a href=\"https:\/\/www.sbpmat.org.br\/\/15encontro\/awards\/\"><strong>Lista de vencedores.<\/strong><\/a><\/li>\n<li><strong>6\u00aa edi\u00e7\u00e3o:<\/strong> XVI B-MRS Meeting.\u00a0Gramado, 10 a 14 de setembro de 2017.<\/li>\n<li><strong>7\u00aa edi\u00e7\u00e3o:<\/strong> XVII B-MRS Meeting. Natal, 16 a 20 de setembro de 2018.\u00a0<a href=\"https:\/\/www.sbpmat.org.br\/pt\/premios-aos-melhores-trabalhos-do-b-mrs-meeting-lista-dos-vencedores\/\"><strong>Lista de vencedores.<\/strong><\/a><\/li>\n<li><strong>8\u00aa edi\u00e7\u00e3o:<\/strong> XVIII B-MRS Meeting.\u00a0Balne\u00e1rio Cambori\u00fa, 22 a 26 de setembro de 2019. <a href=\"https:\/\/www.sbpmat.org.br\/pt\/english-xviii-b-mrs-meeting-students-awards-and-prizes\/\"><strong>Lista de vencedores.<\/strong><\/a><\/li>\n<li><strong>9\u00aa edi\u00e7\u00e3o:<\/strong> XIX B-MRS Meeting. Online, 30 de Agosto a 3 de Setembro de 2021.\u00a0 <a href=\"https:\/\/www.sbpmat.org.br\/pt\/xix-b-mrs-meeting-iumrs-icem-students-awards-and-prizes\/\"><strong>Lista de vencedores.<\/strong><\/a><\/li>\n<li><strong>10\u00aa edi\u00e7\u00e3o:<\/strong> XX B-MRS Meeting. Foz do Igua\u00e7u, 25 a 29 de setembro de 2022. <strong><a href=\"https:\/\/www.sbpmat.org.br\/pt\/xx-b-mrs-meeting-student-awards-and-prizes\/\">Lista de vencedores.<\/a><\/strong><\/li>\n<li><strong>11\u00aa edi\u00e7\u00e3o:\u00a0<\/strong>XXI B-MRS Meeting. Macei\u00f3, 1 a 5 de outubro de 2023. <strong><a href=\"https:\/\/www.sbpmat.org.br\/pt\/xxi-b-mrs-meeting-student-awards-and-prizes\/\" target=\"_blank\" rel=\"noopener\">Lista de vencedores.<\/a><\/strong><\/li>\n<li><strong>12\u00aa edi\u00e7\u00e3o:<\/strong> XXII B-MRS Meeting. Santos, 29 de setembro a 3 de outubro de 2024. <a href=\"https:\/\/www.sbpmat.org.br\/pt\/xxii-b-mrs-meeting-student-awards-and-prizes\/\"><strong>Lista de vencedores.<\/strong><\/a><\/li>\n<li><strong>13\u00aa edi\u00e7\u00e3o:<\/strong> XXIII B-MRS Meeting. Salvador, 28 de setembro a 2 de outubro de 2025. <a href=\"https:\/\/www.sbpmat.org.br\/pt\/xxiii-b-mrs-meeting-awards-and-prizes\/\"><strong>Lista dos vencedores.<\/strong><\/a><\/li>\n<\/ul>\n<h3>Pr\u00eamio Mulher Cientista em In\u00edcio de Carreira<\/h3>\n<p>Criado em 2024, este pr\u00eamio distingue o melhor trabalho apresentado por uma pesquisadora em in\u00edcio de carreira dentro das sess\u00f5es orais dos simp\u00f3sios do B-MRS Meeting.<\/p>\n<p>Podem se candidatar mulheres que tenham defendido o doutorado dentro dos \u00faltimos dez anos. As candidatas devem submeter um resumo estendido e efetivar a apresenta\u00e7\u00e3o oral do trabalho no respectivo simp\u00f3sio. Para selecionar a vencedora do pr\u00eamio, os organizadores de cada simp\u00f3sio indicam at\u00e9 uma candidata, seguindo crit\u00e9rios definidos pelo Comit\u00ea de Premia\u00e7\u00e3o da SBPMat. A partir dessa lista de finalistas, a comiss\u00e3o do Pr\u00eamio Jovem Pesquisadora escolhe a vencedora, analisando a sua produ\u00e7\u00e3o cientifica dos \u00faltimos 5 anos. A vencedora \u00e9 anunciada na cerim\u00f4nia de premia\u00e7\u00e3o do B-MRS Meeting.<\/p>\n<ul>\n<li><strong>1\u00aa edi\u00e7\u00e3o<\/strong>, com patroc\u00ednio da revista Electronic Materials (MDPI). Vencedora: <strong>Ingrid David Barcelos<\/strong> (CNPEM). Men\u00e7\u00f5es honrosas: Jana\u00edna Artem Ataide (Unicamp) e Ingrid Rodr\u00edguez Gutierrez (UFABC e CNPEM). O pr\u00eamio foi entregue no XXII B-MRS Meeting, em Santos, no dia 3 de outubro de 2024.<\/li>\n<li><strong>2\u00aa edi\u00e7\u00e3o<\/strong>, com patroc\u00ednio da revista Electronic Materials (MDPI). Vencedora: <strong>Mirella Romanelli Vicente Bertolo Cagnoto<\/strong> (USP). O pr\u00eamio foi entregue no XXIII B-MRS Meeting, em Salvador, no dia 2 de outubro de 2025.<\/li>\n<\/ul>\n<h3>Pr\u00eamio de Divulga\u00e7\u00e3o Cient\u00edfica<\/h3>\n<p>Este pr\u00eamio, criado em 2025, visa incentivar a participa\u00e7\u00e3o da comunidade SBPMat em a\u00e7\u00f5es de divulga\u00e7\u00e3o cient\u00edfica.<\/p>\n<p>Na primeira edi\u00e7\u00e3o, os participantes do XXIII B-MRS Meeting foram desafiados a produzirem v\u00eddeos curtos para Instagram que apresentassem, de forma simples e atrativa, a pesquisa que realizam.<\/p>\n<ul>\n<li>Vencedores da <strong>1\u00aa edi\u00e7\u00e3o,<\/strong> que teve patroc\u00ednio da startup Krilltech: 1\u00ba lugar, Gabriel Tolardo Colombo; 2\u00ba lugar, Theresa Beatriz Oliveira Nunes; 3\u00ba lugar, Pietra Precioso Figueiredo Alves e Let\u00edcia Borges S\u00e1vio. A premia\u00e7\u00e3o ocorreu no dia 2 de outubro de 2025, em Salvador, no XXIII B-MRS Meeting.<\/li>\n<\/ul>\n<h3><strong>Jalcom Award<\/strong><\/h3>\n<p>Este pr\u00eamio foi criado em 2023 pelo <em>Journal of Alloys and Compounds<\/em> (JALCOM), da editora Elsevier, em parceria com a SBPMat. O pr\u00eamio distingue pesquisadores de institui\u00e7\u00f5es brasileiras com contribui\u00e7\u00f5es destacadas em determinados t\u00f3picos das \u00e1reas de Materiais e Energia.<\/p>\n<p>Vencedores da 1\u00aa edi\u00e7\u00e3o, anunciados em 5 de outubro de 2023 no XXI B-MRS Meeting (Macei\u00f3):<\/p>\n<ul>\n<li style=\"text-align: left;\"><strong>JALCOM Advanced Career Researcher Award 2023:<\/strong>\u00a0Prof. Conrado R. M. Afonso (UFSCar).<\/li>\n<li style=\"text-align: left;\"><b>JALCOM Rising Star Award 2023:<\/b>\u00a0Dr. Gisele Amaral Labat (INPE) e Dr. Piter Gargarella (UFSCar).<\/li>\n<\/ul>\n<p>&nbsp;<\/p>\n<p>&nbsp;<\/p>","protected":false},"excerpt":{"rendered":"<p>Palestra Memorial Joaquim da Costa Ribeiro Institu\u00edda em 2011, esta honraria \u00e9 destinada a pesquisadores e pesquisadoras seniores com\u00a0destacada trajet\u00f3ria dentro da comunidade de pesquisa em Materiais . Os cientistas premiados apresentam uma palestra, com perspectiva hist\u00f3rica, durante a abertura do\u00a0B-MRS Meeting. Esta palestra-pr\u00eamio presta homenagem a\u00a0Joaquim da Costa Ribeiro, pioneiro da pesquisa experimental em [&hellip;]<\/p>\n","protected":false},"author":6,"featured_media":0,"parent":0,"menu_order":1,"comment_status":"closed","ping_status":"closed","template":"","meta":{"footnotes":""},"_links":{"self":[{"href":"https:\/\/www.sbpmat.org.br\/pt\/wp-json\/wp\/v2\/pages\/10403"}],"collection":[{"href":"https:\/\/www.sbpmat.org.br\/pt\/wp-json\/wp\/v2\/pages"}],"about":[{"href":"https:\/\/www.sbpmat.org.br\/pt\/wp-json\/wp\/v2\/types\/page"}],"author":[{"embeddable":true,"href":"https:\/\/www.sbpmat.org.br\/pt\/wp-json\/wp\/v2\/users\/6"}],"replies":[{"embeddable":true,"href":"https:\/\/www.sbpmat.org.br\/pt\/wp-json\/wp\/v2\/comments?post=10403"}],"version-history":[{"count":30,"href":"https:\/\/www.sbpmat.org.br\/pt\/wp-json\/wp\/v2\/pages\/10403\/revisions"}],"predecessor-version":[{"id":11206,"href":"https:\/\/www.sbpmat.org.br\/pt\/wp-json\/wp\/v2\/pages\/10403\/revisions\/11206"}],"wp:attachment":[{"href":"https:\/\/www.sbpmat.org.br\/pt\/wp-json\/wp\/v2\/media?parent=10403"}],"curies":[{"name":"wp","href":"https:\/\/api.w.org\/{rel}","templated":true}]}}