{"id":10354,"date":"2023-07-31T11:59:04","date_gmt":"2023-07-31T14:59:04","guid":{"rendered":"https:\/\/www.sbpmat.org.br\/?page_id=10354"},"modified":"2024-02-16T15:55:29","modified_gmt":"2024-02-16T18:55:29","slug":"eleicoes-sbpmat-2023","status":"publish","type":"page","link":"https:\/\/www.sbpmat.org.br\/pt\/eleicoes-sbpmat-2023\/","title":{"rendered":"Elei\u00e7\u00f5es SBPMat 2023"},"content":{"rendered":"<p><\/p>\n<div class=\"ml-react-markdown-block-token ml-react-markdown-token-text\"><\/div>\n<p>Prezados S\u00f3cios da SBPMat,<\/p>\n<p>Ap\u00f3s apurados os votos da elei\u00e7\u00e3o para a Diretoria Executiva e Membros do Conselho Deliberativo da SBPMat, a comiss\u00e3o eleitoral declara eleitos os seguintes nomes:<\/p>\n<p><strong>DIRETORIA EXECUTIVA<\/strong><\/p>\n<p>Presidente: Ivan Helmuth Bechtold \u2013 UFSC<\/p>\n<p>Diretor de Administra\u00e7\u00e3o, Finan\u00e7as e Patrim\u00f4nio: I\u00eada Maria Garcia dos Santos \u2013 UFPB<\/p>\n<p>Diretores Cient\u00edficos: Edson Cavalcanti da Silva Filho \u2013 UFPI, Ingrid T\u00e1vora Weber \u2013 UnB, Lucas Fugikawa Santos \u2013 UNESP-Rio Claro, Lucimara Stolz Roman \u2013 UFPR, Rubem Luis Sommer \u2013 CBPF.<\/p>\n<p><strong>MEMBROS DO CONSELHO DELIBERATIVO<\/strong><\/p>\n<p>Douglas S. Galvao \u2013 UNICAMP \u2013 Titular<\/p>\n<p>Jos\u00e9 Antonio Eiras \u2013 UFSCAR \u2013 Titular<\/p>\n<p>Luiza Amim Mercante \u2013 UFB &#8211; Titular<\/p>\n<p>Os suplentes eleitos s\u00e3o:<\/p>\n<p>Carlos Roberto Grandini \u2013 UNESP\/Bauru &#8211; Suplente<\/p>\n<p>Bartolomeu Cruz Viana Neto \u2013 UFPI &#8211; Suplente<\/p>\n<p>Sydney Ferreira Santos \u2013 UFABC &#8211; Suplente<\/p>\n<p>Desejamos \u00e0 nova Diretoria sucesso em sua futura administra\u00e7\u00e3o.<\/p>\n<p>PS: Informa\u00e7\u00f5es detalhadas sobre a vota\u00e7\u00e3o encontram-se neste <a href=\"https:\/\/www.sbpmat.org.br\/socios\/rescedula_eleicoes.php\" target=\"_blank\" rel=\"noopener\">relat\u00f3rio<\/a>.<\/p>\n<p>Atenciosamente,<\/p>\n<p>Comiss\u00e3o Eleitoral<\/p>\n<p>Laura O. P\u00e9res<\/p>\n<p>\u00c1ngel Alberto Hidalgo<\/p>\n<p>Mario Lucio Moreira<\/p>\n<hr \/>\n<p>Prezados S\u00f3cios da SBPMat,<\/p>\n<p>A vota\u00e7\u00e3o, tanto para a Diretoria Executiva da Sociedade quanto para o Conselho Deliberativo, foi estendida at\u00e9 o dia 27\/10\/2023.<\/p>\n<p>Comunicamos tamb\u00e9m que a divulga\u00e7\u00e3o dos resultados acontecer\u00e1 no dia 01\/11\/2023.<\/p>\n<p>Atenciosamente<\/p>\n<p>Comiss\u00e3o Eleitoral<\/p>\n<p>Laura O. P\u00e9res<br \/>\n\u00c1ngel Alberto Hidalgo<br \/>\nMario Lucio Moreira<\/p>\n<hr \/>\n<p>Prezados S\u00f3cios da SBPMat,<\/p>\n<p>Estamos disponibilizando o plano de a\u00e7\u00e3o da chapa \u00fanica que participa da elei\u00e7\u00e3o da nova Diretoria Executiva da Sociedade. O arquivo pode ser acessado <a href=\"https:\/\/www.sbpmat.org.br\/site\/wp-content\/uploads\/2023\/07\/Plano-de-a\u00e7\u00e3o-diretoria-SBPMat-2024_2026.pdf\"><strong>aqui<\/strong><\/a>.<\/p>\n<p>Al\u00e9m disso, divulgamos abaixo os candidatos que mostraram interesse em serem votados para o Conselho Deliberativo:<\/p>\n<ul>\n<li>Sydney Ferreira Santos \u2013 UFABC<\/li>\n<li>Bartolomeu Cruz Viana Neto \u2013 UFPI<\/li>\n<li>F\u00e1bio Ruiz Sim\u00f5es \u2013 UNIFESP<\/li>\n<li>Milton Sergio Fernandes de Lima \u2013 Instituto de Estudos Avan\u00e7ados<\/li>\n<li>Ricardo Ritter de Souza Barnasky &#8211; Instituto SENAI de Inova\u00e7\u00e3o em Engenharia de Estruturas<\/li>\n<li>Jos\u00e9 Antonio Eiras &#8211; UFSCAR<\/li>\n<li>Luiza Amim Mercante \u2013 UFB<\/li>\n<li>Douglas S. Galvao &#8211; UNICAMP<\/li>\n<li>Manuel Henrique Lente &#8211; UNIFESP<\/li>\n<li>Carlos Roberto Grandini &#8211; UNESP\/Bauru<\/li>\n<\/ul>\n<p>Lembramos que a vota\u00e7\u00e3o ocorrer\u00e1 entre os dias 01\/10\/2023 at\u00e9 20\/10\/2023.<\/p>\n<p>Atenciosamente<\/p>\n<p>Comiss\u00e3o Eleitoral<\/p>\n<p>Laura O. P\u00e9res<\/p>\n<p>\u00c1ngel Alberto Hidalgo<\/p>\n<p>Mario Lucio Moreira<\/p>\n<hr \/>\n<p>Prezados S\u00f3cios da SBPMat,<\/p>\n<p>Em reuni\u00e3o realizada no dia\u00a011\/09\/2023, foi homologada a chapa candidata \u00e0 Diretoria conforme descrito abaixo:<\/p>\n<ul>\n<li>Ivan Helmuth Bechtold \u2013 UFSC (Presidente)<\/li>\n<li>I\u00eada Maria Garcia dos Santos \u2013 UFPB (Diretora de Administra\u00e7\u00e3o, Finan\u00e7as e Patrim\u00f4nio)<\/li>\n<li>Edson Cavalcanti da Silva Filho \u2013 UFPI (Diretor Cient\u00edfico)<\/li>\n<li>Ingrid T\u00e1vora Weber \u2013 UnB (Diretora Cient\u00edfica)<\/li>\n<li>Lucas Fugikawa Santos \u2013 UNESP-Rio Claro (Diretor Cient\u00edfico)<\/li>\n<li>Lucimara Stolz Roman \u2013 UFPR (Diretora Cient\u00edfica)<\/li>\n<li>Rubem Luis Sommer \u2013 CBPF (Diretor Cient\u00edfico)<\/li>\n<\/ul>\n<p>A divulga\u00e7\u00e3o do plano de a\u00e7\u00e3o da chapa candidata \u00e0 diretoria ocorrer\u00e1 at\u00e9 o dia 15\/09\/2023 atrav\u00e9s do site da <a href=\"http:\/\/www.sbpmat.org.br\/\" target=\"_blank\" rel=\"noopener\">SBPMat<\/a>\u00a0e por meio de e-mail enviado aos s\u00f3cios.<\/p>\n<p>Atenciosamente<\/p>\n<p style=\"font-weight: 400; text-align: left;\">Comiss\u00e3o Eleitoral<\/p>\n<p style=\"font-weight: 400; text-align: left;\">Laura\u00a0O. P\u00e9res<\/p>\n<p style=\"font-weight: 400; text-align: left;\">\u00c1ngel Alberto Hidalgo<\/p>\n<p style=\"font-weight: 400; text-align: left;\">Mario Lucio Moreira<\/p>\n<hr \/>\n<p>Prezados S\u00f3cios da Sociedade Brasileira de Pesquisa em Materiais (SBPMat):<\/p>\n<p>Informamos que neste ano dever\u00e1 ocorrer a renova\u00e7\u00e3o da Diretoria Executiva e de seis membros do Conselho Deliberativo. Sendo assim, ocorrer\u00e3o \u00e0s elei\u00e7\u00f5es para os cargos mencionados, isto \u00e9, Diretoria Executiva e Conselheiros. Sendo assim, os interessados em candidatar-se dever\u00e3o formar as chapas conforme a seguir:<\/p>\n<p><strong>Das candidaturas<\/strong>:<\/p>\n<p>Cada chapa candidata \u00e0 Diretoria Executiva dever\u00e1 conter 7 (sete) nomes para os seguintes cargos:<\/p>\n<ul>\n<li>Presidente (01 vaga)<\/li>\n<li>Diretor de Administra\u00e7\u00e3o, Finan\u00e7as e Patrim\u00f4nio (01 vaga)<\/li>\n<li>Diretores Cient\u00edficos (05 vagas)<\/li>\n<\/ul>\n<p>A Comiss\u00e3o tamb\u00e9m informa que ser\u00e3o eleitos para o Conselho Deliberativo:<\/p>\n<ul>\n<li>3 (tr\u00eas) Conselheiros Titulares<\/li>\n<li>3 (tr\u00eas) Conselheiros Suplentes (do quarto ao sexto nome mais votados)<\/li>\n<\/ul>\n<p>Os tr\u00eas Conselheiros Suplentes, respeitando a ordem de classifica\u00e7\u00e3o eleitoral, ser\u00e3o os suplentes dos Conselheiros Titulares, com mandato de 2024 a 2028.<\/p>\n<p>Todos os s\u00f3cios em situa\u00e7\u00e3o regular s\u00e3o eleg\u00edveis ao Conselho Deliberativo e podem se candidatar. A Comiss\u00e3o Eleitoral se encarregar\u00e1 de divulgar a lista de s\u00f3cios com interesse a serem candidatos ao Conselho.<\/p>\n<p>Os s\u00f3cios em situa\u00e7\u00e3o regular poder\u00e3o votar em uma das chapas candidatas \u00e0 Diretoria e em at\u00e9 4 (quatro) nomes para eleger os Conselheiros Titulares e os Suplentes.<\/p>\n<p><strong>Das inscri\u00e7\u00f5es: <\/strong><\/p>\n<p>As inscri\u00e7\u00f5es dever\u00e3o acontecer, via e-mail (<a href=\"mailto:eleicoes2023@sbpmat.org.br\">eleicoes2023@sbpmat.org.br<\/a>) at\u00e9 o dia 01\/09\/2023 para as chapas \u00e0 Diretoria e at\u00e9 o dia 05\/09\/2023 para o Conselho Deliberativo.<\/p>\n<p><strong>O calend\u00e1rio<\/strong>:<\/p>\n<table class=\"calendar\" border=\"1\" width=\"100%\">\n<tbody>\n<tr>\n<td width=\"165\"><\/td>\n<td width=\"165\">Data Inicial<\/td>\n<td width=\"165\">Data Final<\/td>\n<td width=\"165\">Procedimento<\/td>\n<\/tr>\n<tr>\n<td width=\"165\">Prazo para regulariza\u00e7\u00e3o da situa\u00e7\u00e3o dos s\u00f3cios candidatos<\/td>\n<td width=\"165\"><\/td>\n<td width=\"165\">05\/09\/2023<\/td>\n<td width=\"165\">Atrav\u00e9s do portal da SBPMat<\/p>\n<p><a href=\"http:\/\/www.sbpmat.org.br\">www.sbpmat.org.br<\/a><\/td>\n<\/tr>\n<tr>\n<td width=\"165\">Inscri\u00e7\u00e3o Chapas para Diretoria<\/td>\n<td width=\"165\">De 01\/08\/2023<\/td>\n<td width=\"165\">At\u00e9 01\/09\/2023<\/td>\n<td width=\"165\">Somente pelo e-mail<\/p>\n<p><a href=\"mailto:eleicoes2023@sbpmat.org.br\">eleicoes2023@sbpmat.org.br<\/a><\/td>\n<\/tr>\n<tr>\n<td width=\"165\">Inscri\u00e7\u00e3o para Conselho<\/td>\n<td width=\"165\">De 01\/08\/2023<\/td>\n<td width=\"165\">At\u00e9 05\/09\/2023<\/td>\n<td width=\"165\">Somente pelo e-mail<\/p>\n<p><a href=\"mailto:eleicoes2023@sbpmat.org.br\">eleicoes2023@sbpmat.org.br<\/a><\/td>\n<\/tr>\n<tr>\n<td width=\"165\">Homologa\u00e7\u00e3o das inscri\u00e7\u00f5es das Chapas<\/td>\n<td width=\"165\"><\/td>\n<td width=\"165\">At\u00e9 10\/09\/2023<\/td>\n<td width=\"165\">Conselho da SBPMat<\/td>\n<\/tr>\n<tr>\n<td width=\"165\">Divulga\u00e7\u00e3o dos planos de a\u00e7\u00e3o das chapas \u00e0 Diretoria<\/td>\n<td width=\"165\">15\/09\/2023<\/td>\n<td width=\"165\"><\/td>\n<td width=\"165\">Atrav\u00e9s do portal da SBPMat e por email <a href=\"http:\/\/www.sbpmat.org.br\">www.sbpmat.org.br<\/a><\/td>\n<\/tr>\n<tr>\n<td width=\"165\">Divulga\u00e7\u00e3o da lista de candidatos ao Conselho que declararam interesse<\/td>\n<td width=\"165\">15\/09\/2023<\/td>\n<td width=\"165\"><\/td>\n<td width=\"165\">Atrav\u00e9s do portal da SBPMat e por email <a href=\"http:\/\/www.sbpmat.org.br\">www.sbpmat.org.br<\/a><\/td>\n<\/tr>\n<tr>\n<td width=\"165\">Elei\u00e7\u00e3o<\/td>\n<td width=\"165\">01\/10\/2023<\/td>\n<td width=\"165\">20\/10\/2023<\/td>\n<td width=\"165\">Atrav\u00e9s do portal da SBPMat <a href=\"http:\/\/www.sbpmat.org.br\">www.sbpmat.org.br<\/a><\/td>\n<\/tr>\n<tr>\n<td width=\"165\">Divulga\u00e7\u00e3o dos resultados<\/td>\n<td width=\"165\">26\/10\/2023<\/td>\n<td width=\"165\"><\/td>\n<td width=\"165\">Atrav\u00e9s do portal da SBPMat e por email <a href=\"http:\/\/www.sbpmat.org.br\">www.sbpmat.org.br<\/a><\/td>\n<\/tr>\n<\/tbody>\n<\/table>\n<p>&nbsp;<\/p>\n<p>A Comiss\u00e3o Eleitoral estimula aos s\u00f3cios da SBPMat a apresentar inscri\u00e7\u00f5es de chapas para a Diretoria e declarar interesse a serem votados para o Conselho Deliberativo.<\/p>\n<p style=\"font-weight: 400; text-align: right;\">Comiss\u00e3o Eleitoral<\/p>\n<p style=\"font-weight: 400; text-align: right;\">Laura\u00a0O. P\u00e9res<\/p>\n<p style=\"font-weight: 400; text-align: right;\">\u00c1ngel Alberto Hidalgo<\/p>\n<p style=\"font-weight: 400; text-align: right;\">Mario Lucio Moreira<\/p>\n<hr \/>\n<p style=\"font-weight: 400;\">\n<p><\/p>","protected":false},"excerpt":{"rendered":"<p>Prezados S\u00f3cios da SBPMat, Ap\u00f3s apurados os votos da elei\u00e7\u00e3o para a Diretoria Executiva e Membros do Conselho Deliberativo da SBPMat, a comiss\u00e3o eleitoral declara eleitos os seguintes nomes: DIRETORIA EXECUTIVA Presidente: Ivan Helmuth Bechtold \u2013 UFSC Diretor de Administra\u00e7\u00e3o, Finan\u00e7as e Patrim\u00f4nio: I\u00eada Maria Garcia dos Santos \u2013 UFPB Diretores Cient\u00edficos: Edson Cavalcanti da [&hellip;]<\/p>\n","protected":false},"author":1,"featured_media":0,"parent":0,"menu_order":0,"comment_status":"closed","ping_status":"closed","template":"","meta":{"footnotes":""},"_links":{"self":[{"href":"https:\/\/www.sbpmat.org.br\/pt\/wp-json\/wp\/v2\/pages\/10354"}],"collection":[{"href":"https:\/\/www.sbpmat.org.br\/pt\/wp-json\/wp\/v2\/pages"}],"about":[{"href":"https:\/\/www.sbpmat.org.br\/pt\/wp-json\/wp\/v2\/types\/page"}],"author":[{"embeddable":true,"href":"https:\/\/www.sbpmat.org.br\/pt\/wp-json\/wp\/v2\/users\/1"}],"replies":[{"embeddable":true,"href":"https:\/\/www.sbpmat.org.br\/pt\/wp-json\/wp\/v2\/comments?post=10354"}],"version-history":[{"count":16,"href":"https:\/\/www.sbpmat.org.br\/pt\/wp-json\/wp\/v2\/pages\/10354\/revisions"}],"predecessor-version":[{"id":10686,"href":"https:\/\/www.sbpmat.org.br\/pt\/wp-json\/wp\/v2\/pages\/10354\/revisions\/10686"}],"wp:attachment":[{"href":"https:\/\/www.sbpmat.org.br\/pt\/wp-json\/wp\/v2\/media?parent=10354"}],"curies":[{"name":"wp","href":"https:\/\/api.w.org\/{rel}","templated":true}]}}