{"id":81,"date":"2012-04-10T13:28:46","date_gmt":"2012-04-10T16:28:46","guid":{"rendered":"http:\/\/sbpmat.org.br\/site\/?page_id=81"},"modified":"2026-02-26T14:58:31","modified_gmt":"2026-02-26T17:58:31","slug":"diretoria-e-conselho","status":"publish","type":"page","link":"https:\/\/www.sbpmat.org.br\/en\/diretoria-e-conselho\/","title":{"rendered":"Board and council"},"content":{"rendered":"<p><\/p>\n<h2>2026 &#8211; 2027<\/h2>\n<h2><strong>President<\/strong><\/h2>\n<p><strong><a href=\"https:\/\/www.sbpmat.org.br\/site\/wp-content\/uploads\/2024\/01\/ivan.jpg\"><img loading=\"lazy\" decoding=\"async\" class=\"alignright size-full wp-image-10640\" src=\"https:\/\/www.sbpmat.org.br\/site\/wp-content\/uploads\/2024\/01\/ivan.jpg\" alt=\"\" width=\"150\" height=\"150\" \/><\/a>Ivan Helmuth Bechtold<\/strong>. Full Professor at the <strong>Federal University of Santa Catarina<\/strong> (UFSC). He works in organic and hybrid systems for applications in optoelectronic devices such as OLEDs, OFETs, OPVs and biosensors. CNPq Productivity Scholar &#8211; Level 1C. Bachelor in Physics from UFSC (1997), Master (2000) and PhD in Physics (2004) from USP. At B-MRS, he was Scientific Director (2019 to 2021), Financial Director (2022 to 2023), and President (2024 to 2025). Representative of the Iberoamerican Society of Complex Fluids at the International Liquid Crystal Society (ILCS) for 2020-2024. Coordinator of the Postgraduate Program in Physics at UFSC from 2015 to 2021.<\/p>\n<hr \/>\n<h2><strong>Director of Administration, Finance and Assets<\/strong><\/h2>\n<p><strong><a href=\"https:\/\/www.sbpmat.org.br\/site\/wp-content\/uploads\/2012\/04\/ieda.jpg\"><img loading=\"lazy\" decoding=\"async\" class=\"alignleft size-thumbnail wp-image-8361\" src=\"https:\/\/www.sbpmat.org.br\/site\/wp-content\/uploads\/2012\/04\/ieda-150x150.jpg\" alt=\"\" width=\"150\" height=\"150\" srcset=\"https:\/\/www.sbpmat.org.br\/site\/wp-content\/uploads\/2012\/04\/ieda-150x150.jpg 150w, https:\/\/www.sbpmat.org.br\/site\/wp-content\/uploads\/2012\/04\/ieda.jpg 161w\" sizes=\"(max-width: 150px) 100vw, 150px\" \/><\/a>Ieda Maria Garcia dos Santos<\/strong>. Full professor at the <strong>Federal University of Para\u00edba<\/strong> (UFPB). She works in the synthesis of oxides by chemical methods and their application in catalysis processes for fuel production and environmental remediation through photocatalysis, with a focus on emerging contaminants. CNPq Productivity Scholar &#8211; level 1C. Materials engineer (1994) with a master&#8217;s degree (1997) and doctorate (2000) in Chemistry from UFSCar. She is a member of the CNPq Advisory Committee in Mining and Metallurgical and Materials Engineering. At B-MRS, she served five terms as Scientific Director and twice as financial director, in addition to coordinating the XII B-MRS Meeting, held in Jo\u00e3o Pessoa in 2014.<\/p>\n<hr \/>\n<h2><strong>Scientific Directors<\/strong><\/h2>\n<p><strong><a href=\"https:\/\/www.sbpmat.org.br\/site\/wp-content\/uploads\/2026\/01\/ana-sofia.jpeg\"><img loading=\"lazy\" decoding=\"async\" class=\"alignleft size-thumbnail wp-image-11307\" src=\"https:\/\/www.sbpmat.org.br\/site\/wp-content\/uploads\/2026\/01\/ana-sofia-150x150.jpeg\" alt=\"\" width=\"150\" height=\"150\" \/><\/a>Ana Sofia Cl\u00edmaco Monteiro D\u2019Oliveira<\/strong><strong>. <\/strong>Full Professor at the <strong>Federal University of Paran\u00e1<\/strong> (UFPR). Her work focuses on the study of advanced materials, primarily aiming at their application in the manufacturing and coating of mechanical components exposed to high service temperatures. She is a CNPq research productivity fellow &#8211; level 1D. She holds a degree in Metallurgical and Materials Engineering from the Technical University of Lisbon, Portugal (1989) and a PhD in Metallurgy and Materials from the University of Birmingham, United Kingdom (1993). At UFPR, she coordinated the postgraduate programs in Materials Science and Engineering and in Mechanical Engineering, and was the coordinator of Research and Development in Science and Technology from 2017 to 2024.<\/p>\n<p><strong><a href=\"https:\/\/www.sbpmat.org.br\/site\/wp-content\/uploads\/2026\/01\/felipe.jpg\"><img loading=\"lazy\" decoding=\"async\" class=\"alignright size-thumbnail wp-image-11308\" src=\"https:\/\/www.sbpmat.org.br\/site\/wp-content\/uploads\/2026\/01\/felipe-150x150.jpg\" alt=\"\" width=\"150\" height=\"150\" srcset=\"https:\/\/www.sbpmat.org.br\/site\/wp-content\/uploads\/2026\/01\/felipe-150x150.jpg 150w, https:\/\/www.sbpmat.org.br\/site\/wp-content\/uploads\/2026\/01\/felipe-300x300.jpg 300w, https:\/\/www.sbpmat.org.br\/site\/wp-content\/uploads\/2026\/01\/felipe-1024x1024.jpg 1024w, https:\/\/www.sbpmat.org.br\/site\/wp-content\/uploads\/2026\/01\/felipe-768x768.jpg 768w, https:\/\/www.sbpmat.org.br\/site\/wp-content\/uploads\/2026\/01\/felipe-1536x1536.jpg 1536w, https:\/\/www.sbpmat.org.br\/site\/wp-content\/uploads\/2026\/01\/felipe.jpg 1600w\" sizes=\"(max-width: 150px) 100vw, 150px\" \/><\/a>Felipe Bohn \u2013 UFRN. <\/strong>Full Professor at the <strong>Federal University of Rio Grande do Norte<\/strong> (UFRN). He works in the area of \u200b\u200bnanostructured magnetic materials, magnetization dynamics and spintronics, involving experimental techniques, theoretical modeling and simulations. CNPq research productivity fellow \u2013 level B. Associate editor of IEEE Transactions on Magnetics. Elected member of the 2025-2027 administrative committee of the IEEE Magnetics Society. Bachelor&#8217;s (2003), Master&#8217;s (2005) and PhD (2009) degrees in Physics from the Federal University of Santa Maria (UFSM). He was coordinator of the Postgraduate Program in Physics at UFRN from 2019 to 2023.<\/p>\n<p><a href=\"https:\/\/www.sbpmat.org.br\/site\/wp-content\/uploads\/2024\/01\/ingrid-1.jpeg\"><img loading=\"lazy\" decoding=\"async\" class=\"alignleft size-full wp-image-10641\" src=\"https:\/\/www.sbpmat.org.br\/site\/wp-content\/uploads\/2024\/01\/ingrid-1.jpeg\" alt=\"\" width=\"150\" height=\"150\" \/><\/a><\/p>\n<p><strong>Ingrid T\u00e1vora Weber<\/strong>. Associate Professor at the <strong>University of Bras\u00edlia<\/strong> (UnB). She works in the field of luminescent and photoactive materials for environmental and forensic applications. Productivity Scholar from CNPq &#8211; level 2. Bachelor&#8217;s degree in Chemistry from UFPE (1997) with a master&#8217;s degree in Chemistry (1999) and a PhD in Chemistry (2002) from UFSCar. At UnB, she is a member of the Research Laboratory on Games and Playful Activities in Chemistry Teaching (LUDEQ). She was an assistant professor at UFPE between 2006 and 2010 . She coordinated the Postgraduate Course in Chemistry at UnB.<\/p>\n<p><a href=\"https:\/\/www.sbpmat.org.br\/site\/wp-content\/uploads\/2026\/01\/lucas.jpg\"><img loading=\"lazy\" decoding=\"async\" class=\"alignright size-thumbnail wp-image-11314\" src=\"https:\/\/www.sbpmat.org.br\/site\/wp-content\/uploads\/2026\/01\/lucas-150x150.jpg\" alt=\"\" width=\"150\" height=\"150\" \/><\/a><\/p>\n<p><strong>Lucas Fugikawa Santos<\/strong>. Associate Professor at the<strong> State University of S\u00e3o Paulo<\/strong> (UNESP) &#8211; Rio Claro campus, head of the Physics Department and associate researcher at the Center for Environmental Studies. He works on the development and electrical characterization of electronic, optoelectronic devices and sensors made from organic semiconductors, ionic conductors, metal oxides and carbon compounds. Productivity scholar from CNPq &#8211; level 2. Bachelor&#8217;s degree in Physics (1995) with master&#8217;s degree (1998) and doctorate (2003) in Applied Physics from IFSC-USP. Chairman of the XXII B-MRS Meeting (Santos, 2024).<\/p>\n<p><strong><a href=\"https:\/\/www.sbpmat.org.br\/site\/wp-content\/uploads\/2026\/01\/rossana.jpg\"><img loading=\"lazy\" decoding=\"async\" class=\"alignleft size-thumbnail wp-image-11309\" src=\"https:\/\/www.sbpmat.org.br\/site\/wp-content\/uploads\/2026\/01\/rossana-150x150.jpg\" alt=\"\" width=\"150\" height=\"150\" \/><\/a>Rossana Mara da Silva Moreira Thir\u00e9.<\/strong>Associate Professor at the Federal University of Rio de Janeiro (UFRJ). She works in the area of \u200b\u200bpolymeric biomaterials, biodegradable plastics, and 3D printing. CNPq research productivity fellow \u2013 level 2. President 2025-2027 of the Latin American Society of Biomaterials and Artificial Organs (SLABO). Chemical engineer (1995) with a master&#8217;s degree in Chemical and Biochemical Process Engineering (1998) and a doctorate in Metallurgical and Materials Engineering (2003) from UFRJ. She coordinated the undergraduate courses in Materials Engineering and Metallurgical Engineering at UFRJ between 2015 and 2017. She was a member of the ABNT Special Study Committee on Additive Manufacturing (ABNT\/CEE-261).<\/p>\n<h2><strong>Council<\/strong><\/h2>\n<p><strong>Councilors \u2013 term 2024-2028:<\/strong> Douglas S. Galvao (UNICAMP), Jos\u00e9 Antonio Eiras (UFSCAR), Luiza Amim Mercante (UFBA).<\/p>\n<p><strong>Deputy councilors \u2013 term 2024-2028:<\/strong> Carlos Roberto Grandini (UNESP\/Bauru), Bartolomeu Cruz Viana Neto (UFPI), Sydney Ferreira Santos (UFABC).<\/p>\n<p><strong>Full councilors \u2013 term 2026-2030:<\/strong> Laura Oliveira P\u00e9res Philadelphi (Unifesp), Luciana Reyes Pires Kassab (Fatec SP).<\/p>\n<p><strong>Deputy councilors \u2013 term 2026-2030:<\/strong> Ademar Ben\u00e9volo Lug\u00e3o (IPEN), Adriana Passarella Gerola (UFSC).<\/p>\n<hr \/>\n<h3 data-start=\"93\" data-end=\"115\"><strong data-start=\"93\" data-end=\"115\">2024\u20132025<\/strong><\/h3>\n<p data-start=\"117\" data-end=\"174\"><strong data-start=\"117\" data-end=\"131\">President: <\/strong>Prof. Ivan Helmuth Bechtold (UFSC \u2013 SC).<\/p>\n<p data-start=\"176\" data-end=\"277\"><strong data-start=\"176\" data-end=\"227\">Director of Administration, Finance and Assets: <\/strong>Prof. I\u00eada Maria Garcia dos Santos (UFPB \u2013 PB).<\/p>\n<p data-start=\"279\" data-end=\"518\"><strong data-start=\"279\" data-end=\"304\">Scientific Directors: <\/strong>Prof. Ingrid T\u00e1vora Weber (UnB \u2013 DF), Prof. Lucas Fugikawa Santos (UNESP \u2013 SP), Prof. Rubem Luis Sommer (CBPF\/MCT \u2013 RJ), Prof. Edson Cavalcanti da Silva Filho (UFPI \u2013 PI), Prof. Lucimara Stolz Roman (UFPR \u2013 PR).<\/p>\n<p data-start=\"520\" data-end=\"650\"><strong data-start=\"520\" data-end=\"562\">Full Council Members \u2013 Term 2024\u20132028: <\/strong>Douglas S. Galvao (UNICAMP), Jos\u00e9 Antonio Eiras (UFSCar), Luiza Amim Mercante (UFBA).<\/p>\n<p data-start=\"652\" data-end=\"807\"><strong data-start=\"652\" data-end=\"699\">Alternate Council Members \u2013 Term 2024\u20132028: <\/strong>Carlos Roberto Grandini (UNESP\/Bauru), Bartolomeu Cruz Viana Neto (UFPI), Sydney Ferreira Santos (UFABC).<\/p>\n<p data-start=\"809\" data-end=\"918\"><strong data-start=\"809\" data-end=\"851\">Full Council Members \u2013 Term 2022\u20132026: <\/strong>Prof. Ana Fl\u00e1via Nogueira (UNICAMP), Prof. Elson Longo (UFSCar).<\/p>\n<p data-start=\"920\" data-end=\"1055\"><strong data-start=\"920\" data-end=\"967\">Alternate Council Members \u2013 Term 2022\u20132026: <\/strong>Prof. Pedro Augusto de Paula Nascente (UFSCar), Prof. Julio Ricardo Sambrano (UNESP).<\/p>\n<hr \/>\n<h3><strong>2022 &#8211; 2023<\/strong><\/h3>\n<p><strong>President:<\/strong> Prof. M\u00f4nica Alonso Cotta (IFGW\/UNICAMP \u2013 SP).<\/p>\n<p><strong>Director of Administration, Finance and Assets:<\/strong> Prof. Ivan Helmuth Bechtold (Department of Physics, UFSC \u2013 SC).<\/p>\n<p><strong>Scientific Directors:<\/strong> Prof. Andrea S. S. de Camargo (S\u00e3o Carlos Institute of Physics, USP \u2013 SP), Prof. Angela Burlamaqui Klautau (Center for Exact and Natural Sciences, UFPA \u2013 PA), Prof. Antonio Eduardo Martinelli (Department of Materials Engineering\/UFRN \u2013 RN), Prof. I\u00eada Maria Garcia dos Santos (Department of Chemistry, UFPB \u2013 PB), Prof. Rubem Luis Sommer (CBPF\/MCT \u2013 RJ).<\/p>\n<p><strong>Full councilors &#8211; term 2022-2026:<\/strong>\u00a0\u00a0Prof. Ana Fl\u00e1via Nogueira (UNICAMP), Prof. Elson Longo (UFSCar).<\/p>\n<p><strong>Alternate\u00a0advisors \u2013 term 2022-2026<\/strong>: Prof. Pedro Augusto de Paula Nascente (UFSCar), Prof. Julio Ricardo Sambrano (UNESP).<\/p>\n<hr \/>\n<h3>2020-2021<\/h3>\n<p><strong>President:\u00a0<\/strong>Prof. M\u00f4nica Alonso Cotta (Gleb Wataghin Institute of Physics\/UNICAMP \u2013 SP).<\/p>\n<p><strong>Director\u00a0of\u00a0administration and finance:\u00a0<\/strong>Prof. Rubem Luis Sommer (CBPF\/MCT \u2013 RJ).<\/p>\n<p><strong>Scientific directors:\u00a0<\/strong>Profa. Andrea S. S. de Camargo (IFSC\/USP &#8211; SP),\u00a0Prof. Antonio Eduardo Martinelli (Department of Materials Engineering, UFRN &#8211; RN),\u00a0Prof. I\u00eada Maria Garcia dos Santos (Chemistry Department, UFPB &#8211; PB),\u00a0Prof. Ivan Helmuth Bechtold (Department of Physics, UFSC \u2013 SC),\u00a0Prof. Newton Martins Barbosa Neto (Institute of Exact and Natural Sciences, UFPA &#8211; PA).<\/p>\n<p>&nbsp;<\/p>\n<hr \/>\n<h3>2018-2019<\/h3>\n<p><strong>President:\u00a0<\/strong>Prof. Osvaldo Novais de Oliveira Junior (IFSC\/USP \u2013 S\u00e3o Paulo State).<\/p>\n<p><strong>Director\u00a0of\u00a0administration, finance and equity:\u00a0<\/strong>Prof. Rubem Luis Sommer (CBPF\/MCT \u2013 RJ).<\/p>\n<p><strong>Scientific directors:\u00a0<\/strong>Prof. Antonio Eduardo Martinelli (Department of Materials Engineering\/UFRN); Prof. Daniel Eduardo Weibel (Chemistry Institute\/UFRGS \u2013 RS);\u00a0Prof. Glaura Goulart Silva (Department of Chemistry\/UFMG and Nanomaterials Technology Center \u2013 MG);\u00a0Prof. I\u00eada Maria Garcia dos Santos (Chemistry Department, UFPB, PB);\u00a0Prof. M\u00f4nica Alonso Cotta (Gleb Wataghin Institute of Physics\/UNICAMP \u2013 SP)<\/p>\n<hr \/>\n<h3><strong>2016 &#8211; 2017\u00a0<\/strong><\/h3>\n<p><strong>President:\u00a0<\/strong><strong>Prof. Osvaldo Novais de Oliveira Junior<\/strong><\/p>\n<p><strong>Director of administration, finance and assets:\u00a0<\/strong><strong>Prof. Rubem Luis Sommer<\/strong> (CBPF\/MCT &#8211; RJ)<\/p>\n<p><strong>Scientific directors:\u00a0<\/strong><strong>Prof. Antonio Eduardo Martinelli<\/strong> (Department of Materials Engineering\/UFRN. &#8211; RN);\u00a0<strong>Prof. Daniel Eduardo Weibel <\/strong>(Institute OF Chemistry\/UFRGS &#8211; RS);\u00a0<strong>Prof. Glaura Goulart Silva<\/strong> (Department of Chemistry\/UFMG and Nanotubes Technology Center &#8211; MG);\u00a0<strong>Prof. Monica Alonso Cotta<\/strong> (Gleb Wataghin Physics Institute\/UNICAMP &#8211; SP);\u00a0<strong>Prof. Rodrigo Fernando Bianchi<\/strong> (Department of Physics\/UFOP &#8211; MG)<\/p>\n<p><strong>Counselors &#8211; 2014-2018:\u00a0<\/strong>Jos\u00e9 Alberto Giacometti (Instituto de F\u00edsica de S\u00e3o Carlos, USP, SP), Jos\u00e9 Antonio Eiras (Depto. de F\u00edsica, UFSCAR, SP), Antonio Jos\u00e9 Felix de Carvalho (Escola de Engenharia de S\u00e3o Carlos, USP, SP), Ubirajara Pereira Rodrigues Filho (Instituto de Qu\u00edmica de S\u00e3o Carlos, USP, SP).<\/p>\n<p><strong>Deputy counselors 2014\/2016 -2018:\u00a0<\/strong>Neri Alves (Faculdade de Ci\u00eancias e Tecnologia de Presidente Prudente,\u00a0UNESP, SP),\u00a0Manuel Henrique Lente (Instituto de Ci\u00eancia e Tecnologia, UNIFESP campus S\u00e3o Jos\u00e9 dos Campos, SP), Milton Sergio Fernandes de Lima (Divis\u00e3o de Fot\u00f4nica, Instituto de Estudos Avan\u00e7ados, SP).<\/p>\n<p><strong>Counselor &#8211; 2016 &#8211; 2020:<\/strong>\u00a0Ana Flavia Nogueira (Instituto de Qu\u00edmica, UNICAMP, SP).<strong>\u00a0Deputy:<\/strong>\u00a0Carlos Roberto Grandini (Departamento de F\u00edsica, Faculdade de Ci\u00eancias de Bauru,\u00a0UNESP, SP).<\/p>\n<hr \/>\n<h3><strong>2014 &#8211; 2015<\/strong><\/h3>\n<p align=\"left\"><strong>President:\u00a0<\/strong>Prof. Roberto Mendon\u00e7a Faria (Institute of Physics of S\u00e3o Carlos, USP, S\u00e3o Paulo).<\/p>\n<p align=\"left\"><strong>Administrative director:\u00a0<\/strong>Prof. I\u00eada Maria Garcia dos Santos (Department of Chemistry, UFPB, Para\u00edba)<\/p>\n<p align=\"left\"><strong>Finance director:\u00a0<\/strong>Prof. Marco Cremona (Department of Physics, PUC-Rio, Rio de Janeiro)<\/p>\n<p><strong>Scientific directors:\u00a0<\/strong>Prof. Andr\u00e9 Avelino Pasa (Physics Department, UFSC, Santa Catarina). Prof. Julio Ricardo Sambrano (College of Sciences, UNESP, S\u00e3o Paulo). Prof. Maria Aparecida Zaghete (Department of Biochemistry and Chemistry Technology, UNESP &#8211; Araraquara, S\u00e3o Paulo). Prof. Rodrigo Fernando Bianchi (Department of Physics, UFOP, Minas Gerais).<\/p>\n<p><strong>Counselors 2012-2016:\u00a0<\/strong>Prof. Milton Sergio Fernandes de Lima ( Departamento de Fot\u00f4nica, Instituto de Estudos Avan\u00e7ados, SP), Prof. Elson Longo (Instituto de Qu\u00edmica, UNESP-Araraquara), Prof. Osvaldo Novais de Oliveira Junior (Instituto de F\u00edsica de S\u00e3o Carlos, USP, SP).<\/p>\n<p><strong>Deputy counselors 2012-2016:\u00a0<\/strong>Prof. Renato de Figueiredo Jardim (Instituto de F\u00edsica, USP, SP), Prof. Valmor Roberto Mastelaro (Instituto de F\u00edsica de S\u00e3o Carlos, USP, SP), Prof. Marcelo Ornaghi Orlandi (Departamento de F\u00edsica e Qu\u00edmica, Faculdade de Engenharia de Ilha Solteira &#8211; UNESP), Prof. Aloisio Nelmo Klein ((Depto. de Eng. Mec\u00e2nica ,Universidade Federal de Santa Catarina, UFSC, SC)<\/p>\n<p><strong>Counselors 2014-2018:\u00a0<\/strong>Jos\u00e9 Alberto Giacometti (Depto. de F\u00edsica e Ci\u00eancia dos Materiais, USP, SP), Jos\u00e9 Antonio Eiras (Depto. de F\u00edsica, UFSCAR, SP), Antonio Jos\u00e9 Felix de Carvalho (Escola de Engenharia de S\u00e3o Carlos, USP), Ubirajara Pereira Rodrigues Filho (Instituto de Qu\u00edmica de S\u00e3o Carlos, USP).<\/p>\n<p><strong>Deputy counselors 2014-2018:\u00a0<\/strong>Neri Alves (Faculdade de Ci\u00eancias e Tecnologia de Presidente Prudente,\u00a0UNESP, SP) .<\/p>\n<hr \/>\n<h3><strong>2012 &#8211; 2013<\/strong><\/h3>\n<p><strong>President:\u00a0<\/strong>Prof. Roberto Mendon\u00e7a Faria (Instituto de F\u00edsica de S\u00e3o Carlos, USP, SP)<\/p>\n<p><strong>Administrative director:\u00a0<\/strong>Prof. Reginaldo Muccillo (Centro de Ci\u00eancia e Tecnologia de Materiais, IPEN, SP)<\/p>\n<p><strong>Finance director:\u00a0<\/strong>Prof. Fernando Lazaro Freire Junior (Departamento de F\u00edsica, PUC-Rio)<\/p>\n<p><strong>Scientific directors<\/strong><strong>:\u00a0<\/strong>Profa. I\u00eada Maria Garcia dos Santos (Departamento de Qu\u00edmica, UFPB, PB), Prof. Paulo Fernando Papaleo Fichtner\u00a0(Depto de Metalurgia, UFRGS), Prof. Carlos Frederico de Oliveira Graeff (Departamento de F\u00edsica, UNESP-Bauru), Prof. Waldemar Augusto de Almeida Macedo\u00a0(Centro de Desenvolvimento da Tecnologia Nuclear &#8211; CDTN, MG).<\/p>\n<p><strong>Counselors for 2010-2014:\u00a0<\/strong>Prof. Aldo Felix Craievich\u00a0 (Instituto de F\u00edsica, USP, SP), Prof. Ivan Guillermo Solorzano\u00a0(Depto de Materiais, PUC-Rio), Profa. Elisa Maria Baggio Saitovitch (Centro Brasileiro de Pesquisas F\u00edsicas, CBPF, RJ), Prof. Julio Ricardo Sambrano (Universidade Estadual Paulista J\u00falio de Mesquita Filho,\u00a0Faculdade de Ci\u00eancias de Bauru, SP).<\/p>\n<p><strong>Deputy counselors for 2010-2014:\u00a0<\/strong>Prof. Jos\u00e9 Alberto Giacometti\u00a0(Faculdade de Ci\u00eancias e Tecnologia de Presidente Prudente, UNESP)<\/p>\n<p><strong>Counselors for 2012-2016:\u00a0<\/strong>Prof. Marco Cremona (Departamento de F\u00edsica, PUC-Rio), Prof. Milton Sergio Fernandes de Lima ( Departamento de Fot\u00f4nica, Instituto de Estudos Avan\u00e7ados, SP), Prof. Elson Longo (Instituto de Qu\u00edmica, UNESP-Araraquara), Prof. Osvaldo Novais de Oliveira Junior (Instituto de F\u00edsica de S\u00e3o Carlos, USP, SP).<\/p>\n<p><strong>Deputy counselors for 2012-2016:\u00a0<\/strong>Prof. Renato de Figueiredo Jardim (Instituto de F\u00edsica, USP, SP), Prof. Valmor Roberto Mastelaro (Instituto de F\u00edsica de S\u00e3o Carlos, USP, SP), Prof. Marcelo Ornaghi Orlandi (Departamento de F\u00edsica e Qu\u00edmica, Faculdade de Engenharia de Ilha Solteira &#8211; UNESP), Prof. Aloisio Nelmo Klein ((Depto. de Eng. Mec\u00e2nica ,Universidade Federal de Santa Catarina, UFSC, SC)<\/p>\n<hr \/>\n<h2><strong><span style=\"font-size: medium;\"><span style=\"line-height: 24px;\">2010-2011<\/span><\/span><\/strong><\/h2>\n<p><strong>President:<\/strong> Jos\u00e9 Arana Varela<\/p>\n<p><strong>Administrative director:\u00a0<\/strong>S\u00e9rgio de Souza Camargo Filho<\/p>\n<p><strong>Finance director:<\/strong>\u00a0Antonio Carlos Hernandes<\/p>\n<p><strong>Scientific directors:<\/strong>\u00a0Alo\u00edsio Nelmo Klein,\u00a0Dulce Maria de Ara\u00fajo Melo,\u00a0Renato de Figueiredo Jardim,\u00a0Waldemar Augusto de Almeida Macedo<\/p>\n<hr \/>\n<h3><strong>2008 &#8211; 2009<\/strong><\/h3>\n<p><strong>President:<\/strong>\u00a0Fernando L\u00e1zaro Freire J\u00fanior<\/p>\n<p><strong>Administrative director:<\/strong>\u00a0Osvaldo Novais de Oliveira J\u00fanior<\/p>\n<p><strong>Finance director:<\/strong>\u00a0S\u00e9rgio de Souza Camargo J\u00fanior<\/p>\n<p><strong>Scientific directors:<\/strong>\u00a0Aldo Felix Craievetich,\u00a0Paulo Fernando Papaleo Fichtner,\u00a0Antonio Eduardo Martinelli,\u00a0Margareth Spangler Andrade<\/p>\n<hr \/>\n<h3><strong>2006-2007<\/strong><\/h3>\n<p><strong>President:<\/strong>\u00a0Fernando L\u00e1zaro Freire J\u00fanior<\/p>\n<p><strong>Administrative director:<\/strong>\u00a0Osvaldo Novais de Oliveira J\u00fanior<\/p>\n<p><strong>Finance director:<\/strong>\u00a0Gl\u00f3ria Dulce de Almeida Soares<\/p>\n<p><strong>Scientific directors:<\/strong>\u00a0Aldo Felix Craievetich,\u00a0Paulo Fernando Papaleo Fichtner<\/p>\n<hr \/>\n<h3><strong>2004 &#8211; 2005<\/strong><\/h3>\n<p><strong>President:\u00a0<\/strong>Elson Longo<\/p>\n<p><strong>Administrative director:<\/strong>\u00a0Roberto Mendon\u00e7a Faria<\/p>\n<p><strong>Finance director:<\/strong>\u00a0Jos\u00e9 Arana Varela<\/p>\n<p><strong>Scientific directors:<\/strong>\u00a0Alo\u00edsio Klein,\u00a0Dulce Maria Melo,\u00a0Fernando L\u00e1zaro Freire J\u00fanior,\u00a0Wander Vasconcelos<\/p>\n<hr \/>\n<h3><strong>Founding board of directors\u00a0<\/strong><\/h3>\n<p><strong>President:<\/strong>\u00a0Ivan Guillermo S\u00f3lorzano Naranjo<\/p>\n<p><strong>Directors:<\/strong>\u00a0Fernando L\u00e1zaro Freire J\u00fanior,\u00a0Jos\u00e9 Arana Varela,\u00a0Roberto Cerrini Villas Boas,\u00a0Elisa Maria Baggio Saitovich,\u00a0Moni Behar<\/p>","protected":false},"excerpt":{"rendered":"<p>2026 &#8211; 2027 President Ivan Helmuth Bechtold. Full Professor at the Federal University of Santa Catarina (UFSC). He works in organic and hybrid systems for applications in optoelectronic devices such as OLEDs, OFETs, OPVs and biosensors. CNPq Productivity Scholar &#8211; Level 1C. Bachelor in Physics from UFSC (1997), Master (2000) and PhD in Physics (2004) [&hellip;]<\/p>\n","protected":false},"author":1,"featured_media":0,"parent":0,"menu_order":0,"comment_status":"closed","ping_status":"closed","template":"","meta":{"footnotes":""},"_links":{"self":[{"href":"https:\/\/www.sbpmat.org.br\/en\/wp-json\/wp\/v2\/pages\/81"}],"collection":[{"href":"https:\/\/www.sbpmat.org.br\/en\/wp-json\/wp\/v2\/pages"}],"about":[{"href":"https:\/\/www.sbpmat.org.br\/en\/wp-json\/wp\/v2\/types\/page"}],"author":[{"embeddable":true,"href":"https:\/\/www.sbpmat.org.br\/en\/wp-json\/wp\/v2\/users\/1"}],"replies":[{"embeddable":true,"href":"https:\/\/www.sbpmat.org.br\/en\/wp-json\/wp\/v2\/comments?post=81"}],"version-history":[{"count":108,"href":"https:\/\/www.sbpmat.org.br\/en\/wp-json\/wp\/v2\/pages\/81\/revisions"}],"predecessor-version":[{"id":11647,"href":"https:\/\/www.sbpmat.org.br\/en\/wp-json\/wp\/v2\/pages\/81\/revisions\/11647"}],"wp:attachment":[{"href":"https:\/\/www.sbpmat.org.br\/en\/wp-json\/wp\/v2\/media?parent=81"}],"curies":[{"name":"wp","href":"https:\/\/api.w.org\/{rel}","templated":true}]}}