{"id":3882,"date":"2015-10-15T11:35:38","date_gmt":"2015-10-15T14:35:38","guid":{"rendered":"http:\/\/sbpmat.org.br\/?page_id=3882"},"modified":"2024-02-16T15:55:42","modified_gmt":"2024-02-16T18:55:42","slug":"eleicoes-sbpmat-2015-2","status":"publish","type":"page","link":"https:\/\/www.sbpmat.org.br\/en\/eleicoes-sbpmat-2015-2\/","title":{"rendered":"2015 elections at SBPMat"},"content":{"rendered":"<p>&#8212;&#8212;&#8212;&#8212;&#8212;&#8212;&#8212;&#8212;&#8212;&#8212;&#8212;&#8212;&#8212;&#8212;&#8212;&#8212;&#8212;&#8212;&#8212;&#8212;&#8212;&#8212;&#8212;&#8212;&#8212;&#8212;&#8212;&#8212;&#8212;&#8212;&#8212;-<\/p>\n<p>Dear SBPMat associates,<\/p>\n<p>After having counted the votes cast in the election to the Executive Office and members of the Council of SBPMat, the electoral committee hereby declares the following names elected:<\/p>\n<p><strong>EXECUTIVE OFFICE<\/strong><\/p>\n<p>President: Osvaldo Novais de Oliveira Junior.<\/p>\n<p>Administration, Finances and Properties Director: Rubem Luis Sommer.<\/p>\n<p>Scientific Directors: Antonio Eduardo Martinelli, Daniel Eduardo Weibel, Glaura Goulart Silva, M\u00f4nica Alonso Cotta and Rodrigo Fernando Bianchi.<\/p>\n<p><strong>MEMBERS OF THE COUNCIL<\/strong><\/p>\n<p>Ana Fl\u00e1via Nogueira (sitting member) and Carlos Roberto Grandini (alternate)<\/p>\n<p>The other elected alternates are: Manuel Henrique Lente, Milton Sergio Fernandes de Lima, Lucas Fugikawa Santos.<\/p>\n<p>We wish the new Office success in its future administration.<\/p>\n<p>PS: Detailed information on the voting can be found in <a href=\"http:\/\/sbpmat.org.br\/site\/wp-content\/uploads\/2015\/10\/Votos-SBPMat.pdf\">this report<\/a>.<\/p>\n<p>Best regards,<\/p>\n<p>Electoral Committee<\/p>\n<div>\n<div>Jos\u00e9 A. Giacometti\/Neri Alves\/Ubirajara Rodrigues Filho<\/div>\n<\/div>\n<p>&#8212;&#8212;&#8212;&#8212;&#8212;&#8212;&#8212;&#8212;&#8212;&#8212;&#8212;&#8212;&#8212;&#8212;&#8212;&#8212;&#8212;&#8212;&#8212;&#8212;&#8212;&#8212;&#8212;&#8212;&#8212;&#8212;&#8212;&#8212;&#8212;&#8212;&#8212;&#8212;&#8212;&#8212;&#8212;&#8211;<\/p>\n<p><strong>Para votar acesse a \u00e1rea de s\u00f3cios com seu e-mail e senha de 01\/12\/2015 a 12\/12\/2015.<\/strong><\/p>\n<p>&#8212;&#8212;&#8212;&#8212;&#8212;&#8212;&#8212;&#8212;&#8212;&#8212;&#8212;&#8212;&#8212;&#8212;&#8212;&#8212;&#8212;&#8212;&#8212;&#8212;&#8212;&#8212;&#8212;&#8212;&#8212;&#8212;&#8212;&#8212;&#8212;&#8212;&#8212;&#8212;&#8212;&#8212;&#8212;-<\/p>\n<p>30 de novembro de 2015<\/p>\n<p>Prezados S\u00f3cios da SBPMat,<\/p>\n<p>Informamos que a partir de amanh\u00e3 dia 01\/12\/2015 estar\u00e3o abertas at\u00e9 dia 12\/12\/2015 as vota\u00e7\u00f5es para a escolha da Diretoria Executiva e dos novos membros do Conselho Diretivo da SBPMat. Esclarecemos que a vota\u00e7\u00e3o ser\u00e1 feita diretamente no portal da SBPMat no endere\u00e7o\u00a0<a href=\"http:\/\/www.sbpmat.org.br\/\">www.sbpmat.org.br<\/a>.<\/p>\n<p>Em reuni\u00e3o realizada hoje dia 30\/12\/2015 foi homologada a chapa candidata \u00e0 Diretoria abaixo:<\/p>\n<ul>\n<li><strong>Presidente:<\/strong>\u00a0Osvaldo Novais de Oliveira Junior.<\/li>\n<li><strong>Diretor de Administra\u00e7\u00e3o, Finan\u00e7as e Patrim\u00f4nio:<\/strong>\u00a0Rubem Luis Sommer.<\/li>\n<li><strong>Diretores Cient\u00edficos:<\/strong>\u00a0Antonio Eduardo Martinelli, Daniel Eduardo Weibel, Glaura Goulart Silva, M\u00f4nica Alonso Cotta e Rodrigo Fernando Bianchi.<\/li>\n<\/ul>\n<p>No\u00a0<a href=\"http:\/\/sbpmat.org.br\/site\/wp-content\/uploads\/2015\/10\/proposta_chapa-diretoria.pdf\">arquivo anexo<\/a>, disponibilizamos a proposta de programa elaborada pela chapa candidata \u00e0 Diretoria Executiva.<\/p>\n<p>Al\u00e9m disso divulgamos abaixo os candidatos que mostraram interesse em serem votados para o Conselho Deliberativo:<\/p>\n<ul>\n<li>Ana Fl\u00e1via Nogueira<\/li>\n<li>Carlos Roberto Grandini<\/li>\n<li>Manuel Henrique Lente<\/li>\n<li>Milton Sergio Fernandes de Lima<\/li>\n<\/ul>\n<p>Informamos tamb\u00e9m que todos os s\u00f3cios em situa\u00e7\u00e3o regular junto \u00e0 SBPMat poder\u00e3o concorrer e serem votados para o Conselho.<\/p>\n<p>Atenciosamente<\/p>\n<p>Comiss\u00e3o Eleitoral<\/p>\n<p>Jos\u00e9 A. Giacometti\/Neri Alves\/Ubirajara P. Rodrigues Filho<\/p>\n<p>&#8212;&#8212;&#8212;&#8212;&#8212;&#8212;&#8212;&#8212;&#8212;&#8212;&#8212;&#8212;&#8212;&#8212;&#8212;&#8212;&#8212;&#8212;&#8212;&#8212;&#8212;&#8212;&#8212;&#8212;&#8212;&#8212;&#8212;&#8212;&#8212;&#8212;&#8212;&#8212;&#8212;&#8212;&#8212;&#8212;&#8212;&#8212;&#8212;&#8212;&#8212;&#8212;&#8212;&#8212;&#8212;&#8212;&#8212;&#8212;&#8212;&#8212;&#8212;&#8212;&#8212;&#8212;&#8212;&#8212;&#8212;&#8212;&#8212;&#8212;&#8212;&#8212;&#8212;&#8212;&#8212;-<\/p>\n<p>15 de outubro de 2015<\/p>\n<p>Prezados S\u00f3cios da Sociedade Brasileira de Pesquisa em Materiais (SBPMat)<\/p>\n<p>Neste ano ocorrer\u00e3o elei\u00e7\u00f5es para a Diretoria Executiva e para o Conselho Deliberativo da SBPMat.<\/p>\n<p>A Comiss\u00e3o encarregada de organizar o processo eleitoral est\u00e1 estabelecendo o calend\u00e1rio para a elei\u00e7\u00e3o da Diretoria Executiva e membros do Conselho Deliberativo da SBPMat.<\/p>\n<p>Cada chapa candidata \u00e0 Diretoria Executiva dever\u00e1 conter 7 (sete) nomes para os seguintes cargos:<\/p>\n<p>&#8211; Presidente<\/p>\n<p>&#8211; Diretor de Administra\u00e7\u00e3o, Finan\u00e7as e Patrim\u00f4nio<\/p>\n<p>&#8211; Cinco Diretores Cient\u00edficos<\/p>\n<p>A Comiss\u00e3o tamb\u00e9m informa que ser\u00e3o eleitos os seguintes Conselheiros:<\/p>\n<p>1 (um) Conselheiro Titular e seu Conselheiro Suplente (o primeiro e o segundo nomes mais votados)<\/p>\n<p>3 (tr\u00eas) Conselheiros Suplentes (do terceiro ao quinto nomes mais votados).<\/p>\n<p>Os tr\u00eas Conselheiros Suplentes, respeitando a ordem de classifica\u00e7\u00e3o eleitoral, ser\u00e3o os suplentes dos atuais Conselheiros Titulares, com mandato de 2014 a 2018.<\/p>\n<p>Todos os s\u00f3cios em situa\u00e7\u00e3o regular poder\u00e3o ser votados para o Conselho Deliberativo. A Comiss\u00e3o Eleitoral se encarregar\u00e1 de divulgar a lista de s\u00f3cios com interesse a serem candidatos ao Conselho.<\/p>\n<p>Os s\u00f3cios em situa\u00e7\u00e3o regular poder\u00e3o votar em uma das chapas candidatas \u00e0 Diretoria e em at\u00e9 5 (cinco) nomes para eleger o Conselheiro Titular e os Suplentes.<\/p>\n<p>O calend\u00e1rio para a elei\u00e7\u00e3o \u00e9:<\/p>\n<table border=\"1\" cellspacing=\"0\" cellpadding=\"0\">\n<tbody>\n<tr>\n<td valign=\"top\" width=\"168\"><\/td>\n<td valign=\"top\" width=\"94\">Data Inicial<\/td>\n<td valign=\"top\" width=\"87\">Data Final<\/td>\n<td valign=\"top\" width=\"217\">Procedimento<\/td>\n<\/tr>\n<tr>\n<td valign=\"top\" width=\"168\">\n<p align=\"left\">Prazo para regulariza\u00e7\u00e3o da situa\u00e7\u00e3o dos s\u00f3cios<\/p>\n<\/td>\n<td valign=\"top\" width=\"94\"><\/td>\n<td valign=\"top\" width=\"87\">16\/11\/2015<\/td>\n<td valign=\"top\" width=\"217\">Atrav\u00e9s do portal da SBPMat<\/p>\n<p><a href=\"http:\/\/www.sbpmat.org.br\/\">www.sbpmat.org.br<\/a><\/td>\n<\/tr>\n<tr>\n<td valign=\"top\" width=\"168\">\n<p align=\"left\">Inscri\u00e7\u00e3o Chapas para Diretoria<\/p>\n<\/td>\n<td valign=\"top\" width=\"94\">19\/10\/2015<\/td>\n<td valign=\"top\" width=\"87\">20\/11\/2015<\/td>\n<td valign=\"top\" width=\"217\">Somente pelo email<\/p>\n<p><a href=\"mailto:eleicoes2015@sbpmat.org.br\">eleicoes2015@sbpmat.org.br<\/a><\/td>\n<\/tr>\n<tr>\n<td valign=\"top\" width=\"168\">\n<p align=\"left\">Homologa\u00e7\u00e3o das inscri\u00e7\u00f5es das Chapas<\/p>\n<\/td>\n<td valign=\"top\" width=\"94\"><\/td>\n<td valign=\"top\" width=\"87\">27\/11\/2015<\/td>\n<td valign=\"top\" width=\"217\">\n<p align=\"left\">Conselho da SBPMat<\/p>\n<\/td>\n<\/tr>\n<tr>\n<td valign=\"top\" width=\"168\">\n<p align=\"left\">Divulga\u00e7\u00e3o dos planos de a\u00e7\u00e3o das chapas \u00e0 Diretoria<\/p>\n<\/td>\n<td valign=\"top\" width=\"94\">28\/11\/2015<\/td>\n<td valign=\"top\" width=\"87\"><\/td>\n<td valign=\"top\" width=\"217\">Atrav\u00e9s do portal da SBPMat e por email.<\/p>\n<p><a href=\"http:\/\/www.sbpmat.org.br\/\">www.sbpmat.org.br<\/a><\/td>\n<\/tr>\n<tr>\n<td valign=\"top\" width=\"168\">\n<p align=\"left\">Divulga\u00e7\u00e3o da lista de candidatos ao Conselho que declararam interesse<\/p>\n<\/td>\n<td valign=\"top\" width=\"94\">28\/11\/2015<\/td>\n<td valign=\"top\" width=\"87\"><\/td>\n<td valign=\"top\" width=\"217\">Atrav\u00e9s do portal da SBPMat e por email.<\/p>\n<p><a href=\"http:\/\/www.sbpmat.org.br\/\">www.sbpmat.org.br<\/a><\/td>\n<\/tr>\n<tr>\n<td valign=\"top\" width=\"168\">Elei\u00e7\u00e3o<\/td>\n<td valign=\"top\" width=\"94\">01\/12\/2015<\/td>\n<td valign=\"top\" width=\"87\">12\/12\/2015<\/td>\n<td valign=\"top\" width=\"217\">Atrav\u00e9s do portal da SBPMat<\/p>\n<p><a href=\"http:\/\/www.sbpmat.org.br\/\">www.sbpmat.org.br<\/a><\/td>\n<\/tr>\n<tr>\n<td valign=\"top\" width=\"168\">\n<p align=\"left\">Divulga\u00e7\u00e3o dos resultados<\/p>\n<\/td>\n<td valign=\"top\" width=\"94\">14\/12\/2015<\/td>\n<td valign=\"top\" width=\"87\"><\/td>\n<td valign=\"top\" width=\"217\">Atrav\u00e9s do portal da SBPMat e por email<\/p>\n<p><a href=\"http:\/\/www.sbpmat.org.br\/\">www.sbpmat.org.br<\/a><\/td>\n<\/tr>\n<\/tbody>\n<\/table>\n<p>A Comiss\u00e3o Eleitoral estimula aos s\u00f3cios da SBPMat a apresentar inscri\u00e7\u00f5es de chapas para a Diretoria e declarar interesse a serem votados para o Conselho Deliberativo.<\/p>\n<p>Cordialmente<\/p>\n<p>Comiss\u00e3o Eleitoral<\/p>\n<p>Jos\u00e9 A. Giacometti, Neri Alves, Ubirajara P. Rodrigues Filho<\/p>\n<p><strong>ESCLARECIMENTOS:<\/strong><\/p>\n<p>&#8211; Todos os s\u00f3cios que pagaram a anuidade de 2015 ou que participaram do XIV Encontro e que fizeram a op\u00e7\u00e3o por associar-se a SBPMat s\u00e3o considerados s\u00f3cios em situa\u00e7\u00e3o regular poder\u00e3o ser votados para o Conselho e votar na elei\u00e7\u00e3o.<\/p>\n<p>&#8211; Caso seja necess\u00e1rio, at\u00e9 o dia 16 de Novembro de 2015 todos poder\u00e3o regularizar sua situa\u00e7\u00e3o ou se tornarem s\u00f3cios da SBPMat atrav\u00e9s do portal\u00a0<a href=\"http:\/\/www.sbpmat.org.br\/\">www.sbpmat.org.br<\/a>\u00a0e pagando a anuidade de 2015.<\/p>","protected":false},"excerpt":{"rendered":"<p>&#8212;&#8212;&#8212;&#8212;&#8212;&#8212;&#8212;&#8212;&#8212;&#8212;&#8212;&#8212;&#8212;&#8212;&#8212;&#8212;&#8212;&#8212;&#8212;&#8212;&#8212;&#8212;&#8212;&#8212;&#8212;&#8212;&#8212;&#8212;&#8212;&#8212;&#8212;- Dear SBPMat associates, After having counted the votes cast in the election to the Executive Office and members of the Council of SBPMat, the electoral committee hereby declares the following names elected: EXECUTIVE OFFICE President: Osvaldo Novais de Oliveira Junior. Administration, Finances and Properties Director: Rubem Luis Sommer. Scientific Directors: Antonio Eduardo Martinelli, Daniel [&hellip;]<\/p>\n","protected":false},"author":1,"featured_media":0,"parent":0,"menu_order":0,"comment_status":"open","ping_status":"closed","template":"","meta":{"footnotes":""},"_links":{"self":[{"href":"https:\/\/www.sbpmat.org.br\/en\/wp-json\/wp\/v2\/pages\/3882"}],"collection":[{"href":"https:\/\/www.sbpmat.org.br\/en\/wp-json\/wp\/v2\/pages"}],"about":[{"href":"https:\/\/www.sbpmat.org.br\/en\/wp-json\/wp\/v2\/types\/page"}],"author":[{"embeddable":true,"href":"https:\/\/www.sbpmat.org.br\/en\/wp-json\/wp\/v2\/users\/1"}],"replies":[{"embeddable":true,"href":"https:\/\/www.sbpmat.org.br\/en\/wp-json\/wp\/v2\/comments?post=3882"}],"version-history":[{"count":25,"href":"https:\/\/www.sbpmat.org.br\/en\/wp-json\/wp\/v2\/pages\/3882\/revisions"}],"predecessor-version":[{"id":10690,"href":"https:\/\/www.sbpmat.org.br\/en\/wp-json\/wp\/v2\/pages\/3882\/revisions\/10690"}],"wp:attachment":[{"href":"https:\/\/www.sbpmat.org.br\/en\/wp-json\/wp\/v2\/media?parent=3882"}],"curies":[{"name":"wp","href":"https:\/\/api.w.org\/{rel}","templated":true}]}}