{"id":359,"date":"2012-08-16T14:56:26","date_gmt":"2012-08-16T14:56:26","guid":{"rendered":"http:\/\/sbpmat.org.br\/site\/?page_id=359"},"modified":"2012-08-16T14:56:26","modified_gmt":"2012-08-16T14:56:26","slug":"eleicoes-sbpmat-2009-resultado","status":"publish","type":"page","link":"https:\/\/www.sbpmat.org.br\/en\/eleicoes-2009\/eleicoes-sbpmat-2009-resultado\/","title":{"rendered":"Elei\u00e7\u00f5es SBPMat 2009 &#8211; Resultado"},"content":{"rendered":"<p>Em 22 de dezembro de 2009, foram computados os votos de s\u00f3cios da SBPMat no processo eleitoral ocorrido no per\u00edodo de 8 a 20 de dezembro de 2009. De acordo com os Estatutos da SBPMat est\u00e3o eleitos para compor a\u00a0<strong>Diretoria<\/strong>\u00a0da SBPMat, com mandato de 1 de janeiro de 2010 a 31 de dezembro de 2012, os seguintes membros:<\/p>\n<p>Presidente:<br \/>\n<strong>Prof. Jos\u00e9 Arana Varela\u00a0<\/strong>(Universidade Estadual Paulista J\u00falio de Mesquita Filho, Instituto de Qu\u00edmica de Araraquara, UNESP, SP)<\/p>\n<p>Diretor Administrativo:<br \/>\n<strong>Prof. Sergio de Souza Camargo Junior\u00a0<\/strong>(Programa e Departamento de Engenharia Metal\u00fargica e de Materiais da COPPE e Escola Polit\u00e9cnica \u2013 UFRJ, RJ)<\/p>\n<p>Diretor Financeiro:<br \/>\n<strong>Prof. Antonio Carlos Hernandes\u00a0<\/strong>\u00a0(Instituto de F\u00edsica de S\u00e3o Carlos, USP, SP)<\/p>\n<p>Diretores Cient\u00edficos:<br \/>\n<strong>Prof. Aloisio Nelmo Klein\u00a0<\/strong>(Depto. de Eng. Mec\u00e2nica ,Universidade Federal de Santa Catarina, UFSC, SC)<\/p>\n<p><strong>Profa. Dulce Maria de Araujo\u00a0Melo\u00a0<\/strong>(Departamento de Qu\u00edmica, Universidade Federal do Rio Grande do Norte, UFRN, RN)<\/p>\n<p><strong>Prof. Renato de Figueiredo Jardim\u00a0<\/strong>(Instituto de F\u00edsica, USP, SP)<\/p>\n<p><strong>Prof. Waldemar Augusto de Almeida Macedo\u00a0<\/strong>(Centro de Desenvolvimento da Tecnologia Nuclear &#8211; CDTN, MG)<\/p>\n<p>Tamb\u00e9m, de acordo com os Estatutos e resultado da vota\u00e7\u00e3o, foram eleitos como<strong>Conselheiros Titulares<\/strong>, com mandato de 1 de janeiro de 2010 a 31 de dezembro de 2014, os seguintes membros:<\/p>\n<p><strong>Prof. Roberto Mendon\u00e7a Faria<\/strong>\u00a0(Instituto de F\u00edsica de S\u00e3o Carlos, USP, SP)<br \/>\n<strong>Profa. I\u00eada Maria Garcia dos Santos\u00a0<\/strong>(Departamento de Qu\u00edmica, UFPB, PB)<br \/>\n<strong>Profa. Elisa Maria Baggio Saitovitch\u00a0<\/strong>(Centro Brasileiro de Pesquisas F\u00edsicas, CBPF, RJ)<br \/>\n<strong>Prof. Julio Ricardo Sambrano\u00a0<\/strong>(Universidade Estadual Paulista J\u00falio de Mesquita Filho, Faculdade de Ci\u00eancias de Bauru, SP)<\/p>\n<p>E foram eleitos como\u00a0<strong>Conselheiros Suplentes<\/strong>,<strong>\u00a0<\/strong>com mandato de 1 de janeiro de 2010 a 31 de dezembro de 2014 os seguintes membros, por ordem de vota\u00e7\u00e3o:<\/p>\n<p><strong>Prof. Aldo Felix Craievich\u00a0<\/strong>(Instituto de F\u00edsica, USP, SP)<br \/>\n<strong>Prof. Paulo Fernando Papaleo Fichtner\u00a0<\/strong>(Depto de Metalurgia, UFRGS)<br \/>\n<strong>Prof. Ivan Guillermo Solorzano\u00a0<\/strong>(Depto de Materiais, PUC-Rio)<br \/>\n<strong>Prof. Jos\u00e9 Alberto Giacometti\u00a0<\/strong>(Faculdade de Ci\u00eancias e Tecnologia de Presidente Prudente, UNESP)<\/p>\n<p>Lucy V. C. Assali<br \/>\nM\u00e1rcia C.A. Fantini<br \/>\n(Comiss\u00e3o Eleitoral)<\/p>\n","protected":false},"excerpt":{"rendered":"<p>Em 22 de dezembro de 2009, foram computados os votos de s\u00f3cios da SBPMat no processo eleitoral ocorrido no per\u00edodo de 8 a 20 de dezembro de 2009. De acordo com os Estatutos da SBPMat est\u00e3o eleitos para compor a\u00a0Diretoria\u00a0da SBPMat, com mandato de 1 de janeiro de 2010 a 31 de dezembro de 2012, [&hellip;]<\/p>\n","protected":false},"author":1,"featured_media":0,"parent":346,"menu_order":0,"comment_status":"closed","ping_status":"closed","template":"","meta":{"footnotes":""},"_links":{"self":[{"href":"https:\/\/www.sbpmat.org.br\/en\/wp-json\/wp\/v2\/pages\/359"}],"collection":[{"href":"https:\/\/www.sbpmat.org.br\/en\/wp-json\/wp\/v2\/pages"}],"about":[{"href":"https:\/\/www.sbpmat.org.br\/en\/wp-json\/wp\/v2\/types\/page"}],"author":[{"embeddable":true,"href":"https:\/\/www.sbpmat.org.br\/en\/wp-json\/wp\/v2\/users\/1"}],"replies":[{"embeddable":true,"href":"https:\/\/www.sbpmat.org.br\/en\/wp-json\/wp\/v2\/comments?post=359"}],"version-history":[{"count":1,"href":"https:\/\/www.sbpmat.org.br\/en\/wp-json\/wp\/v2\/pages\/359\/revisions"}],"predecessor-version":[{"id":360,"href":"https:\/\/www.sbpmat.org.br\/en\/wp-json\/wp\/v2\/pages\/359\/revisions\/360"}],"up":[{"embeddable":true,"href":"https:\/\/www.sbpmat.org.br\/en\/wp-json\/wp\/v2\/pages\/346"}],"wp:attachment":[{"href":"https:\/\/www.sbpmat.org.br\/en\/wp-json\/wp\/v2\/media?parent=359"}],"curies":[{"name":"wp","href":"https:\/\/api.w.org\/{rel}","templated":true}]}}