{"id":357,"date":"2012-08-16T14:55:41","date_gmt":"2012-08-16T14:55:41","guid":{"rendered":"http:\/\/sbpmat.org.br\/site\/?page_id=357"},"modified":"2012-08-16T14:55:41","modified_gmt":"2012-08-16T14:55:41","slug":"eleicoes-sbpmat-2009-segundo-anuncio","status":"publish","type":"page","link":"https:\/\/www.sbpmat.org.br\/en\/eleicoes-2009\/eleicoes-sbpmat-2009-segundo-anuncio\/","title":{"rendered":"Elei\u00e7\u00f5es SBPMat 2009 &#8211; Segundo an\u00fancio"},"content":{"rendered":"<p>Prezados s\u00f3cios da SBPMat,<br \/>\ninformamos que, de acordo com o processo eleitoral em curso para elei\u00e7\u00e3o de Diretoria e de Conselheiros, foram inscritos e validados os nomes dos s\u00f3cios abaixo relacionados.<\/p>\n<p><span style=\"text-decoration: underline;\">1) Chapa para compor a Diretoria<\/span><\/p>\n<p>Presidente:<br \/>\n<strong>Prof. Jos\u00e9 Arana Varela (<\/strong><strong>Universidade Estadual Paulista J\u00falio de Mesquita Filho,<\/strong><strong>Instituto de Qu\u00edmica de Araraquara, UNESP, SP)<\/strong><strong><\/strong><\/p>\n<p>Diretor Administrativo<br \/>\n<strong>Prof. Sergio de Souza Camargo Junior\u00a0<\/strong><strong>(Programa e Departamento de Engenharia<\/strong><strong>Metal\u00fargica e de Materiais da COPPE e Escola Polit\u00e9cnica \u2013 UFRJ, RJ)<\/strong><\/p>\n<p>Diretor Financeiro<br \/>\n<strong>Prof. Antonio Carlos Hernandes\u00a0<\/strong><strong>\u00a0(Instituto de F\u00edsica de S\u00e3o Carlos, USP, SP)<\/strong><strong><\/strong><\/p>\n<p>Diretores Cient\u00edficos:<br \/>\n<strong>Prof. Aloisio Nelmo Klein (<\/strong><strong>Depto. de Eng. Mec\u00e2nica ,Universidade Federal de Santa\u00a0<\/strong><strong>Catarina- UFSC, SC)<\/strong><strong>\u00a0<\/strong><\/p>\n<p><strong>Profa.Dulce Maria de Araujo\u00a0Melo (<\/strong><strong>Departamento de Qu\u00edmica, Universidade Federal do\u00a0<\/strong><strong>Rio Grande do Norte-UFRN, RN)<\/strong><strong>\u00a0<\/strong><\/p>\n<p><strong>Prof. Renato de Figueiredo Jardim\u00a0<\/strong><strong>(Instituto de F\u00edsica, USP, SP)<\/strong><\/p>\n<p><strong>Prof. Waldemar Augusto de Almeida Macedo (<\/strong><strong>Centro de Desenvolvimento da Tecnologia<\/strong><strong>\u00a0Nuclear-CDTN<\/strong><strong>, MG)<\/strong><\/p>\n<p><span style=\"text-decoration: underline;\">2) Candidatos a Conselheiro:<\/span><\/p>\n<p><strong>a) Prof. Aldo Felix Craievich (Instituto de F\u00edsica, USP, SP)<\/strong><br \/>\n<strong>b) Profa.Elisa Maria Baggio Saitovitch (Centro Brasileiro de Pesquisas F\u00edsicas-CBPF,\u00a0<\/strong><strong>RJ)<\/strong><br \/>\n<strong>c) Prof. Guillermo Solorzano (Pontif\u00edcia Universidade Cat\u00f3lica do Rio de Janeiro-PUC,\u00a0<\/strong><strong>RJ)<\/strong><br \/>\n<strong>d) Profa.I\u00eada Maria Garcia dos Santos (Laborat\u00f3rio de Combust\u00edveis e Materiais,<\/strong><strong>UFPB, PB)<\/strong><br \/>\n<strong>e) Prof. Julio Ricardo Sambrano (<\/strong><strong>Universidade Estadual Paulista J\u00falio de Mesquita Filho,\u00a0<\/strong><strong>Faculdade de Ci\u00eancias de Bauru, SP)<\/strong><br \/>\n<strong>f) Prof. Paulo Fernando Papaleo Fichtner (Departamento de Metalurgia, UFRGS, RS)<\/strong><br \/>\n<strong>g) Prof. Roberto Mendon\u00e7a Faria (Instituto de F\u00edsica de S\u00e3o Carlos, USP, SP)<\/strong><\/p>\n<p>&nbsp;<\/p>\n<ul type=\"disc\">\n<li>As candidaturas propostas foram convidadas a se manifestarem aos associados da SBPMat.<\/li>\n<li>As elei\u00e7\u00f5es ser\u00e3o realizadas no per\u00edodo de 8 a 20 de dezembro.<\/li>\n<li>Informamos que h\u00e1 8 postos para Conselheiro(a) (4 titulares e 4 suplentes) a serem preenchidos.<\/li>\n<\/ul>\n<p>&nbsp;<\/p>\n<p>Atenciosamente,<br \/>\nLucy V. C. Assali e M\u00e1rcia C.A. Fantini (Comiss\u00e3o Eleitoral)<\/p>\n","protected":false},"excerpt":{"rendered":"<p>Prezados s\u00f3cios da SBPMat, informamos que, de acordo com o processo eleitoral em curso para elei\u00e7\u00e3o de Diretoria e de Conselheiros, foram inscritos e validados os nomes dos s\u00f3cios abaixo relacionados. 1) Chapa para compor a Diretoria Presidente: Prof. Jos\u00e9 Arana Varela (Universidade Estadual Paulista J\u00falio de Mesquita Filho,Instituto de Qu\u00edmica de Araraquara, UNESP, SP) [&hellip;]<\/p>\n","protected":false},"author":1,"featured_media":0,"parent":346,"menu_order":0,"comment_status":"closed","ping_status":"closed","template":"","meta":{"footnotes":""},"_links":{"self":[{"href":"https:\/\/www.sbpmat.org.br\/en\/wp-json\/wp\/v2\/pages\/357"}],"collection":[{"href":"https:\/\/www.sbpmat.org.br\/en\/wp-json\/wp\/v2\/pages"}],"about":[{"href":"https:\/\/www.sbpmat.org.br\/en\/wp-json\/wp\/v2\/types\/page"}],"author":[{"embeddable":true,"href":"https:\/\/www.sbpmat.org.br\/en\/wp-json\/wp\/v2\/users\/1"}],"replies":[{"embeddable":true,"href":"https:\/\/www.sbpmat.org.br\/en\/wp-json\/wp\/v2\/comments?post=357"}],"version-history":[{"count":1,"href":"https:\/\/www.sbpmat.org.br\/en\/wp-json\/wp\/v2\/pages\/357\/revisions"}],"predecessor-version":[{"id":358,"href":"https:\/\/www.sbpmat.org.br\/en\/wp-json\/wp\/v2\/pages\/357\/revisions\/358"}],"up":[{"embeddable":true,"href":"https:\/\/www.sbpmat.org.br\/en\/wp-json\/wp\/v2\/pages\/346"}],"wp:attachment":[{"href":"https:\/\/www.sbpmat.org.br\/en\/wp-json\/wp\/v2\/media?parent=357"}],"curies":[{"name":"wp","href":"https:\/\/api.w.org\/{rel}","templated":true}]}}