{"id":355,"date":"2012-08-16T14:54:39","date_gmt":"2012-08-16T14:54:39","guid":{"rendered":"http:\/\/sbpmat.org.br\/site\/?page_id=355"},"modified":"2012-08-16T14:54:39","modified_gmt":"2012-08-16T14:54:39","slug":"eleicoes-sbpmat-2009-anuncio-inicial","status":"publish","type":"page","link":"https:\/\/www.sbpmat.org.br\/en\/eleicoes-2009\/eleicoes-sbpmat-2009-anuncio-inicial\/","title":{"rendered":"Elei\u00e7\u00f5es SBPMat 2009 &#8211; An\u00fancio inicial"},"content":{"rendered":"<p align=\"justify\">Prezados s\u00f3cios da Sociedade Brasileira de Pesquisa em Materiais \u2013 SBPMat<\/p>\n<p align=\"justify\">Neste ano ocorrer\u00e3o elei\u00e7\u00f5es para a Diretoria e para o Conselho da Sociedade Brasileira de Pesquisa em Materiais.<\/p>\n<p align=\"justify\">Como definido no estatuto, todos os s\u00f3cios em dia com suas obriga\u00e7\u00f5es junto \u00e0 SBPMat s\u00e3o eleg\u00edveis e eleitores. Entretanto, aqueles que assim o quiserem, poder\u00e3o regularizar sua situa\u00e7\u00e3o com a SBPMat at\u00e9 o dia 17 de novembro, acessando o portal\u00a0<a href=\"http:\/\/www.sbpmat.org.br\/\">http:\/\/www.sbpmat.org.br<\/a>\u00a0e pagando sua anuidade.<\/p>\n<p align=\"justify\">A Comiss\u00e3o incumbida de organizar o processo eleitoral comunica que as<strong>inscri\u00e7\u00f5es de chapas para a Diretoria\u00a0<\/strong>(gest\u00e3o janeiro de 2010 at\u00e9 janeiro de 2012)\u00a0<strong>e de nomes para o Conselho\u00a0<\/strong>(4 membros titulares e 4 membros suplentes com gest\u00e3o de janeiro de 2010 at\u00e9 janeiro de 2014) ocorrer\u00e3o durante o per\u00edodo de\u00a0<strong>23 de outubro a 22 de novembro<\/strong><strong>.<\/strong><\/p>\n<p align=\"justify\">As inscri\u00e7\u00f5es devem ser enviadas para o email\u00a0<a href=\"mailto:eleicoes2009@sbpmat.org.br\">eleicoes2009@sbpmat.org.br<\/a>.<\/p>\n<p align=\"justify\">Deste modo, as indica\u00e7\u00f5es que chegarem at\u00e9 o dia 22 de novembro ser\u00e3o analisadas por esta Comiss\u00e3o e homologadas pelo Conselho da SBPMat.<br \/>\nCada chapa candidata \u00e0 Diretoria, que se inscrever, dever\u00e1 conter 7 (sete) nomes para os seguintes cargos:<\/p>\n<ul>\n<li>Presidente<\/li>\n<li>Diretor Administrativo<\/li>\n<li>Diretor Financeiro<\/li>\n<li>Quatro (4) Diretores Cient\u00edficos<\/li>\n<\/ul>\n<p align=\"justify\">A Comiss\u00e3o Eleitoral estimula a Comunidade a apresentar indica\u00e7\u00f5es at\u00e9 a data de 22\/11\/2009.<br \/>\nSer\u00e3o anunciadas, oportunamente, as formas de divulga\u00e7\u00e3o dos planos de a\u00e7\u00e3o dos candidatos.<\/p>\n<p align=\"justify\">Cordialmente,<\/p>\n<p align=\"justify\">Comiss\u00e3o Eleitoral<br \/>\nLucy Vit\u00f3ria Credidio Assali<br \/>\nM\u00e1rcia Carvalho de A. Fantini<\/p>\n","protected":false},"excerpt":{"rendered":"<p>Prezados s\u00f3cios da Sociedade Brasileira de Pesquisa em Materiais \u2013 SBPMat Neste ano ocorrer\u00e3o elei\u00e7\u00f5es para a Diretoria e para o Conselho da Sociedade Brasileira de Pesquisa em Materiais. Como definido no estatuto, todos os s\u00f3cios em dia com suas obriga\u00e7\u00f5es junto \u00e0 SBPMat s\u00e3o eleg\u00edveis e eleitores. Entretanto, aqueles que assim o quiserem, poder\u00e3o [&hellip;]<\/p>\n","protected":false},"author":1,"featured_media":0,"parent":346,"menu_order":0,"comment_status":"closed","ping_status":"closed","template":"","meta":{"footnotes":""},"_links":{"self":[{"href":"https:\/\/www.sbpmat.org.br\/en\/wp-json\/wp\/v2\/pages\/355"}],"collection":[{"href":"https:\/\/www.sbpmat.org.br\/en\/wp-json\/wp\/v2\/pages"}],"about":[{"href":"https:\/\/www.sbpmat.org.br\/en\/wp-json\/wp\/v2\/types\/page"}],"author":[{"embeddable":true,"href":"https:\/\/www.sbpmat.org.br\/en\/wp-json\/wp\/v2\/users\/1"}],"replies":[{"embeddable":true,"href":"https:\/\/www.sbpmat.org.br\/en\/wp-json\/wp\/v2\/comments?post=355"}],"version-history":[{"count":1,"href":"https:\/\/www.sbpmat.org.br\/en\/wp-json\/wp\/v2\/pages\/355\/revisions"}],"predecessor-version":[{"id":356,"href":"https:\/\/www.sbpmat.org.br\/en\/wp-json\/wp\/v2\/pages\/355\/revisions\/356"}],"up":[{"embeddable":true,"href":"https:\/\/www.sbpmat.org.br\/en\/wp-json\/wp\/v2\/pages\/346"}],"wp:attachment":[{"href":"https:\/\/www.sbpmat.org.br\/en\/wp-json\/wp\/v2\/media?parent=355"}],"curies":[{"name":"wp","href":"https:\/\/api.w.org\/{rel}","templated":true}]}}