{"id":332,"date":"2012-08-16T14:41:11","date_gmt":"2012-08-16T14:41:11","guid":{"rendered":"http:\/\/sbpmat.org.br\/site\/?page_id=332"},"modified":"2012-08-16T14:41:31","modified_gmt":"2012-08-16T14:41:31","slug":"eleicoes-sbpmat-2011-resultado","status":"publish","type":"page","link":"https:\/\/www.sbpmat.org.br\/en\/eleicoes-sbpmat-2011\/eleicoes-sbpmat-2011-resultado\/","title":{"rendered":"Elei\u00e7\u00f5es SBPMat 2011 &#8211; Resultado"},"content":{"rendered":"<h2>Elei\u00e7\u00e3o diretoria<\/h2>\n<p>Votos na diretoria:\u00a0<strong>86<\/strong><br \/>\nVotos em branco:\u00a0<strong>5<\/strong><br \/>\nVotos nulos:\u00a0<strong>4<\/strong><\/p>\n<h2>Elei\u00e7\u00e3o conselho<\/h2>\n<p>Marco Cremona:\u00a0<strong>50<\/strong><br \/>\nMilton Sergio Fernandes de Lima:\u00a0<strong>43<\/strong><br \/>\nElson Longo:\u00a0<strong>28<\/strong><br \/>\nOsvaldo Novais de Oliveira Junior:\u00a0<strong>18<\/strong><br \/>\nRenato de Figueiredo Jardim:\u00a0<strong>14<\/strong><br \/>\nValmor Roberto Mastelaro:\u00a0<strong>11<\/strong><br \/>\nMarcelo Ornaghi Orlandi:\u00a0<strong>11<\/strong><br \/>\nAloisio Nelmo Klein:\u00a0<strong>10<\/strong><br \/>\nVal\u00e9ria Longo:\u00a0<strong>9<\/strong><br \/>\nMar\u00edlia Junqueira Caldas:\u00a0<strong>8<\/strong><br \/>\nIvo Alexandre H\u00fcmmelgen:\u00a0<strong>6<\/strong><br \/>\nSergio Ricardo de Lazaro:\u00a0<strong>6<\/strong><br \/>\nAguinaldo Robinson de Souza:\u00a0<strong>6<\/strong><br \/>\nAndr\u00e9 Avelino Pasa:\u00a0<strong>6<\/strong><br \/>\nAldo Eloizo Job:\u00a0<strong>5<\/strong><br \/>\nValderes Drago:\u00a0<strong>5<\/strong><br \/>\nCaue Ribeiro de Oliveira:\u00a0<strong>5<\/strong><br \/>\nmaria aparecida zaghete:\u00a0<strong>5<\/strong><br \/>\nTeresa Dib Zambon Atvars:\u00a0<strong>5<\/strong><br \/>\nCarlos Jos\u00e9 Leopoldo Constantino:\u00a0<strong>5<\/strong><br \/>\nARY DA SILVA MAIA:\u00a0<strong>5<\/strong><br \/>\nRaul Jos\u00e9 da Silva C\u00e2mara Maur\u00edcio da Fonseca:\u00a0<strong>5<\/strong><br \/>\nHeloise de Oliveira Pastore:\u00a0<strong>4<\/strong><br \/>\nMarcia Russman Gallas:\u00a0<strong>4<\/strong><br \/>\nAntonio Domingues dos Santos:\u00a0<strong>4<\/strong><br \/>\nElisa Maria Baggio Saitovitch:\u00a0<strong>4<\/strong><br \/>\nM\u00e1rcia Carvalho de Abreu Fantini:\u00a0<strong>4<\/strong><br \/>\nJOAO CARLOS SILOS MORAES:\u00a0<strong>3<\/strong><br \/>\nAna Candida Martins Rodrigues:\u00a0<strong>3<\/strong><br \/>\nRubens Caram Junior:\u00a0<strong>3<\/strong><br \/>\nJOICE PEREIRA TERRA E SOUZA:\u00a0<strong>3<\/strong><br \/>\nAna Maria Pires:\u00a0<strong>3<\/strong><br \/>\nCamila Soares Xavier:\u00a0<strong>3<\/strong><br \/>\nDAYSE IARA DOS SANTOS:\u00a0<strong>3<\/strong><br \/>\nMarcelo Knobel:\u00a0<strong>3<\/strong><br \/>\nAdilson Jesus Aparecido de Oliveira:\u00a0<strong>3<\/strong><br \/>\nSilvania Lanfredi:\u00a0<strong>2<\/strong><br \/>\nLuis Vicente de Andrade Scalvi:\u00a0<strong>2<\/strong><br \/>\nRondinelli Donizetti Herculano:\u00a0<strong>2<\/strong><br \/>\nSuelen Alves de Lima Silva:\u00a0<strong>2<\/strong><br \/>\nFabio Coral Fonseca:\u00a0<strong>2<\/strong><br \/>\nkleber figueiredo de moura:\u00a0<strong>2<\/strong><br \/>\nClaudia Longo:\u00a0<strong>2<\/strong><br \/>\nHaroldo Naoyuki Nagashima:\u00a0<strong>2<\/strong><br \/>\nCelso Xavier Cardoso:\u00a0<strong>2<\/strong><br \/>\nHellmut Eckert:\u00a0<strong>2<\/strong><br \/>\nYolanda Cavalcante de Miranda:\u00a0<strong>2<\/strong><br \/>\nVictor Ciro Solano Reynoso:\u00a0<strong>2<\/strong><br \/>\ncicero rafael cena da silva:\u00a0<strong>2<\/strong><br \/>\nsilvio rainho teixeira:\u00a0<strong>2<\/strong><br \/>\nRodrigo Barbosa Capaz:\u00a0<strong>2<\/strong><br \/>\nSidnei Paciornik:\u00a0<strong>2<\/strong><br \/>\nDante Ferreira Franceschini Filho:\u00a0<strong>2<\/strong><br \/>\nFernando Claudio Zawislak:\u00a0<strong>2<\/strong><br \/>\nDimas Augusto Morozin Zaia:\u00a0<strong>2<\/strong><br \/>\nAntonio Eduardo Martinelli:\u00a0<strong>2<\/strong><br \/>\nAntonio Jos\u00e9 Felix de Carvalho:\u00a0<strong>2<\/strong><br \/>\nJos\u00e9 Pedro Rino:\u00a0<strong>2<\/strong><br \/>\nCarlos Davidson Pinheiro:\u00a0<strong>2<\/strong><br \/>\nCarlos Kenichi Suzuki:\u00a0<strong>2<\/strong><br \/>\nCarlos de Oliveira Paiva Santos:\u00a0<strong>2<\/strong><br \/>\nFrancisco Carlos Lavarda:\u00a0<strong>2<\/strong><br \/>\nM\u00e1rio Ernesto Giroldo Valerio:\u00a0<strong>2<\/strong><br \/>\nLudiane Silva Lima:\u00a0<strong>2<\/strong><br \/>\nS\u00e9rgio de Souza Camargo Jr.:\u00a0<strong>2<\/strong><br \/>\nIeda L\u00facia Viana Rosa:\u00a0<strong>2<\/strong><br \/>\nLaudemir Carlos Varanda:\u00a0<strong>2<\/strong><br \/>\nArnayra Sonayra de Brito Silva:\u00a0<strong>2<\/strong><br \/>\nKeizo Yukimitu:\u00a0<strong>2<\/strong><br \/>\nPedro Augusto de Paula Nascente:\u00a0<strong>2<\/strong><br \/>\nAlex de Meireles Neris:\u00a0<strong>1<\/strong><br \/>\nMarcelo Eduardo Huguenin Maia da Costa:\u00a0<strong>1<\/strong><br \/>\nJos\u00e9 Ezequiel De Souza:\u00a0<strong>1<\/strong><br \/>\nJos\u00e9 Hilton Gomes Rangel:\u00a0<strong>1<\/strong><br \/>\nLuciano Caseli:\u00a0<strong>1<\/strong><br \/>\nJesiel Freitas Carvalho:\u00a0<strong>1<\/strong><br \/>\nAgda Eunice de Souza:\u00a0<strong>1<\/strong><br \/>\nLucy Vit\u00f3ria Credidio Assali:\u00a0<strong>1<\/strong><br \/>\nYana Luck Nunes:\u00a0<strong>1<\/strong><br \/>\nSonia Maria Zanetti:\u00a0<strong>1<\/strong><br \/>\nLigia de Oliveira Ruggiero:\u00a0<strong>1<\/strong><br \/>\nSocrates de Oliveira Dantas:\u00a0<strong>1<\/strong><br \/>\nDavino Machado Andrade Neto:\u00a0<strong>1<\/strong><br \/>\nThebano Emilio de Almeida Santos:\u00a0<strong>1<\/strong><br \/>\nGiovanni Pimenta Mambrini:\u00a0<strong>1<\/strong><br \/>\nJos\u00e9 Br\u00e1s Barreto de Oliveira:\u00a0<strong>1<\/strong><br \/>\nYutao Xing:\u00a0<strong>1<\/strong><br \/>\nTania Regina Giraldi:\u00a0<strong>1<\/strong><br \/>\nAngelo Fernando Padilha:\u00a0<strong>1<\/strong><br \/>\nRosa Maria Rabelo Junqueira:\u00a0<strong>1<\/strong><br \/>\nM\u00e1rcia Rejane Santos da Silva:\u00a0<strong>1<\/strong><br \/>\nMarta Elisa Rosso Dotto:\u00a0<strong>1<\/strong><br \/>\nLucineia Ferreira Ceridorio:\u00a0<strong>1<\/strong><br \/>\nALAN ROGERIO FERREIRA LIMA:\u00a0<strong>1<\/strong><br \/>\nJos\u00e9 Divino dos Santos:\u00a0<strong>1<\/strong><br \/>\nPierre Bas\u00edlio Almeida Fechine:\u00a0<strong>1<\/strong><br \/>\nJo\u00e3o Carlos Krause:\u00a0<strong>1<\/strong><br \/>\nandr\u00e9a de vasconcelos ferraz:\u00a0<strong>1<\/strong><br \/>\nFernando Vernilli Junior:\u00a0<strong>1<\/strong><br \/>\nMarlus Koehler:\u00a0<strong>1<\/strong><br \/>\nGuinther Kellermann:\u00a0<strong>1<\/strong><br \/>\nJulio Fleming:\u00a0<strong>1<\/strong><br \/>\nRaquel de Almeida Ribeiro:\u00a0<strong>1<\/strong><br \/>\nivair aparecido dos santos:\u00a0<strong>1<\/strong><br \/>\nAnatoliy Nikolaevich Matlakhov:\u00a0<strong>1<\/strong><br \/>\nHenrique Duarte da Fonseca Filho:\u00a0<strong>1<\/strong><br \/>\nnaira maria balzaretti:\u00a0<strong>1<\/strong><br \/>\nAlexandre Magnus Gomes Carvalho:\u00a0<strong>1<\/strong><br \/>\nJefferson Maul:\u00a0<strong>1<\/strong><br \/>\nAntonia Fl\u00e1via Justino Uchoa:\u00a0<strong>1<\/strong><br \/>\nNelson Henrique Morgon:\u00a0<strong>1<\/strong><br \/>\nLuiz Carlos Machado:\u00a0<strong>1<\/strong><br \/>\nJeann Diniz Ferreira Lima:\u00a0<strong>1<\/strong><br \/>\nFrancisco Welton de Oliveira Amarante:\u00a0<strong>1<\/strong><br \/>\nAntonio Pedro Novaes de Oliveira:\u00a0<strong>1<\/strong><br \/>\nRonaldo Domingues Mansano:\u00a0<strong>1<\/strong><br \/>\nRaimundo Nonato da Silveira Junior:\u00a0<strong>1<\/strong><br \/>\nAndrea Simone Stucchi de Camargo Alvarez Bernardez:\u00a0<strong>1<\/strong><br \/>\nFabio Furlan Ferreira:\u00a0<strong>1<\/strong><br \/>\nJ\u00e9ssica Furtado Guimar\u00e3es:\u00a0<strong>1<\/strong><br \/>\nRoberto Ribeiro de Avillez:\u00a0<strong>1<\/strong><br \/>\nLais Chantelle de Lima:\u00a0<strong>1<\/strong><br \/>\nMaria Luisa Sartorelli:\u00a0<strong>1<\/strong><br \/>\nEvandro Tolentino:\u00a0<strong>1<\/strong><br \/>\nMargareth Spangler Andrade:\u00a0<strong>1<\/strong><br \/>\nPaula de Oliveira Ribeiro:\u00a0<strong>1<\/strong><br \/>\nLuiz Ant\u00f4nio Pecorare Xavier:\u00a0<strong>1<\/strong><br \/>\nFran\u00e7oise Toledo Reis:\u00a0<strong>1<\/strong><br \/>\nAlexandre Mello de Paula Silva:\u00a0<strong>1<\/strong><br \/>\nJandilson Soares Fernandes:\u00a0<strong>1<\/strong><br \/>\nSergio Mazurek Tebcherani:\u00a0<strong>1<\/strong><br \/>\nAntonio Narcisio Pinheiro:\u00a0<strong>1<\/strong><br \/>\nANA CLAUDIA TASINAFFO ALVES:\u00a0<strong>1<\/strong><br \/>\nFanny B\u00e9ron:\u00a0<strong>1<\/strong><br \/>\nMomotaro Imaizumi:\u00a0<strong>1<\/strong><br \/>\nRenata Ayres Rocha:\u00a0<strong>1<\/strong><br \/>\nJarem Raul Garcia:\u00a0<strong>1<\/strong><br \/>\nTANIA MARIA HAAS COSTA:\u00a0<strong>1<\/strong><\/p>\n","protected":false},"excerpt":{"rendered":"<p>Elei\u00e7\u00e3o diretoria Votos na diretoria:\u00a086 Votos em branco:\u00a05 Votos nulos:\u00a04 Elei\u00e7\u00e3o conselho Marco Cremona:\u00a050 Milton Sergio Fernandes de Lima:\u00a043 Elson Longo:\u00a028 Osvaldo Novais de Oliveira Junior:\u00a018 Renato de Figueiredo Jardim:\u00a014 Valmor Roberto Mastelaro:\u00a011 Marcelo Ornaghi Orlandi:\u00a011 Aloisio Nelmo Klein:\u00a010 Val\u00e9ria Longo:\u00a09 Mar\u00edlia Junqueira Caldas:\u00a08 Ivo Alexandre H\u00fcmmelgen:\u00a06 Sergio Ricardo de Lazaro:\u00a06 Aguinaldo Robinson de Souza:\u00a06 [&hellip;]<\/p>\n","protected":false},"author":1,"featured_media":0,"parent":319,"menu_order":0,"comment_status":"closed","ping_status":"closed","template":"","meta":{"footnotes":""},"_links":{"self":[{"href":"https:\/\/www.sbpmat.org.br\/en\/wp-json\/wp\/v2\/pages\/332"}],"collection":[{"href":"https:\/\/www.sbpmat.org.br\/en\/wp-json\/wp\/v2\/pages"}],"about":[{"href":"https:\/\/www.sbpmat.org.br\/en\/wp-json\/wp\/v2\/types\/page"}],"author":[{"embeddable":true,"href":"https:\/\/www.sbpmat.org.br\/en\/wp-json\/wp\/v2\/users\/1"}],"replies":[{"embeddable":true,"href":"https:\/\/www.sbpmat.org.br\/en\/wp-json\/wp\/v2\/comments?post=332"}],"version-history":[{"count":3,"href":"https:\/\/www.sbpmat.org.br\/en\/wp-json\/wp\/v2\/pages\/332\/revisions"}],"predecessor-version":[{"id":335,"href":"https:\/\/www.sbpmat.org.br\/en\/wp-json\/wp\/v2\/pages\/332\/revisions\/335"}],"up":[{"embeddable":true,"href":"https:\/\/www.sbpmat.org.br\/en\/wp-json\/wp\/v2\/pages\/319"}],"wp:attachment":[{"href":"https:\/\/www.sbpmat.org.br\/en\/wp-json\/wp\/v2\/media?parent=332"}],"curies":[{"name":"wp","href":"https:\/\/api.w.org\/{rel}","templated":true}]}}