{"id":327,"date":"2012-08-16T14:38:44","date_gmt":"2012-08-16T14:38:44","guid":{"rendered":"http:\/\/sbpmat.org.br\/site\/?page_id=327"},"modified":"2012-08-16T14:40:33","modified_gmt":"2012-08-16T14:40:33","slug":"homologacao-de-chapa","status":"publish","type":"page","link":"https:\/\/www.sbpmat.org.br\/en\/eleicoes-sbpmat-2011\/homologacao-de-chapa\/","title":{"rendered":"Elei\u00e7\u00f5es SBPMat 2011 &#8211; Homologa\u00e7\u00e3o de chapa"},"content":{"rendered":"<p>Prezados s\u00f3cios da SBPMat,<br \/>\nInformamos que, de acordo com o processo eleitoral em curso para elei\u00e7\u00e3o de Diretoria e de<br \/>\nConselheiros, foram inscritos e validados os nomes dos s\u00f3cios abaixo relacionados.<br \/>\n<span style=\"text-decoration: underline;\">1) Chapa para compor a Diretoria<\/span><br \/>\nPresidente:<br \/>\n<strong>Prof. Roberto Mendon\u00e7a Faria (Instituto de F\u00edsica de S\u00e3o Carlos, USP, SP)<\/strong><br \/>\nDiretor Administrativo<br \/>\n<strong>Prof. Reginaldo Muccillo (Instituto de Pesquisas Energ\u00e9ticas e Nucleares &#8211; IPEN)<\/strong><br \/>\nDiretor Financeiro<br \/>\n<strong>Prof. Fernando L\u00e1zaro Freire Junior (Departamento de F\u00edsica, PUC -Rio)<\/strong><br \/>\nDiretores Cient\u00edficos:<\/p>\n<ul>\n<li>Profa. I\u00eada Maria Garcia dos Santos (Laborat\u00f3rio de Combust\u00edveis e Materiais, UFPB,<\/li>\n<li>PB)<\/li>\n<li>Prof. Waldemar Augusto de Almeida Macedo (Centro de Desenvolvimento da<\/li>\n<li>Tecnologia Nuclear-CDTN, MG)<\/li>\n<li>Prof. Paulo Fernando Papaleo Fichtner (Departamento de Metalurgia, UFRGS, RS)<\/li>\n<li>Prof. Carlos Frederico de Oliveira Graeff (Departamento de F\u00edsica, UNESP-Bauru)<\/li>\n<\/ul>\n<p><span style=\"text-decoration: underline;\">2) Candidatos a Conselheiro:<\/span><br \/>\n<strong>a) Milton Sergio Fernandes de Lima (Instituto de EstudosAvan\u00e7ados\/CTA)<\/strong><br \/>\n<strong>b) Marco Cremona (Pontif\u00edcia Universidade Cat\u00f3lica do Rio de Janeiro-PUC, RJ)<\/strong><\/p>\n<p><strong>Podem ser votados para conselheiro todos os s\u00f3cios em dia com a<\/strong><br \/>\n<strong>anuidade.<\/strong><\/p>\n<p><strong><\/strong><br \/>\nAs candidaturas propostas foram convidadas a se manifestarem aos associados da SBPMat.<\/p>\n<ul>\n<li>As elei\u00e7\u00f5es ser\u00e3o realizadas no per\u00edodo de 12 a 20 de dezembro de 2011<\/li>\n<li>Informamos que h\u00e1 8 postos para Conselheiro(a) (4 titulares e 4 suplentes) a serem\u00a0preenchidos.<\/li>\n<\/ul>\n<p>&nbsp;<\/p>\n<p>Atenciosamente,<br \/>\nComiss\u00e3o Eleitoral<br \/>\nAntonio Carlos Hernandes<br \/>\nJos\u00e9 Antonio Eiras<\/p>\n","protected":false},"excerpt":{"rendered":"<p>Prezados s\u00f3cios da SBPMat, Informamos que, de acordo com o processo eleitoral em curso para elei\u00e7\u00e3o de Diretoria e de Conselheiros, foram inscritos e validados os nomes dos s\u00f3cios abaixo relacionados. 1) Chapa para compor a Diretoria Presidente: Prof. Roberto Mendon\u00e7a Faria (Instituto de F\u00edsica de S\u00e3o Carlos, USP, SP) Diretor Administrativo Prof. Reginaldo Muccillo [&hellip;]<\/p>\n","protected":false},"author":1,"featured_media":0,"parent":319,"menu_order":0,"comment_status":"closed","ping_status":"closed","template":"","meta":{"footnotes":""},"_links":{"self":[{"href":"https:\/\/www.sbpmat.org.br\/en\/wp-json\/wp\/v2\/pages\/327"}],"collection":[{"href":"https:\/\/www.sbpmat.org.br\/en\/wp-json\/wp\/v2\/pages"}],"about":[{"href":"https:\/\/www.sbpmat.org.br\/en\/wp-json\/wp\/v2\/types\/page"}],"author":[{"embeddable":true,"href":"https:\/\/www.sbpmat.org.br\/en\/wp-json\/wp\/v2\/users\/1"}],"replies":[{"embeddable":true,"href":"https:\/\/www.sbpmat.org.br\/en\/wp-json\/wp\/v2\/comments?post=327"}],"version-history":[{"count":4,"href":"https:\/\/www.sbpmat.org.br\/en\/wp-json\/wp\/v2\/pages\/327\/revisions"}],"predecessor-version":[{"id":331,"href":"https:\/\/www.sbpmat.org.br\/en\/wp-json\/wp\/v2\/pages\/327\/revisions\/331"}],"up":[{"embeddable":true,"href":"https:\/\/www.sbpmat.org.br\/en\/wp-json\/wp\/v2\/pages\/319"}],"wp:attachment":[{"href":"https:\/\/www.sbpmat.org.br\/en\/wp-json\/wp\/v2\/media?parent=327"}],"curies":[{"name":"wp","href":"https:\/\/api.w.org\/{rel}","templated":true}]}}