{"id":324,"date":"2012-08-16T14:35:37","date_gmt":"2012-08-16T14:35:37","guid":{"rendered":"http:\/\/sbpmat.org.br\/site\/?page_id=324"},"modified":"2012-08-16T14:35:55","modified_gmt":"2012-08-16T14:35:55","slug":"eleicoes-sbpmat-2011-plataforma-de-acao","status":"publish","type":"page","link":"https:\/\/www.sbpmat.org.br\/en\/eleicoes-sbpmat-2011\/eleicoes-sbpmat-2011-plataforma-de-acao\/","title":{"rendered":"Elei\u00e7\u00f5es SBPMat 2011 &#8211; Plataforma de a\u00e7\u00e3o"},"content":{"rendered":"<p style=\"text-align: left;\" align=\"center\">SBPMat 2012-2014<\/p>\n<p>\u00a0\u00a0\u00a0\u00a0\u00a0\u00a0\u00a0\u00a0\u00a0\u00a0\u00a0\u00a0\u00a0\u00a0\u00a0 A Sociedade Brasileira de Pesquisa em Materiais (SBPMat) nasceu no in\u00edcio do ano 2000 depois da constata\u00e7\u00e3o de que se fazia necess\u00e1ria a cria\u00e7\u00e3o de uma sociedade organizada que representasse a comunidade de pesquisadores em materiais, e que fosse um instrumento auxiliar ao desenvolvimento cient\u00edfico e tecnol\u00f3gico do Brasil. Dentro desse esp\u00edrito foram inclu\u00eddos os seguintes objetivos no estatuto da SBPMat:<\/p>\n<ul>\n<li>Contribuir com o progresso da pesquisa em materiais no Brasil, sob todos os seus aspectos.<\/li>\n<li>Estimular a natureza interdisciplinar da pesquisa de materiais em escala nacional.<\/li>\n<li>Promover e coordenar o interc\u00e2mbio de informa\u00e7\u00f5es entre indiv\u00edduos e\/ou institui\u00e7\u00f5es com interesse na interdisciplinaridade da pesquisa em materiais, incorporando as comunidades cient\u00edfico-acad\u00eamico e industrial no pa\u00eds.<\/li>\n<li>Organizar reuni\u00f5es e eventos, peri\u00f3dicos ou n\u00e3o, que reflitam e estimulem o progresso da pesquisa em materiais no Brasil.<\/li>\n<li>Constituir-se como sociedade representativa nacional e assessorar as ag\u00eancias governamentais no que tange \u00e0s pol\u00edticas e ao financiamento de pesquisa cient\u00edfica no Brasil.<\/li>\n<li>Integrar-se efetivamente na Comunidade Internacional, afiliar-se a organiza\u00e7\u00f5es da mais alta credibilidade, representativas do f\u00f3rum internacional da pesquisa em materiais, atualmente identificada como sendo a International Union of Materials Research Societies (IUMRS), colaborar ativamente com as sociedades afiliadas e promover no Brasil congressos de escala e repercuss\u00e3o internacionais referentes \u00e0 pesquisa em materiais.<\/li>\n<li>Divulgar a Ci\u00eancia e Engenharia de Materiais em todos os n\u00edveis, desde o ensino secund\u00e1rio at\u00e9 a p\u00f3s-gradua\u00e7\u00e3o, e para a sociedade em geral.\u201d<\/li>\n<\/ul>\n<p>Depois de dez anos de sua funda\u00e7\u00e3o constata-se que houve um avan\u00e7o consider\u00e1vel em alguns desses objetivos. Isso, gra\u00e7as ao esfor\u00e7o e ao trabalho de muitos diretores e conselheiros durante esses dez anos. O primeiro evento, realizado no Rio de Janeiro em 2001, contou com cerca de 300 participantes. A X SBPMat, rec\u00e9m realizada em Gramado no Rio Grande do Sul, foi brindada com cerca de 1600 inscritos. O crescimento dos eventos da SBPMat foi, portanto, extraordin\u00e1rio. Em paralelo, houve uma melhora significativa na qualidade dos trabalhos apresentados e na participa\u00e7\u00e3o de jovens pesquisadores. O encontro internacionaliza-se cada vez mais, e vem tornando-se vis\u00edvel em muitos pa\u00edses da Am\u00e9rica Latina, da Europa e da Am\u00e9rica do Norte. Atrav\u00e9s do sucesso dos eventos anuais da SBPMat pode-se avaliar o grande potencial que tem o Brasil na \u00e1rea de pesquisa em materiais, e que a atividade de pesquisa nos diversos setores de materiais continua crescendo.<br \/>\nEsse crescimento exige da SBPMat uma lideran\u00e7a que ela ainda n\u00e3o assumiu por completo. Portanto, h\u00e1 muito trabalho a ser feito para que a SBPMat venha cumprir a miss\u00e3o e os objetivos que assumiu em seu estatuto.<\/p>\n<p><strong><em>Desafios pela frente<\/em><\/strong><\/p>\n<p>Para que a SBPMat continue a promover a edi\u00e7\u00e3o anual de seu encontro com sucesso, para que incorpore mais setores acad\u00eamicos e atra\u00eda setores empresariais, para que venha a assessorar \u00f3rg\u00e3os de fomento \u00e0 pesquisa em pol\u00edticas cient\u00edficas e tecnol\u00f3gicas, para que divulgue os avan\u00e7os da Ci\u00eancia e da Tecnologia em Materiais em amplos setores da sociedade, principalmente no seio da rede de ensino do pa\u00eds, e para que projete internacionalmente a pesquisa em materiais feita no pa\u00eds, s\u00e3o necess\u00e1rias, em nossa vis\u00e3o, que a SBPMat:<\/p>\n<ul>\n<li>Crie uma estrutura s\u00f3lida e permanente, com uma sede estruturada tanto do ponto de vista de infraestrutura f\u00edsica quanto de pessoal;<\/li>\n<li>Tenha um portf\u00f3lio de servi\u00e7os a ser oferecido aos associados, a come\u00e7ar por um boletim informativo peri\u00f3dico e um servi\u00e7o online de divulga\u00e7\u00e3o de eventos e informa\u00e7\u00f5es sobre a \u00e1rea de materiais;<\/li>\n<li>Crie e fortale\u00e7a os Grupos de Trabalho dentro da SBPMat, inclusive sobre temas atuais como em Energia, Meio-Ambiente, Ind\u00fastria de Alta Intensidade Tecnol\u00f3gica, Divulga\u00e7\u00e3o Cient\u00edfica e Tecnol\u00f3gica, etc.;<\/li>\n<li>Aproxime-se de entidades de setores industriais e estabele\u00e7a parcerias visando a inova\u00e7\u00e3o na ind\u00fastria de materiais e contribua ao desenvolvimento de ind\u00fastrias de m\u00e9dia-alta e alta intensidade tecnol\u00f3gica;<\/li>\n<li>Seja uma interlocutora ativa na \u00e1rea de materiais junto a \u00f3rg\u00e3os de fomento \u00e0 pesquisa e a determinados minist\u00e9rios como o MIDC, o MME, o MCT, entre outros;<\/li>\n<li>Estreite suas rela\u00e7\u00f5es com a IUMRS e com a MRS e a EMRS.<\/li>\n<\/ul>\n<p><strong><em>A\u00e7\u00f5es imediatas<\/em><\/strong><\/p>\n<p>Os desafios listados acima n\u00e3o ser\u00e3o vencidos no horizonte de dois anos. Entretanto, a proposta de gest\u00e3o da SBPMat para o bi\u00eanio 2012-2014, por n\u00f3s estabelecida, \u00e9 de que avan\u00e7aremos o mais que puder para consolidar definitivamente a SBPMat enquanto sociedade influente no desenvolvimento do pa\u00eds. Para isso, pretendemos:<\/p>\n<ul>\n<li>Aumentar o n\u00famero de s\u00f3cios contribuintes, em todas as suas categorias: Titular, Aspirantes, Institucional e Patrocinador;<\/li>\n<li>Tornar a SBPMat mais ativa junto aos seus associados, oferecendo um Boletim Informativo peri\u00f3dico, cursos de interesses acad\u00eamicos e empresariais, e um portal interativo junto aos associados e \u00e0 sociedade em geral;<\/li>\n<li>Organizar e patrocinar cursos sobre temas contempor\u00e2neos na \u00e1rea de Materiais;<\/li>\n<li>Discutir junto com o Conselho Deliberativo a estrutura\u00e7\u00e3o f\u00edsica da SBPMat, e encaminhamento das decis\u00f5es a serem tomadas;<\/li>\n<li>Internacionalizar cada vez mais o encontro anual da SBPMat e realizar sess\u00f5es de interesse de setores industriais do pa\u00eds.<\/li>\n<\/ul>\n","protected":false},"excerpt":{"rendered":"<p>SBPMat 2012-2014 \u00a0\u00a0\u00a0\u00a0\u00a0\u00a0\u00a0\u00a0\u00a0\u00a0\u00a0\u00a0\u00a0\u00a0\u00a0 A Sociedade Brasileira de Pesquisa em Materiais (SBPMat) nasceu no in\u00edcio do ano 2000 depois da constata\u00e7\u00e3o de que se fazia necess\u00e1ria a cria\u00e7\u00e3o de uma sociedade organizada que representasse a comunidade de pesquisadores em materiais, e que fosse um instrumento auxiliar ao desenvolvimento cient\u00edfico e tecnol\u00f3gico do Brasil. Dentro desse esp\u00edrito [&hellip;]<\/p>\n","protected":false},"author":1,"featured_media":0,"parent":319,"menu_order":0,"comment_status":"closed","ping_status":"closed","template":"","meta":{"footnotes":""},"_links":{"self":[{"href":"https:\/\/www.sbpmat.org.br\/en\/wp-json\/wp\/v2\/pages\/324"}],"collection":[{"href":"https:\/\/www.sbpmat.org.br\/en\/wp-json\/wp\/v2\/pages"}],"about":[{"href":"https:\/\/www.sbpmat.org.br\/en\/wp-json\/wp\/v2\/types\/page"}],"author":[{"embeddable":true,"href":"https:\/\/www.sbpmat.org.br\/en\/wp-json\/wp\/v2\/users\/1"}],"replies":[{"embeddable":true,"href":"https:\/\/www.sbpmat.org.br\/en\/wp-json\/wp\/v2\/comments?post=324"}],"version-history":[{"count":2,"href":"https:\/\/www.sbpmat.org.br\/en\/wp-json\/wp\/v2\/pages\/324\/revisions"}],"predecessor-version":[{"id":326,"href":"https:\/\/www.sbpmat.org.br\/en\/wp-json\/wp\/v2\/pages\/324\/revisions\/326"}],"up":[{"embeddable":true,"href":"https:\/\/www.sbpmat.org.br\/en\/wp-json\/wp\/v2\/pages\/319"}],"wp:attachment":[{"href":"https:\/\/www.sbpmat.org.br\/en\/wp-json\/wp\/v2\/media?parent=324"}],"curies":[{"name":"wp","href":"https:\/\/api.w.org\/{rel}","templated":true}]}}