{"id":1620,"date":"2013-10-15T14:55:24","date_gmt":"2013-10-15T17:55:24","guid":{"rendered":"http:\/\/sbpmat.org.br\/?page_id=1620"},"modified":"2014-03-26T11:34:38","modified_gmt":"2014-03-26T14:34:38","slug":"eleicoes-2013","status":"publish","type":"page","link":"https:\/\/www.sbpmat.org.br\/en\/eleicoes\/eleicoes-2013\/","title":{"rendered":"2013 elections"},"content":{"rendered":"<p><\/p>\n<p><strong>N\u00c3O DEIXE DE VOTAR AT\u00c9 O DIA 16\/12!<\/strong><\/p>\n<p>A vota\u00e7\u00e3o ocorre aqui em nosso site.<\/p>\n<p>&#8211; Entre na <strong>\u00e1rea de s\u00f3cios<\/strong>, colocando seu usu\u00e1rio (e-mail) e senha acima \u00e0 direita da <strong>p\u00e1gina inicial<\/strong>. Se voc\u00ea n\u00e3o se lembra da senha, clique em &#8220;Esqueci a senha&#8221;.<\/p>\n<p>&#8211; Entre na op\u00e7\u00e3o: &#8220;Clique aqui para efetuar seu voto para Diretoria e Conselho&#8221;.<\/p>\n<p>&#8211; Vote.<\/p>\n<p>&#8212;&#8212;&#8212;&#8212;&#8212;&#8212;&#8212;&#8212;&#8212;&#8212;&#8212;&#8212;&#8212;&#8212;&#8212;&#8212;&#8212;&#8212;&#8212;&#8212;&#8212;&#8212;&#8212;&#8212;&#8212;&#8212;&#8212;&#8211;<\/p>\n<p><strong>Resultados da chamada a candidaturas, encerrada em 20 de novembro<\/strong><\/p>\n<p><strong>Candidatos ao conselho<\/strong><\/p>\n<ul>\n<li><a href=\"http:\/\/lattes.cnpq.br\/5050955206618507\" target=\"_blank\"><strong>Antonio Jos\u00e9 F\u00e9lix de Carvalho<\/strong><\/a>, professor associado, USP &#8211; Escola de Engenharia de S\u00e3o Carlos &#8211; Engenharia de Materiais.<\/li>\n<li><a href=\"http:\/\/lattes.cnpq.br\/8785084711227475\" target=\"_blank\"><strong>Daniel Zanetti de Florio<\/strong><\/a>, professor, UFABC &#8211; Depto. CECS.<\/li>\n<li><a href=\" http:\/\/lattes.cnpq.br\/1635688279204731\" target=\"_blank\"><strong>Jos\u00e9 Alberto Giacometti<\/strong><\/a>, professor visitante, USP &#8211; Depto. de F\u00edsica e Ci\u00eancia dos Materiais.<\/li>\n<li><a href=\" http:\/\/lattes.cnpq.br\/6653223814715498\" target=\"_blank\"><strong>Jose Antonio Eiras<\/strong><\/a>, professor associado, UFSCAR &#8211; Depto. de F\u00edsica.<\/li>\n<li><a href=\"http:\/\/lattes.cnpq.br\/7607651111619269\" target=\"_blank\"><strong>Neri Alves<\/strong><\/a>, professor, UNESP &#8211; Faculdade de Ci\u00eancias e Tecnologia de Presidente Prudente.<\/li>\n<li><a href=\" http:\/\/lattes.cnpq.br\/5001961173227820\" target=\"_blank\"><strong>Signo T. Reis<\/strong><\/a>, pesquisador associado, Missouri University of Science and Tecnhonogy &#8211; Depto. de Ci\u00eancia dos Materiais.<\/li>\n<li><a href=\"http:\/\/lattes.cnpq.br\/8352729945264815\" target=\"_blank\"><strong>Thebano Emilio de Almeida Santos<\/strong><\/a>, tecnologista senior, Centro de Tecnologia da Informa\u00e7\u00e3o Renato Archer.<\/li>\n<li><a href=\" http:\/\/lattes.cnpq.br\/4073581583592013\" target=\"_blank\"><strong>Ubirajara Pereira Rodrigues Filho<\/strong><\/a>, professor livre docente, USP &#8211; Instituto de Qu\u00edmica de S\u00e3o Carlos.<\/li>\n<\/ul>\n<p>Al\u00e9m dos candidatos relacionados acima informamos que todos os s\u00f3cios da SBPMat que se encontrem em situa\u00e7\u00e3o regular s\u00e3o eleg\u00edveis e podem ser votados.<\/p>\n<p>Nesta elei\u00e7\u00e3o estaremos renovando 5 membros do conselho (4 titulares e 1 suplente). Assim, os eleitores podem votar em at\u00e9 5 nomes para o conselho. Os 4 nomes mais votados ser\u00e3o eleitos membros titulares e o quinto nome ser\u00e1 eleito como suplente. Caso seja eleito algum s\u00f3cio que n\u00e3o tenha se inscrito como candidato, a homologa\u00e7\u00e3o de seu nome depender\u00e1 do seu aceite.<\/p>\n<p><strong>Chapa candidata \u00e0 diretoria<\/strong><\/p>\n<p><strong>Presidente:<br \/>\n<a href=\"http:\/\/lattes.cnpq.br\/1426399772341383\" target=\"_blank\">Roberto Mendon\u00e7a Faria<\/a><\/strong>, professor titular, USP &#8211; Instituto de F\u00edsica de S\u00e3o Carlos.<\/p>\n<p><strong>Diretora administrativa:<\/strong><br \/>\n<a href=\"http:\/\/lattes.cnpq.br\/7060067415685353\" target=\"_blank\"><strong>I\u00eada Maria Garcia dos Santos<\/strong><\/a>, professora associada II, Universidade Federal da Para\u00edba &#8211; Centro de Ci\u00eancias Exatas e da Natureza.<\/p>\n<p><strong>Diretor financeiro:<\/strong><br \/>\n<strong><a href=\"http:\/\/lattes.cnpq.br\/8194466311190528\" target=\"_blank\">Marco Cremona<\/a>,<\/strong> professor associado I, PUC-Rio &#8211; Departamento de F\u00edsica.<\/p>\n<p><strong>Diretores cient\u00edficos:<\/strong><br \/>\n<a href=\"http:\/\/lattes.cnpq.br\/3233942511496583\" target=\"_blank\"><strong>Maria Aparecida Zaghete<\/strong><\/a>, professora titular, UNESP &#8211; Araraquara &#8211; Departamento de Bioqu\u00edmica e Tecnologia Qu\u00edmica.<br \/>\n<a href=\"http:\/\/lattes.cnpq.br\/0576192110271130\" target=\"_blank\"><strong>Rodrigo Fernando Bianchi<\/strong><\/a>, professor adjunto, UFOP &#8211; Depto de F\u00edsica.<br \/>\n<a href=\"http:\/\/lattes.cnpq.br\/6284168579617066\" target=\"_blank\"><strong>Julio Ricardo Sambrano<\/strong><\/a>, professor assistente II, UNESP &#8211; Faculdade de Ci\u00eancias.<br \/>\n<a href=\"http:\/\/lattes.cnpq.br\/5769183900819062\" target=\"_blank\"><strong>Andr\u00e9 Avelino Pasa<\/strong><\/a>, professor associado III, Universidade Federal de Santa Catarina &#8211; Depto de F\u00edsica.<\/p>\n<p>&#8212;&#8212;&#8212;&#8212;&#8212;&#8212;&#8212;&#8212;&#8212;&#8212;&#8212;&#8212;&#8212;&#8212;&#8212;&#8212;&#8212;&#8212;&#8212;&#8212;&#8212;&#8212;&#8212;&#8212;&#8212;&#8212;&#8212;&#8212;&#8212;-<\/p>\n<p><strong>Datas importantes<\/strong><\/p>\n<p>&#8211; As candidaturas devem ser <strong>submetidas<\/strong> no per\u00edodo de <strong>21\/10\/2013 a 20\/11\/2013<\/strong> .<br \/>\n&#8211; A\u00a0<strong>homologa\u00e7\u00e3o<\/strong> de candidaturas ocorrer\u00e1 no per\u00edodo de <strong>21\/10 a 23\/11<\/strong> (assim que forem sendo submetidas) com comunica\u00e7\u00e3o a eventuais candidatos n\u00e3o homologados com <strong>recurso at\u00e9 o dia 27\/11<\/strong>.<br \/>\n&#8211; A\u00a0<strong>elei\u00e7\u00e3o<\/strong> ser\u00e1 no per\u00edodo de <strong>29\/11\/2013 a <span style=\"color: #ff0000;\">16\/12\/2013<\/span><\/strong>.<\/p>\n<p><strong><a href=\"http:\/\/sbpmat.org.br\/site\/wp-content\/uploads\/2013\/10\/2013-elei\u00e7\u00f5es.pdf\" target=\"_blank\">Veja a chamada de candidaturas.<\/a><\/strong><\/p>\n<p><\/p>","protected":false},"excerpt":{"rendered":"<p>N\u00c3O DEIXE DE VOTAR AT\u00c9 O DIA 16\/12! A vota\u00e7\u00e3o ocorre aqui em nosso site. &#8211; Entre na \u00e1rea de s\u00f3cios, colocando seu usu\u00e1rio (e-mail) e senha acima \u00e0 direita da p\u00e1gina inicial. Se voc\u00ea n\u00e3o se lembra da senha, clique em &#8220;Esqueci a senha&#8221;. &#8211; Entre na op\u00e7\u00e3o: &#8220;Clique aqui para efetuar seu voto [&hellip;]<\/p>\n","protected":false},"author":4,"featured_media":0,"parent":317,"menu_order":0,"comment_status":"open","ping_status":"closed","template":"","meta":{"footnotes":""},"_links":{"self":[{"href":"https:\/\/www.sbpmat.org.br\/en\/wp-json\/wp\/v2\/pages\/1620"}],"collection":[{"href":"https:\/\/www.sbpmat.org.br\/en\/wp-json\/wp\/v2\/pages"}],"about":[{"href":"https:\/\/www.sbpmat.org.br\/en\/wp-json\/wp\/v2\/types\/page"}],"author":[{"embeddable":true,"href":"https:\/\/www.sbpmat.org.br\/en\/wp-json\/wp\/v2\/users\/4"}],"replies":[{"embeddable":true,"href":"https:\/\/www.sbpmat.org.br\/en\/wp-json\/wp\/v2\/comments?post=1620"}],"version-history":[{"count":13,"href":"https:\/\/www.sbpmat.org.br\/en\/wp-json\/wp\/v2\/pages\/1620\/revisions"}],"predecessor-version":[{"id":1623,"href":"https:\/\/www.sbpmat.org.br\/en\/wp-json\/wp\/v2\/pages\/1620\/revisions\/1623"}],"up":[{"embeddable":true,"href":"https:\/\/www.sbpmat.org.br\/en\/wp-json\/wp\/v2\/pages\/317"}],"wp:attachment":[{"href":"https:\/\/www.sbpmat.org.br\/en\/wp-json\/wp\/v2\/media?parent=1620"}],"curies":[{"name":"wp","href":"https:\/\/api.w.org\/{rel}","templated":true}]}}