{"id":1356,"date":"2013-06-24T18:23:55","date_gmt":"2013-06-24T21:23:55","guid":{"rendered":"http:\/\/sbpmat.org.br\/?page_id=1356"},"modified":"2014-03-26T11:33:49","modified_gmt":"2014-03-26T14:33:49","slug":"mensagem-a-comunidade-de-novembro-de-2000","status":"publish","type":"page","link":"https:\/\/www.sbpmat.org.br\/en\/historico\/mensagem-a-comunidade-de-novembro-de-2000\/","title":{"rendered":"Message to the community about SBPMat creation (November, 2000)."},"content":{"rendered":"<p><\/p>\n<p>A seguinte mensagem foi divulgada por e-mail \u00e0 comunidade de pesquisa em Materiais em novembro de 2000.<\/p>\n<p>&#8212;&#8212;&#8212;&#8212;&#8212;&#8212;&#8212;&#8212;&#8212;&#8212;&#8212;&#8212;&#8212;&#8212;-<\/p>\n<p>A id\u00e9ia de fundar uma Sociedade Brasileira de Materiais vem sendo discutida ao longo dos anos, mas de forma setorizada e descoordenada. Em algumas ocasi\u00f5es, como nos CBECIMAT, iniciativas foram apontadas, mas n\u00e3o tiveram continuidade. Entretanto, tem crescido progressivamente na comunidade brasileira o contingente de pesquisadores de materiais e, consequentemente, a necessidade de se congregarem numa sociedade cient\u00edfica interdisciplinar. Mais recentemente, em 1998, na ocasi\u00e3o do evento denominado \u201c<em>Frontiers in Materials Research, Technology and Education, A Workshop to Advance Pan-American Collaboration<\/em>\u201d, realizado no Rio de Janeiro sob co-patroc\u00ednio da <em>National Science Fundation<\/em>, NSF, e do CNPq, ficou evidente a falta que fazia \u00e0 comunidade brasileira de materiais n\u00e3o dispor de uma sociedade cient\u00edfica organizada e que a representasse. Tal fato n\u00e3o ocorria com as outras delega\u00e7\u00f5es desse evento Pan-Americano, como as dos EUA, do M\u00e9xico e da Argentina. A pr\u00f3pria comunidade internacional da \u00e1rea tem manifestado surpresa com a inexist\u00eancia deste tipo de sociedade no Brasil. Motivados em superar esta defici\u00eancia e contribuir para a organiza\u00e7\u00e3o da pesquisa de materiais no Brasil, nos propusemos a coordenar as atividades que visam \u00e0 funda\u00e7\u00e3o desta sociedade cient\u00edfica. Recebemos o incentivo do CNPq assim como o de entidades internacionais vinculadas \u00e0 pesquisa de materiais.<\/p>\n<p>Em abril do presente ano foi enviado por e-mail, com base em uma mailing list de pesquisadores de materiais fornecida pelo CNPq, um convite para a funda\u00e7\u00e3o da SBPMat. Aquela carta-convite apresentava a motiva\u00e7\u00e3o para cristalizar esta id\u00e9ia, o formato desta nova sociedade &#8211; genuinamente INTERDISCIPLINAR, voltada para os interesses de PESQUISA em MATERIAIS no Brasil &#8211; e o incentivo que t\u00ednhamos recebido por parte da comunidade nacional e internacional. A carta trazia anexo o apoio manifestado pelo CNPq e por entidades internacionais.<\/p>\n<p>A repercuss\u00e3o a este convite foi altamente encorajadora, a julgar pelos e-mails de apoio e entusiasmo recebidos em resposta. No m\u00eas seguinte, fomos solicitados a dar divulga\u00e7\u00e3o desta iniciativa durante o \u201cEncontro de F\u00edsica da Mat\u00e9ria Condensada\u201d, onde tamb\u00e9m houve manifesta\u00e7\u00f5es, todas favor\u00e1veis a esta iniciativa. No final do mesmo m\u00eas, foi emitida uma segunda circular, com base no mesmo mailing list, dando a conhecer a r\u00e1pida e positiva evolu\u00e7\u00e3o desta empreitada. Na ocasi\u00e3o, se mencionava a possibilidade de divulgar a proposta cria\u00e7\u00e3o da SBPMat na home page dos eventos CBECIMAT\/ MICROMAT, programados para final deste ano. Em junho, foi emitida uma terceira circular para um mailing list mais abrangente que os anteriores, acompanhada de uma ficha eletr\u00f4nica de cadastro, destinada a divulgar os objetivos b\u00e1sicos da SBPMat e identificar o perfil dos potenciais membros (futuros afiliados) com base num amplo question\u00e1rio de palavras-chaves. A resposta tamb\u00e9m foi excelente, embora nem toda a comunidade tenha tido acesso a esta divulga\u00e7\u00e3o, em virtude de n\u00e3o termos conseguido disponibilizar este cadastro no site do CBECIMAT.<\/p>\n<p>J\u00e1 recebemos mais de trezentos e-mails com cadastros de pr\u00e9-afilia\u00e7\u00e3o \u00e0 SBPMat ou com mensagens, quase todas favor\u00e1veis a este empreendimento (somente dois ou tr\u00eas apresentavam cr\u00edticas). Na tentativa de otimizar v\u00e1rias sugest\u00f5es, duas iniciativas iniciais foram programadas, a saber:<br \/>\na) Realiza\u00e7\u00e3o de reuni\u00f5es regionais de discuss\u00e3o\/ promo\u00e7\u00e3o da SBPMat;<br \/>\nb) Forma\u00e7\u00e3o de uma \u201cComiss\u00e3o Interdisciplinar de Materiais\u201d, CIM, constitu\u00edda por pesquisadores de representatividade no cen\u00e1rio nacional, dispostos a nos auxiliar nesta empreitada (listados abaixo).<\/p>\n<p><strong>I. Reuni\u00f5es Regionais J\u00e1 Realizadas<\/strong><br \/>\nAs seguintes Reuni\u00f5es Regionais sobre a cria\u00e7\u00e3o da SBPMat foram divulgadas e realizadas:<br \/>\n&#8211; Rio de Janeiro, RJ, na PUC-Rio, em 28\/08\/00;<br \/>\n&#8211; S\u00e3o Paulo, SP, no IPEN, em 31\/08\/00;<br \/>\n&#8211; Belo Horizonte, MG, na UFMG, em 01\/09\/00;<br \/>\n&#8211; Recife, PE, na UFPE, em 28\/08\/00;<br \/>\n&#8211; Canela, RS, durante o \u201cCongresso IBMM 2000\u201d, em 07\/09\/00;<br \/>\n&#8211; Florian\u00f3polis, SC, na UFSC, em 11\/09\/00;<br \/>\n&#8211; Joinville, SC, durante o \u201cCongresso SULMAT 2000\u201d, em 12\/09\/00;<br \/>\n&#8211; S\u00e3o Carlos, SP, no DEMa\/ UFSCar, em 22\/09\/00.<br \/>\nTodas essas reuni\u00f5es t\u00eam sido altamente positivas. Por um lado, evidenciaram o entusiasmo da comunidade nesta empreitada e, por outro lado, possibilitaram a discuss\u00e3o e o esclarecimento de pontos ainda pol\u00eamicos, assim como a apresenta\u00e7\u00e3o de sugest\u00f5es.<\/p>\n<p><strong>II. Comiss\u00e3o Interdisciplinar de Materiais<\/strong><br \/>\nEsta comiss\u00e3o foi sugerida por v\u00e1rios colegas. Foi constitu\u00edda por pesquisadores de lideran\u00e7a e express\u00e3o, partid\u00e1rios dessa iniciativa de fundar a SBPMat e, ao mesmo tempo, representativa das diversas regi\u00f5es do pa\u00eds e das diferentes \u00e1reas de pesquisa em materiais, incorporando engenheiros, f\u00edsicos e qu\u00edmicos, a saber:<br \/>\nAldo Craievich (USP)<br \/>\nAlo\u00edsio Klein (UFSC)<br \/>\nAngelo Padilha (USP)<br \/>\nEdgar Zanotto (UFSCar)<br \/>\nElisa Baggio Saitovitch (CBPF)<br \/>\nElson Longo (UFSCar)<br \/>\nEvando Mirra de Paula e Silva (CNPq)<br \/>\nFernanda Coutinho (IMA)<br \/>\nFernando Galembeck (UNICAMP)<br \/>\nFernando L\u00e1zaro (PUC-Rio)<br \/>\nGuillermo Sol\u00f3rzano (PUC-Rio)<br \/>\nJos\u00e9 A. Eiras (UFSCar)<br \/>\nJos\u00e9 Arana Varela (UNESP)<br \/>\nLuis Henrique de Almeida (UFRJ)<br \/>\nMoni Behar (UFRGS)<br \/>\nRenato Jardim (USP)<br \/>\nRoberto Villas B\u00f4as (CETEM)<br \/>\nSergio M. Rezende (UFPE)<br \/>\nWander Vasconcelos (UFMG)<br \/>\nEsta comiss\u00e3o poder\u00e1 ser enriquecida com a participa\u00e7\u00e3o de outros colegas de setores\/ regi\u00f5es ainda n\u00e3o representados e que estejam motivados a se engajar na funda\u00e7\u00e3o da SBPMat.<\/p>\n<p><strong>III. Objetivos da SBPMat<\/strong><br \/>\nCom base na proposta inicial e nas contribui\u00e7\u00f5es das diferentes reuni\u00f5es setoriais, os seguintes objetivos gerais foram consolidados para a SBPMat :<br \/>\n1. Contribuir para o progresso da pesquisa em materiais no Brasil, sob todos os seus aspectos.<br \/>\n2. Estimular a natureza interdisciplinar da pesquisa de materiais em escala nacional.<br \/>\n3. Promover e coordenar o interc\u00e2mbio de informa\u00e7\u00f5es entre indiv\u00edduos e\/ou institui\u00e7\u00f5es com interesse na interdisciplinaridade da pesquisa em materiais, incorporando as comunidades cient\u00edfico-acad\u00eamica e industrial no pa\u00eds.<br \/>\n4. Organizar reuni\u00f5es e eventos, peri\u00f3dicos ou n\u00e3o, que reflitam e estimulem o progresso da pesquisa em materiais no Brasil.<br \/>\n5. Constituir-se como sociedade representativa nacional e assessorar as ag\u00eancias governamentais no que tange a pol\u00edtica e financiamento de pesquisa cient\u00edfica no Brasil.<br \/>\n6. Integrar-se efetivamente \u00e0 comunidade internacional da \u00e1rea, colaborar ativamente com as sociedades afiliadas \u00e0 IUMRS e promover no Brasil congressos de escala e repercuss\u00e3o internacionais referentes \u00e0 pesquisa em materiais.<br \/>\n7. Divulgar a Ci\u00eancia e Engenharia de Materiais em todos os n\u00edveis, desde o ensino secund\u00e1rio at\u00e9 a p\u00f3s\u2013gradua\u00e7\u00e3o, e \u00e0 sociedade em geral.<\/p>\n<p><strong>IV. Oportunidade do CBECIMAT<\/strong><br \/>\nTendo em vista a realiza\u00e7\u00e3o do CBECIMAT, juntamente com o MICROMAT, no pr\u00f3ximo m\u00eas de dezembro, quando devem estar congregados centenas de pesquisadores de materiais, gostar\u00edamos de aproveitar esta oportunidade para divulgar a funda\u00e7\u00e3o da SBPMat e convidar aos presentes a participar na cria\u00e7\u00e3o desta nova sociedade. Em virtude da tradi\u00e7\u00e3o do CBECIMAT, se espera atingir um elenco altamente representativo em escala nacional. Embora v\u00e1rios dos presentes devam j\u00e1 estar informados e engajados nessa empreitada, acordamos com os organizadores desses eventos dar a conhecer aos participantes a proposta consolidada de funda\u00e7\u00e3o da SBPMat, num hor\u00e1rio e local a serem especialmente reservados a esta finalidade. Esta reuni\u00e3o dever\u00e1 apresentar e discutir os seguintes pontos:<br \/>\n&#8211; Objetivos gerais.<br \/>\n&#8211; Proposta de anuidades.<br \/>\n&#8211; Mecanismos para viabilizar objetivos.<br \/>\n&#8211; Propostas de comiss\u00f5es para levar a efeito diferentes iniciativas de interesse da comunidade.<br \/>\n&#8211; Formato de eventos, simposia, congressos, workshops e cursos patrocinados pela SBPMat.<br \/>\n&#8211; Participa\u00e7\u00e3o do setor industrial.<br \/>\n&#8211; Incentivo ao ensino em materiais a n\u00edvel pr\u00e9 e p\u00f3s universit\u00e1rio.<br \/>\n&#8211; Proposta de regionais da SBPMat.<br \/>\n&#8211; Apresenta\u00e7\u00e3o do modelo de estatutos da SBPMat.<br \/>\n&#8211; Apresenta\u00e7\u00e3o da comiss\u00e3o \u201cpro tempore\u201d, para dirigir a SBPMat, enquanto os estatutos s\u00e3o consolidados at\u00e9 a convoca\u00e7\u00e3o de elei\u00e7\u00f5es.<br \/>\n&#8211; Cronograma para funda\u00e7\u00e3o e registro da SBPMat.<\/p>\n<p><strong>V. Cronograma para funda\u00e7\u00e3o e registro da SBPMat<\/strong><br \/>\n&#8211; Vers\u00e3o definitiva dos estatutos e regimento da SBPMat, no per\u00edodo dezembro\/ 2000 a fevereiro\/ 2001.<br \/>\n&#8211; Convoca\u00e7\u00e3o de assembl\u00e9ia de funda\u00e7\u00e3o, visando mar\u00e7o\/ 2001.<br \/>\n&#8211; Registro da SBPMat, mar\u00e7o\/ 2001.<br \/>\n&#8211; Divulga\u00e7\u00e3o ampla junto \u00e0 comunidade para afilia\u00e7\u00e3o e recolhimento de anuidades, a partir de abril\/ 2001.<br \/>\n&#8211; In\u00edcio das atividades programadas para 2001 e preparativos para 2002.<\/p>\n<table id=\"table1\" width=\"100%\" border=\"0\" cellpadding=\"0\">\n<tbody>\n<tr>\n<td width=\"50%\">\n<p align=\"center\"><span style=\"font-size: 12px; line-height: 18px;\">Guillermo Sol\u00f3rzano<br \/>\nDCMM\/PUC-Rio<br \/>\nguilsol@dcmm.com.br<\/span><\/p>\n<\/td>\n<td valign=\"top\" width=\"50%\">\n<p align=\"center\"><span style=\"font-size: 12px; line-height: 18px;\">Edgar Zanotto<br \/>\nDEMa \u2013 UFSCar<br \/>\ndedz@power.ufscar.br<\/span><\/p>\n<div><span style=\"font-size: 12px; line-height: 18px;\"><br \/>\n<\/span><\/div>\n<\/td>\n<\/tr>\n<\/tbody>\n<\/table>\n<p><\/p>","protected":false},"excerpt":{"rendered":"<p>A seguinte mensagem foi divulgada por e-mail \u00e0 comunidade de pesquisa em Materiais em novembro de 2000. &#8212;&#8212;&#8212;&#8212;&#8212;&#8212;&#8212;&#8212;&#8212;&#8212;&#8212;&#8212;&#8212;&#8212;- A id\u00e9ia de fundar uma Sociedade Brasileira de Materiais vem sendo discutida ao longo dos anos, mas de forma setorizada e descoordenada. Em algumas ocasi\u00f5es, como nos CBECIMAT, iniciativas foram apontadas, mas n\u00e3o tiveram continuidade. Entretanto, tem [&hellip;]<\/p>\n","protected":false},"author":4,"featured_media":0,"parent":19,"menu_order":0,"comment_status":"open","ping_status":"closed","template":"","meta":{"footnotes":""},"_links":{"self":[{"href":"https:\/\/www.sbpmat.org.br\/en\/wp-json\/wp\/v2\/pages\/1356"}],"collection":[{"href":"https:\/\/www.sbpmat.org.br\/en\/wp-json\/wp\/v2\/pages"}],"about":[{"href":"https:\/\/www.sbpmat.org.br\/en\/wp-json\/wp\/v2\/types\/page"}],"author":[{"embeddable":true,"href":"https:\/\/www.sbpmat.org.br\/en\/wp-json\/wp\/v2\/users\/4"}],"replies":[{"embeddable":true,"href":"https:\/\/www.sbpmat.org.br\/en\/wp-json\/wp\/v2\/comments?post=1356"}],"version-history":[{"count":5,"href":"https:\/\/www.sbpmat.org.br\/en\/wp-json\/wp\/v2\/pages\/1356\/revisions"}],"predecessor-version":[{"id":1425,"href":"https:\/\/www.sbpmat.org.br\/en\/wp-json\/wp\/v2\/pages\/1356\/revisions\/1425"}],"up":[{"embeddable":true,"href":"https:\/\/www.sbpmat.org.br\/en\/wp-json\/wp\/v2\/pages\/19"}],"wp:attachment":[{"href":"https:\/\/www.sbpmat.org.br\/en\/wp-json\/wp\/v2\/media?parent=1356"}],"curies":[{"name":"wp","href":"https:\/\/api.w.org\/{rel}","templated":true}]}}